{"id":90295,"date":"2019-11-11T10:08:30","date_gmt":"2019-11-11T10:08:30","guid":{"rendered":"https:\/\/www.3p-gmbh.de\/produkt\/jungheinrich-ant-jf\/"},"modified":"2019-11-11T10:08:30","modified_gmt":"2019-11-11T10:08:30","slug":"jungheinrich-ameise-jf","status":"publish","type":"product","link":"https:\/\/www.3p-gmbh.de\/pt-br\/produkt\/jungheinrich-ameise-jf\/","title":{"rendered":"Jungheinrich Ant JF"},"content":{"rendered":"<p>-Empilhador de tesoura Ant\u00ae com barra de tra\u00e7\u00e3o premium.<br \/>\n-capacidade de carga 1000kg<br \/>\n-Eleva\u00e7\u00e3o r\u00e1pida manual, eleva\u00e7\u00e3o at\u00e9 uma altura ergon\u00f3mica de 80 cm (borda superior do garfo) por meio de &#8211; curso da barra de tra\u00e7\u00e3o\/pedal.<br \/>\n&#8211; Baixas sens\u00edveis.<\/p>\n<p>Os rolos de garfo simples s\u00e3o feitos de nylon: funcionamento suave e resistente ao desgaste<br \/>\n\u00c2ngulo de viragem 2 x 90\u00b0: viragem confort\u00e1vel do empilhador de tesoura<\/p>\n","protected":false},"excerpt":{"rendered":"<p>-Empilhador de tesoura Ant\u00ae com barra de tra\u00e7\u00e3o premium. -capacidade de carga 1000kg -Eleva\u00e7\u00e3o r\u00e1pida manual, eleva\u00e7\u00e3o at\u00e9 uma altura ergon\u00f3mica de 80 cm (borda superior do garfo) por meio de &#8211; curso da barra de tra\u00e7\u00e3o\/pedal. &#8211; Baixas sens\u00edveis. Os rolos de garfo simples s\u00e3o feitos de nylon: funcionamento suave e resistente ao desgaste [&hellip;]<\/p>\n","protected":false},"featured_media":74655,"template":"","meta":[],"product_brand":[],"product_cat":[2860],"product_tag":[],"class_list":{"0":"post-90295","1":"product","2":"type-product","3":"status-publish","4":"has-post-thumbnail","6":"product_cat-camioes-industriais","7":"pa_hersteller-jungheinrich","8":"pa_typ-ameise-jf","10":"first","11":"instock","12":"taxable","13":"shipping-taxable","14":"purchasable","15":"product-type-simple"},"jetpack_sharing_enabled":true,"_links":{"self":[{"href":"https:\/\/www.3p-gmbh.de\/pt-br\/wp-json\/wp\/v2\/product\/90295","targetHints":{"allow":["GET"]}}],"collection":[{"href":"https:\/\/www.3p-gmbh.de\/pt-br\/wp-json\/wp\/v2\/product"}],"about":[{"href":"https:\/\/www.3p-gmbh.de\/pt-br\/wp-json\/wp\/v2\/types\/product"}],"wp:featuredmedia":[{"embeddable":true,"href":"https:\/\/www.3p-gmbh.de\/pt-br\/wp-json\/wp\/v2\/media\/74655"}],"wp:attachment":[{"href":"https:\/\/www.3p-gmbh.de\/pt-br\/wp-json\/wp\/v2\/media?parent=90295"}],"wp:term":[{"taxonomy":"product_brand","embeddable":true,"href":"https:\/\/www.3p-gmbh.de\/pt-br\/wp-json\/wp\/v2\/product_brand?post=90295"},{"taxonomy":"product_cat","embeddable":true,"href":"https:\/\/www.3p-gmbh.de\/pt-br\/wp-json\/wp\/v2\/product_cat?post=90295"},{"taxonomy":"product_tag","embeddable":true,"href":"https:\/\/www.3p-gmbh.de\/pt-br\/wp-json\/wp\/v2\/product_tag?post=90295"}],"curies":[{"name":"wp","href":"https:\/\/api.w.org\/{rel}","templated":true}]}}