{"id":90291,"date":"2019-11-11T09:14:23","date_gmt":"2019-11-11T09:14:23","guid":{"rendered":"https:\/\/www.3p-gmbh.de\/produkt\/maquina-de-agrafar-ernst-nagel-rinak-maquina-de-agrafar-electrica-de-cabeca-unica\/"},"modified":"2019-11-11T09:14:23","modified_gmt":"2019-11-11T09:14:23","slug":"grampeador-eletrico-de-cabeca-unica-ernst-nagel-rinak-stapler","status":"publish","type":"product","link":"https:\/\/www.3p-gmbh.de\/pt-br\/produkt\/grampeador-eletrico-de-cabeca-unica-ernst-nagel-rinak-stapler\/","title":{"rendered":"M\u00e1quina de agrafar Ernst NAGEL RINAK &#8211; m\u00e1quina de agrafar el\u00e9ctrica de cabe\u00e7a \u00fanica"},"content":{"rendered":"<p>para coser em bloco e coser em sela para a produ\u00e7\u00e3o de cadernos<\/p>\n<p>para costura em bloco e em sela at\u00e9 4 mm<\/p>\n<p>Agrafagem em bloco: at\u00e9 4 mm aprox. 40 folhas (papel de 80 g)<br \/>\nCadernos: at\u00e9 3 mm aprox. 30 folhas (papel de 80 g)<br \/>\nAgrafos: 26\/6, 26\/8S, Ri 26\/6<br \/>\nA mesa de alimenta\u00e7\u00e3o pode ser convertida para costura em bloco ou em sela atrav\u00e9s de uma simples inclina\u00e7\u00e3o<br \/>\nResist\u00eancia ao impacto da cabe\u00e7a de costura ajust\u00e1vel<br \/>\nBatente lateral regul\u00e1vel<br \/>\nM\u00e1quina de mesa para fixa\u00e7\u00e3o no tampo da mesa<br \/>\nCapacidade do carregador de agrafos: 210 unidades<br \/>\nProfundidade de inser\u00e7\u00e3o: 30 mm (para costura em bloco)<br \/>\nLiga\u00e7\u00e3o: 230 V \/ 50 Hz<\/p>\n","protected":false},"excerpt":{"rendered":"<p><a href=\"http:\/\/www.3p-gmbh.de\/wp-content\/uploads\/2019\/11\/nagel-rinak-enak-deutsch.pdf\">nail rinak enak alem\u00e3o<\/a><\/p>\n","protected":false},"featured_media":74646,"template":"","meta":[],"product_brand":[],"product_cat":[2996],"product_tag":[],"class_list":{"0":"post-90291","1":"product","2":"type-product","3":"status-publish","4":"has-post-thumbnail","6":"product_cat-maquinas-de-agrafar","7":"pa_hersteller-ernst-nagel","8":"pa_typ-rinak","10":"first","11":"instock","12":"taxable","13":"shipping-taxable","14":"purchasable","15":"product-type-simple"},"jetpack_sharing_enabled":true,"_links":{"self":[{"href":"https:\/\/www.3p-gmbh.de\/pt-br\/wp-json\/wp\/v2\/product\/90291","targetHints":{"allow":["GET"]}}],"collection":[{"href":"https:\/\/www.3p-gmbh.de\/pt-br\/wp-json\/wp\/v2\/product"}],"about":[{"href":"https:\/\/www.3p-gmbh.de\/pt-br\/wp-json\/wp\/v2\/types\/product"}],"wp:featuredmedia":[{"embeddable":true,"href":"https:\/\/www.3p-gmbh.de\/pt-br\/wp-json\/wp\/v2\/media\/74646"}],"wp:attachment":[{"href":"https:\/\/www.3p-gmbh.de\/pt-br\/wp-json\/wp\/v2\/media?parent=90291"}],"wp:term":[{"taxonomy":"product_brand","embeddable":true,"href":"https:\/\/www.3p-gmbh.de\/pt-br\/wp-json\/wp\/v2\/product_brand?post=90291"},{"taxonomy":"product_cat","embeddable":true,"href":"https:\/\/www.3p-gmbh.de\/pt-br\/wp-json\/wp\/v2\/product_cat?post=90291"},{"taxonomy":"product_tag","embeddable":true,"href":"https:\/\/www.3p-gmbh.de\/pt-br\/wp-json\/wp\/v2\/product_tag?post=90291"}],"curies":[{"name":"wp","href":"https:\/\/api.w.org\/{rel}","templated":true}]}}