{"id":90289,"date":"2019-11-08T13:42:23","date_gmt":"2019-11-08T13:42:23","guid":{"rendered":"https:\/\/www.3p-gmbh.de\/produkt\/wohlenberg-cut-tec-76-maquina-de-corte\/"},"modified":"2019-11-08T13:42:23","modified_gmt":"2019-11-08T13:42:23","slug":"maquina-de-corte-wohlenberg-cut-tec-76","status":"publish","type":"product","link":"https:\/\/www.3p-gmbh.de\/pt-br\/produkt\/maquina-de-corte-wohlenberg-cut-tec-76\/","title":{"rendered":"Wohlenberg cut-tec 76 M\u00e1quina de corte"},"content":{"rendered":"<p>Largura de inser\u00e7\u00e3o 76 cm<br \/>\nControlo inform\u00e1tico<br \/>\nMesa de ar em a\u00e7o<br \/>\nMesas de cabeceira Stal<br \/>\n2 facas<\/p>\n","protected":false},"excerpt":{"rendered":"<p>Largura de inser\u00e7\u00e3o 76 cm Controlo inform\u00e1tico Mesa de ar em a\u00e7o Mesas de cabeceira Stal 2 facas<\/p>\n","protected":false},"featured_media":74568,"template":"","meta":[],"product_brand":[],"product_cat":[3017],"product_tag":[],"class_list":{"0":"post-90289","1":"product","2":"type-product","3":"status-publish","4":"has-post-thumbnail","6":"product_cat-maquinas-de-corte","7":"pa_hersteller-wohlenberg","8":"pa_typ-cut-tec-76","10":"first","11":"instock","12":"taxable","13":"shipping-taxable","14":"purchasable","15":"product-type-simple"},"jetpack_sharing_enabled":true,"_links":{"self":[{"href":"https:\/\/www.3p-gmbh.de\/pt-br\/wp-json\/wp\/v2\/product\/90289","targetHints":{"allow":["GET"]}}],"collection":[{"href":"https:\/\/www.3p-gmbh.de\/pt-br\/wp-json\/wp\/v2\/product"}],"about":[{"href":"https:\/\/www.3p-gmbh.de\/pt-br\/wp-json\/wp\/v2\/types\/product"}],"wp:featuredmedia":[{"embeddable":true,"href":"https:\/\/www.3p-gmbh.de\/pt-br\/wp-json\/wp\/v2\/media\/74568"}],"wp:attachment":[{"href":"https:\/\/www.3p-gmbh.de\/pt-br\/wp-json\/wp\/v2\/media?parent=90289"}],"wp:term":[{"taxonomy":"product_brand","embeddable":true,"href":"https:\/\/www.3p-gmbh.de\/pt-br\/wp-json\/wp\/v2\/product_brand?post=90289"},{"taxonomy":"product_cat","embeddable":true,"href":"https:\/\/www.3p-gmbh.de\/pt-br\/wp-json\/wp\/v2\/product_cat?post=90289"},{"taxonomy":"product_tag","embeddable":true,"href":"https:\/\/www.3p-gmbh.de\/pt-br\/wp-json\/wp\/v2\/product_tag?post=90289"}],"curies":[{"name":"wp","href":"https:\/\/api.w.org\/{rel}","templated":true}]}}