{"id":90278,"date":"2019-11-11T10:42:41","date_gmt":"2019-11-11T10:42:41","guid":{"rendered":"https:\/\/www.3p-gmbh.de\/produkt\/maquina-de-dobrar-de-dois-bolsos-eurofold-235\/"},"modified":"2019-11-11T10:42:41","modified_gmt":"2019-11-11T10:42:41","slug":"dobradora-de-dois-bolsos-eurofold-235","status":"publish","type":"product","link":"https:\/\/www.3p-gmbh.de\/pt-br\/produkt\/dobradora-de-dois-bolsos-eurofold-235\/","title":{"rendered":"M\u00e1quina de dobrar de dois bolsos EUROFOLD 235"},"content":{"rendered":"<p>M\u00e1quina composta por:<\/p>\n<p>-Aspirador de ch\u00e3o com aspira\u00e7\u00e3o\/explos\u00e3o de ar<br \/>\n-Falzagregado 235 com 2 bolsos dobr\u00e1veis 35cm<br \/>\n-Contador predefinido EF-2000<br \/>\n-entrega de barracas motorizadas<br \/>\n-bomba de v\u00e1cuo<\/p>\n<p>Tamanho do papel: 90 x 120 mm (m\u00edn.)<br \/>\nTamanho do papel: 350 x 650 mm (m\u00e1x.)<br \/>\nGramagem: 40 &#8211; 240 g\/m\u00b2<br \/>\nVelocidade: At\u00e9 30.000 folhas\/hora<br \/>\nComprimento da dobra: 20 mm (m\u00edn.)<br \/>\nComprimento de dobragem: 425 mm (m\u00e1x.)<br \/>\nLiga\u00e7\u00e3o 220 \/ 240V Frequ\u00eancia: 50HZ<br \/>\nProte\u00e7\u00e3o por fus\u00edvel: m\u00e1x. 16 Amp.<\/p>\n","protected":false},"excerpt":{"rendered":"<p>M\u00e1quina composta por: -Aspirador de ch\u00e3o com aspira\u00e7\u00e3o\/explos\u00e3o de ar -Falzagregado 235 com 2 bolsos dobr\u00e1veis 35cm -Contador predefinido EF-2000 -entrega de barracas motorizadas -bomba de v\u00e1cuo Tamanho do papel: 90 x 120 mm (m\u00edn.) Tamanho do papel: 350 x 650 mm (m\u00e1x.) Gramagem: 40 &#8211; 240 g\/m\u00b2 Velocidade: At\u00e9 30.000 folhas\/hora Comprimento da dobra: [&hellip;]<\/p>\n","protected":false},"featured_media":74682,"template":"","meta":[],"product_brand":[],"product_cat":[2979],"product_tag":[],"class_list":{"0":"post-90278","1":"product","2":"type-product","3":"status-publish","4":"has-post-thumbnail","6":"product_cat-maquinas-de-dobrar","7":"pa_hersteller-eurofold","8":"pa_typ-eurofold-235","10":"first","11":"instock","12":"taxable","13":"shipping-taxable","14":"purchasable","15":"product-type-simple"},"jetpack_sharing_enabled":true,"_links":{"self":[{"href":"https:\/\/www.3p-gmbh.de\/pt-br\/wp-json\/wp\/v2\/product\/90278","targetHints":{"allow":["GET"]}}],"collection":[{"href":"https:\/\/www.3p-gmbh.de\/pt-br\/wp-json\/wp\/v2\/product"}],"about":[{"href":"https:\/\/www.3p-gmbh.de\/pt-br\/wp-json\/wp\/v2\/types\/product"}],"wp:featuredmedia":[{"embeddable":true,"href":"https:\/\/www.3p-gmbh.de\/pt-br\/wp-json\/wp\/v2\/media\/74682"}],"wp:attachment":[{"href":"https:\/\/www.3p-gmbh.de\/pt-br\/wp-json\/wp\/v2\/media?parent=90278"}],"wp:term":[{"taxonomy":"product_brand","embeddable":true,"href":"https:\/\/www.3p-gmbh.de\/pt-br\/wp-json\/wp\/v2\/product_brand?post=90278"},{"taxonomy":"product_cat","embeddable":true,"href":"https:\/\/www.3p-gmbh.de\/pt-br\/wp-json\/wp\/v2\/product_cat?post=90278"},{"taxonomy":"product_tag","embeddable":true,"href":"https:\/\/www.3p-gmbh.de\/pt-br\/wp-json\/wp\/v2\/product_tag?post=90278"}],"curies":[{"name":"wp","href":"https:\/\/api.w.org\/{rel}","templated":true}]}}