{"id":90255,"date":"2019-11-12T08:51:24","date_gmt":"2019-11-12T08:51:24","guid":{"rendered":"https:\/\/www.3p-gmbh.de\/produkt\/puncionadeira-hidraulica-de-braco-oscilante-atlas\/"},"modified":"2019-11-12T08:51:24","modified_gmt":"2019-11-12T08:51:24","slug":"maquina-de-perfuracao-de-braco-oscilante-atlas-hidraulica","status":"publish","type":"product","link":"https:\/\/www.3p-gmbh.de\/pt-br\/produkt\/maquina-de-perfuracao-de-braco-oscilante-atlas-hidraulica\/","title":{"rendered":"Puncionadeira hidr\u00e1ulica de bra\u00e7o oscilante Atlas"},"content":{"rendered":"<p>Tamanho do pun\u00e7\u00e3o 55 x 55 cm<br \/>\nAs m\u00e1quinas de perfura\u00e7\u00e3o para carregamento manual de material e ferramentas s\u00e3o particularmente adequadas para lotes mais pequenos ou dimens\u00f5es de pe\u00e7as mais pequenas.<\/p>\n<p>Superf\u00edcie de perfura\u00e7\u00e3o girat\u00f3ria<br \/>\nMesa de apoio aprox. 50x100cm<\/p>\n","protected":false},"excerpt":{"rendered":"<p>Tamanho do pun\u00e7\u00e3o 55 x 55 cm As m\u00e1quinas de perfura\u00e7\u00e3o para carregamento manual de material e ferramentas s\u00e3o particularmente adequadas para lotes mais pequenos ou dimens\u00f5es de pe\u00e7as mais pequenas. Superf\u00edcie de perfura\u00e7\u00e3o girat\u00f3ria Mesa de apoio aprox. 50x100cm<\/p>\n","protected":false},"featured_media":74802,"template":"","meta":[],"product_brand":[],"product_cat":[2906],"product_tag":[],"class_list":{"0":"post-90255","1":"product","2":"type-product","3":"status-publish","4":"has-post-thumbnail","6":"product_cat-perfuracao","7":"pa_hersteller-atlas-copco","9":"first","10":"instock","11":"taxable","12":"shipping-taxable","13":"purchasable","14":"product-type-simple"},"jetpack_sharing_enabled":true,"_links":{"self":[{"href":"https:\/\/www.3p-gmbh.de\/pt-br\/wp-json\/wp\/v2\/product\/90255","targetHints":{"allow":["GET"]}}],"collection":[{"href":"https:\/\/www.3p-gmbh.de\/pt-br\/wp-json\/wp\/v2\/product"}],"about":[{"href":"https:\/\/www.3p-gmbh.de\/pt-br\/wp-json\/wp\/v2\/types\/product"}],"wp:featuredmedia":[{"embeddable":true,"href":"https:\/\/www.3p-gmbh.de\/pt-br\/wp-json\/wp\/v2\/media\/74802"}],"wp:attachment":[{"href":"https:\/\/www.3p-gmbh.de\/pt-br\/wp-json\/wp\/v2\/media?parent=90255"}],"wp:term":[{"taxonomy":"product_brand","embeddable":true,"href":"https:\/\/www.3p-gmbh.de\/pt-br\/wp-json\/wp\/v2\/product_brand?post=90255"},{"taxonomy":"product_cat","embeddable":true,"href":"https:\/\/www.3p-gmbh.de\/pt-br\/wp-json\/wp\/v2\/product_cat?post=90255"},{"taxonomy":"product_tag","embeddable":true,"href":"https:\/\/www.3p-gmbh.de\/pt-br\/wp-json\/wp\/v2\/product_tag?post=90255"}],"curies":[{"name":"wp","href":"https:\/\/api.w.org\/{rel}","templated":true}]}}