{"id":90251,"date":"2021-01-28T14:29:31","date_gmt":"2021-01-28T14:29:31","guid":{"rendered":"https:\/\/www.3p-gmbh.de\/produkt\/herzog-heymann-mapa-movel-ajustavel-em-altura-ou-pharma-ten-pasta-de-bolso-hh-m-7-35-10\/"},"modified":"2021-01-28T14:29:31","modified_gmt":"2021-01-28T14:29:31","slug":"pastas-de-bolso-com-altura-ajustavel-10-herzog-heymann-m-7-35-10","status":"publish","type":"product","link":"https:\/\/www.3p-gmbh.de\/pt-br\/produkt\/pastas-de-bolso-com-altura-ajustavel-10-herzog-heymann-m-7-35-10\/","title":{"rendered":"Herzog &amp; Heymann mapa m\u00f3vel, ajust\u00e1vel em altura ou Pharma Ten &#8211; pasta de bolso H&amp;H M 7.35-10"},"content":{"rendered":"<div><strong><span style=\"font-family: Arial; font-size: medium;\">Herzog &amp; Heymann<\/span><\/strong><span style=\"font-family: Arial; font-size: medium;\"><br \/>\n<\/span><\/div>\n<div><span style=\"font-family: Arial; font-size: medium;\">unidade m\u00f3vel, regul\u00e1vel em altura, com 10 fivelas de fecho dobr\u00e1vel M 7.35-10<\/span><\/div>\n<div><span style=\"font-family: Arial; font-size: medium;\">do ano. 2006<\/span><\/div>\n<div><span style=\"font-family: Arial; font-size: medium;\"> <\/span><\/div>\n<div>-MC Controlo pr\u00f3prio<\/div>\n<div>-Mesa de alimenta\u00e7\u00e3o de rolos inclinada com batente de r\u00e9gua como 3\u00aa esta\u00e7\u00e3o<\/div>\n<div><span style=\"font-family: Arial; font-size: medium;\">-10 placas de fivela com largura de entrada de 760 mm<\/span><\/div>\n<div><span style=\"font-family: Arial; font-size: medium;\">&#8211;<\/span><span style=\"font-family: Arial; font-size: medium;\">o pequeno di\u00e2metro do rolo de dobragem de 35 mm \u00e9 ideal para utiliza\u00e7\u00e3o com dobras mais pequenas de 30 mm<\/span><\/div>\n<div><span style=\"font-family: Arial; font-size: medium;\">-Motorizado regul\u00e1vel em altura<\/span><\/div>\n<div><span style=\"font-family: Arial; font-size: medium;\">-eixos duplos de corte a jusante<\/span><\/div>\n<div>-prote\u00e7\u00e3o contra o ru\u00eddo<\/div>\n","protected":false},"excerpt":{"rendered":"<p>Herzog &amp; Heymann unidade m\u00f3vel, regul\u00e1vel em altura, com 10 fivelas de fecho dobr\u00e1vel M 7.35-10 do ano. 2006 -MC Controlo pr\u00f3prio -Mesa de alimenta\u00e7\u00e3o de rolos inclinada com batente de r\u00e9gua como 3\u00aa esta\u00e7\u00e3o -10 placas de fivela com largura de entrada de 760 mm &#8211;o pequeno di\u00e2metro do rolo de dobragem de 35 [&hellip;]<\/p>\n","protected":false},"featured_media":79080,"template":"","meta":[],"product_brand":[],"product_cat":[2912],"product_tag":[],"class_list":{"0":"post-90251","1":"product","2":"type-product","3":"status-publish","4":"has-post-thumbnail","6":"product_cat-unidades-de-dobragem","7":"pa_hersteller-herzog-heymann","8":"pa_typ-m-7-35-10","10":"first","11":"instock","12":"taxable","13":"shipping-taxable","14":"product-type-simple"},"jetpack_sharing_enabled":true,"_links":{"self":[{"href":"https:\/\/www.3p-gmbh.de\/pt-br\/wp-json\/wp\/v2\/product\/90251","targetHints":{"allow":["GET"]}}],"collection":[{"href":"https:\/\/www.3p-gmbh.de\/pt-br\/wp-json\/wp\/v2\/product"}],"about":[{"href":"https:\/\/www.3p-gmbh.de\/pt-br\/wp-json\/wp\/v2\/types\/product"}],"wp:featuredmedia":[{"embeddable":true,"href":"https:\/\/www.3p-gmbh.de\/pt-br\/wp-json\/wp\/v2\/media\/79080"}],"wp:attachment":[{"href":"https:\/\/www.3p-gmbh.de\/pt-br\/wp-json\/wp\/v2\/media?parent=90251"}],"wp:term":[{"taxonomy":"product_brand","embeddable":true,"href":"https:\/\/www.3p-gmbh.de\/pt-br\/wp-json\/wp\/v2\/product_brand?post=90251"},{"taxonomy":"product_cat","embeddable":true,"href":"https:\/\/www.3p-gmbh.de\/pt-br\/wp-json\/wp\/v2\/product_cat?post=90251"},{"taxonomy":"product_tag","embeddable":true,"href":"https:\/\/www.3p-gmbh.de\/pt-br\/wp-json\/wp\/v2\/product_tag?post=90251"}],"curies":[{"name":"wp","href":"https:\/\/api.w.org\/{rel}","templated":true}]}}