{"id":90247,"date":"2021-01-28T15:29:08","date_gmt":"2021-01-28T15:29:08","guid":{"rendered":"https:\/\/www.3p-gmbh.de\/produkt\/empacotadora-kallfass-superwrap-650-com-tunel-de-retracao-kallfass-universal-650-hv\/"},"modified":"2021-01-28T15:29:08","modified_gmt":"2021-01-28T15:29:08","slug":"tightpacker-calf-barrel-superwrap-650-com-calf-barrel-shrink-tunel-universal-650-hv","status":"publish","type":"product","link":"https:\/\/www.3p-gmbh.de\/pt-br\/produkt\/tightpacker-calf-barrel-superwrap-650-com-calf-barrel-shrink-tunel-universal-650-hv\/","title":{"rendered":"Empacotadora Kallfass Superwrap 650 com t\u00fanel de retra\u00e7\u00e3o Kallfass Universal 650 HV"},"content":{"rendered":"<div><span style=\"font-family: Arial;\"><span style=\"color: #008000;\"><strong>M\u00e1quina de embalar fardos totalmente autom\u00e1tica Kallfass Superwrap 650 Inline com t\u00fanel de retra\u00e7\u00e3o Universal 650 HV com arrefecimento ap\u00f3s retra\u00e7\u00e3o<\/strong><\/span><\/span><\/div>\n<div><span style=\"color: #008000; font-family: Arial;\"><strong>do ano. 2004<\/strong><\/span><span style=\"font-family: Arial;\"><span style=\"color: #008000;\"><strong><br \/>\n<\/strong><\/span><\/span><\/div>\n<div><span style=\"font-family: Arial;\">Com aplica\u00e7\u00f5es vers\u00e1teis Frascos, latas, caixas, conservas, pilhas de produtos e contentores de produtos com e sem tabuleiro<\/span><\/div>\n<div><span style=\"font-family: Arial;\">est\u00e3o em boas m\u00e3os com o Super Wrap.<\/span><\/div>\n<div><span style=\"font-family: Arial;\">A m\u00e1quina de cintar tamb\u00e9m impressiona pela sua rapidez e fiabilidade.<\/span><\/div>\n<div><span style=\"font-family: Arial;\">Dados t\u00e9cnicos:<\/span><\/div>\n<div><\/div>\n<div><span style=\"font-family: Arial;\">Tipo de embalagem: Banderole de folha<br \/>\nCapacidade de embalagem: at\u00e9 15 ciclos\/min.<br \/>\nGama de formatos: Largura de passagem: 650 mm<br \/>\nAltura do difusor, ajust\u00e1vel: 100 &#8211; 400 mm<\/span><\/div>\n<div><\/div>\n<div><a href=\"https:\/\/www.3p-gmbh.de\/wp-content\/uploads\/2021\/01\/Kallfass-SuperWrap.pdf\">Kallfass SuperWrap<\/a><\/div>\n","protected":false},"excerpt":{"rendered":"<p>M\u00e1quina de embalar fardos totalmente autom\u00e1tica Kallfass Superwrap 650 Inline com t\u00fanel de retra\u00e7\u00e3o Universal 650 HV com arrefecimento ap\u00f3s retra\u00e7\u00e3o do ano. 2004 Com aplica\u00e7\u00f5es vers\u00e1teis Frascos, latas, caixas, conservas, pilhas de produtos e contentores de produtos com e sem tabuleiro est\u00e3o em boas m\u00e3os com o Super Wrap. A m\u00e1quina de cintar tamb\u00e9m [&hellip;]<\/p>\n","protected":false},"featured_media":79161,"template":"","meta":[],"product_brand":[],"product_cat":[3026],"product_tag":[],"class_list":{"0":"post-90247","1":"product","2":"type-product","3":"status-publish","4":"has-post-thumbnail","6":"product_cat-embalagem-de-pelicula-e-embaladora-extensivel","7":"pa_hersteller-kallfass","8":"pa_typ-superwrap-650-mit-standard-650-n","10":"first","11":"instock","12":"taxable","13":"shipping-taxable","14":"product-type-simple"},"jetpack_sharing_enabled":true,"_links":{"self":[{"href":"https:\/\/www.3p-gmbh.de\/pt-br\/wp-json\/wp\/v2\/product\/90247","targetHints":{"allow":["GET"]}}],"collection":[{"href":"https:\/\/www.3p-gmbh.de\/pt-br\/wp-json\/wp\/v2\/product"}],"about":[{"href":"https:\/\/www.3p-gmbh.de\/pt-br\/wp-json\/wp\/v2\/types\/product"}],"wp:featuredmedia":[{"embeddable":true,"href":"https:\/\/www.3p-gmbh.de\/pt-br\/wp-json\/wp\/v2\/media\/79161"}],"wp:attachment":[{"href":"https:\/\/www.3p-gmbh.de\/pt-br\/wp-json\/wp\/v2\/media?parent=90247"}],"wp:term":[{"taxonomy":"product_brand","embeddable":true,"href":"https:\/\/www.3p-gmbh.de\/pt-br\/wp-json\/wp\/v2\/product_brand?post=90247"},{"taxonomy":"product_cat","embeddable":true,"href":"https:\/\/www.3p-gmbh.de\/pt-br\/wp-json\/wp\/v2\/product_cat?post=90247"},{"taxonomy":"product_tag","embeddable":true,"href":"https:\/\/www.3p-gmbh.de\/pt-br\/wp-json\/wp\/v2\/product_tag?post=90247"}],"curies":[{"name":"wp","href":"https:\/\/api.w.org\/{rel}","templated":true}]}}