{"id":90242,"date":"2021-02-07T12:54:13","date_gmt":"2021-02-07T12:54:13","guid":{"rendered":"https:\/\/www.3p-gmbh.de\/produkt\/maquina-electrica-de-vincar-e-perfurar-pernuma\/"},"modified":"2021-02-07T12:54:13","modified_gmt":"2021-02-07T12:54:13","slug":"grelhador-eletrico-e-perfurador-pernuma","status":"publish","type":"product","link":"https:\/\/www.3p-gmbh.de\/pt-br\/produkt\/grelhador-eletrico-e-perfurador-pernuma\/","title":{"rendered":"m\u00e1quina el\u00e9ctrica de vincar e perfurar Pernuma"},"content":{"rendered":"<div><strong>m\u00e1quina el\u00e9ctrica de vincar e perfurar Pernuma<\/strong><\/div>\n<div>Largura de trabalho 70cm<\/div>\n<div>Sistema de passos<\/div>\n<div><\/div>\n<div>1 ferramenta para ranhurar<\/div>\n<div>1 ferramenta para perfura\u00e7\u00e3o Perfura\u00e7\u00e3o 0,8 mm<\/div>\n","protected":false},"excerpt":{"rendered":"<p>m\u00e1quina el\u00e9ctrica de vincar e perfurar Pernuma Largura de trabalho 70cm Sistema de passos 1 ferramenta para ranhurar 1 ferramenta para perfura\u00e7\u00e3o Perfura\u00e7\u00e3o 0,8 mm<\/p>\n","protected":false},"featured_media":79326,"template":"","meta":[],"product_brand":[],"product_cat":[2962],"product_tag":[],"class_list":{"0":"post-90242","1":"product","2":"type-product","3":"status-publish","4":"has-post-thumbnail","6":"product_cat-maquinas-de-ranhurar-e-de-perfurar","7":"pa_hersteller-pernuma","9":"first","10":"instock","11":"taxable","12":"shipping-taxable","13":"product-type-simple"},"jetpack_sharing_enabled":true,"_links":{"self":[{"href":"https:\/\/www.3p-gmbh.de\/pt-br\/wp-json\/wp\/v2\/product\/90242","targetHints":{"allow":["GET"]}}],"collection":[{"href":"https:\/\/www.3p-gmbh.de\/pt-br\/wp-json\/wp\/v2\/product"}],"about":[{"href":"https:\/\/www.3p-gmbh.de\/pt-br\/wp-json\/wp\/v2\/types\/product"}],"wp:featuredmedia":[{"embeddable":true,"href":"https:\/\/www.3p-gmbh.de\/pt-br\/wp-json\/wp\/v2\/media\/79326"}],"wp:attachment":[{"href":"https:\/\/www.3p-gmbh.de\/pt-br\/wp-json\/wp\/v2\/media?parent=90242"}],"wp:term":[{"taxonomy":"product_brand","embeddable":true,"href":"https:\/\/www.3p-gmbh.de\/pt-br\/wp-json\/wp\/v2\/product_brand?post=90242"},{"taxonomy":"product_cat","embeddable":true,"href":"https:\/\/www.3p-gmbh.de\/pt-br\/wp-json\/wp\/v2\/product_cat?post=90242"},{"taxonomy":"product_tag","embeddable":true,"href":"https:\/\/www.3p-gmbh.de\/pt-br\/wp-json\/wp\/v2\/product_tag?post=90242"}],"curies":[{"name":"wp","href":"https:\/\/api.w.org\/{rel}","templated":true}]}}