{"id":90234,"date":"2021-02-02T00:30:51","date_gmt":"2021-02-02T00:30:51","guid":{"rendered":"https:\/\/www.3p-gmbh.de\/produkt\/kit-de-alimentacao-universal-de-envelopes-justfeed\/"},"modified":"2021-02-02T00:30:51","modified_gmt":"2021-02-02T00:30:51","slug":"kit-de-alimentacao-universal-de-envelopes-justfeed","status":"publish","type":"product","link":"https:\/\/www.3p-gmbh.de\/pt-br\/produkt\/kit-de-alimentacao-universal-de-envelopes-justfeed\/","title":{"rendered":"Kit de alimenta\u00e7\u00e3o universal de envelopes JustFeed"},"content":{"rendered":"<p><strong>Kit de alimenta\u00e7\u00e3o de envelopes<\/strong><br \/>\nJustfeed Universal usado (completo)<\/p>\n","protected":false},"excerpt":{"rendered":"<p>Kit de alimenta\u00e7\u00e3o de envelopes Justfeed Universal usado (completo)<\/p>\n","protected":false},"featured_media":79296,"template":"","meta":[],"product_brand":[],"product_cat":[2898],"product_tag":[],"class_list":{"0":"post-90234","1":"product","2":"type-product","3":"status-publish","4":"has-post-thumbnail","6":"product_cat-acessorios-e-pecas-sobressalentes-para-prensas","7":"pa_hersteller-justfeed","9":"first","10":"instock","11":"taxable","12":"shipping-taxable","13":"product-type-simple"},"jetpack_sharing_enabled":true,"_links":{"self":[{"href":"https:\/\/www.3p-gmbh.de\/pt-br\/wp-json\/wp\/v2\/product\/90234","targetHints":{"allow":["GET"]}}],"collection":[{"href":"https:\/\/www.3p-gmbh.de\/pt-br\/wp-json\/wp\/v2\/product"}],"about":[{"href":"https:\/\/www.3p-gmbh.de\/pt-br\/wp-json\/wp\/v2\/types\/product"}],"wp:featuredmedia":[{"embeddable":true,"href":"https:\/\/www.3p-gmbh.de\/pt-br\/wp-json\/wp\/v2\/media\/79296"}],"wp:attachment":[{"href":"https:\/\/www.3p-gmbh.de\/pt-br\/wp-json\/wp\/v2\/media?parent=90234"}],"wp:term":[{"taxonomy":"product_brand","embeddable":true,"href":"https:\/\/www.3p-gmbh.de\/pt-br\/wp-json\/wp\/v2\/product_brand?post=90234"},{"taxonomy":"product_cat","embeddable":true,"href":"https:\/\/www.3p-gmbh.de\/pt-br\/wp-json\/wp\/v2\/product_cat?post=90234"},{"taxonomy":"product_tag","embeddable":true,"href":"https:\/\/www.3p-gmbh.de\/pt-br\/wp-json\/wp\/v2\/product_tag?post=90234"}],"curies":[{"name":"wp","href":"https:\/\/api.w.org\/{rel}","templated":true}]}}