{"id":90227,"date":"2021-01-28T16:04:44","date_gmt":"2021-01-28T16:04:44","guid":{"rendered":"https:\/\/www.3p-gmbh.de\/produkt\/maquina-de-dobrar-mapas-herzog-heymann-m7-10-35-m7-4-58-alimentador-de-pilha-plana-mbo-f-76-solo-entrega-de-folhas-vertical-movel-371\/"},"modified":"2021-01-28T16:04:44","modified_gmt":"2021-01-28T16:04:44","slug":"landcard-folding-machine-herzog-heymann-m7-10-35-m7-4-58-flat-stack-feeder-mbo-f-76-solo-mobile-standing-sheet-delivery-371","status":"publish","type":"product","link":"https:\/\/www.3p-gmbh.de\/pt-br\/produkt\/landcard-folding-machine-herzog-heymann-m7-10-35-m7-4-58-flat-stack-feeder-mbo-f-76-solo-mobile-standing-sheet-delivery-371\/","title":{"rendered":"M\u00e1quina de dobrar mapas Herzog &amp; Heymann M7.10-35 + M7.4-58 + alimentador de pilha plana MBO F 76 Solo &#8211; entrega de folhas vertical m\u00f3vel 371"},"content":{"rendered":"<div><span style=\"color: #0000ff; font-family: Arial;\"><strong>M\u00e1quina de dobrar mapas Herzog &amp; Heymann M7.10-35 + M7.4-58 + alimentador de pilha plana MBO F 76 Solo &#8211; entrega de folhas vertical m\u00f3vel 371<\/strong><\/span><\/div>\n<div><span style=\"color: #0000ff; font-family: Arial;\"><strong>Ano de fabrico 2006<\/strong><\/span><\/div>\n<div><\/div>\n<div><span style=\"font-family: Arial;\">Alimentador de estacas planas MBO F 76 Solo<\/span><\/div>\n<div><span style=\"font-family: Arial;\">Formato: max.760&#215;1020 mm<\/span><\/div>\n<div><span style=\"font-family: Arial;\">Altura de empilhamento: 600 mm<\/span><\/div>\n<div><span style=\"font-family: Arial;\">Peso m\u00e1ximo de empilhamento. 1500kg<\/span><\/div>\n<div><span style=\"font-family: Arial;\">Tens\u00e3o de rede: 230\/400 V\/50 Hz<\/span><\/div>\n<div><span style=\"font-family: Arial;\">Tens\u00e3o de controlo: 24 V, DC<\/span><\/div>\n<div><span style=\"font-family: Arial;\">Bomba de press\u00e3o e v\u00e1cuo<\/span><\/div>\n<div><\/div>\n<div><span style=\"color: #ff0000;\"><span style=\"font-family: Arial;\">1. unidade de dobragem Herzog &amp; Heymann M7-35 <\/span><span style=\"font-family: Arial;\">com 10 placas de dobragem largura de alimenta\u00e7\u00e3o 76cm<\/span><\/span><\/div>\n<div><span style=\"font-family: Arial;\">Di\u00e2metro do rolo 35mm, dobra mais pequena 30mm<\/span><\/div>\n<div><span style=\"font-family: Arial;\">veios de corte a jusante<\/span><\/div>\n<div><span style=\"font-family: Arial;\">Prote\u00e7\u00e3o contra o ru\u00eddo<\/span><\/div>\n<div><\/div>\n<div><span style=\"color: #ff0000; font-family: Arial;\">quadro de transfer\u00eancia captur\u00e1vel 830<\/span><\/div>\n<div><\/div>\n<div><span style=\"font-family: Arial;\"><span style=\"color: #ff0000;\">2) Unidade m\u00f3vel de dobragem Herzog &amp; Heymann M7-58.2<\/span><br \/>\ncom 2 bolsas dobr\u00e1veis Largura de alimenta\u00e7\u00e3o 56cm<\/span><\/div>\n<div><span style=\"font-family: Arial;\">Eixos de corte duplo a jusante<\/span><\/div>\n<div><span style=\"font-family: Arial;\">Prote\u00e7\u00e3o contra o ru\u00eddo<\/span><\/div>\n<div><\/div>\n<div>\n<div><span style=\"color: #ff0000; font-family: Arial;\">mesa de transfer\u00eancia m\u00f3vel 830<\/span><\/div>\n<div><\/div>\n<\/div>\n<div><span style=\"font-family: Arial;\"><span style=\"color: #ff0000;\">suporte de arco de p\u00e9 m\u00f3vel, ajust\u00e1vel em altura 371<\/span><\/span><\/div>\n","protected":false},"excerpt":{"rendered":"<p>M\u00e1quina de dobrar mapas Herzog &amp; Heymann M7.10-35 + M7.4-58 + alimentador de pilha plana MBO F 76 Solo &#8211; entrega de folhas vertical m\u00f3vel 371 Ano de fabrico 2006 Alimentador de estacas planas MBO F 76 Solo Formato: max.760&#215;1020 mm Altura de empilhamento: 600 mm Peso m\u00e1ximo de empilhamento. 1500kg Tens\u00e3o de rede: 230\/400 [&hellip;]<\/p>\n","protected":false},"featured_media":79266,"template":"","meta":[],"product_brand":[],"product_cat":[2979],"product_tag":[],"class_list":{"0":"post-90227","1":"product","2":"type-product","3":"status-publish","4":"has-post-thumbnail","6":"product_cat-maquinas-de-dobrar","7":"pa_hersteller-herzog-heymann","8":"pa_typ-2111","9":"pa_typ-f-76-solo","10":"pa_typ-m7-10-35","11":"pa_typ-m7-4-58","13":"first","14":"instock","15":"taxable","16":"shipping-taxable","17":"product-type-simple"},"jetpack_sharing_enabled":true,"_links":{"self":[{"href":"https:\/\/www.3p-gmbh.de\/pt-br\/wp-json\/wp\/v2\/product\/90227","targetHints":{"allow":["GET"]}}],"collection":[{"href":"https:\/\/www.3p-gmbh.de\/pt-br\/wp-json\/wp\/v2\/product"}],"about":[{"href":"https:\/\/www.3p-gmbh.de\/pt-br\/wp-json\/wp\/v2\/types\/product"}],"wp:featuredmedia":[{"embeddable":true,"href":"https:\/\/www.3p-gmbh.de\/pt-br\/wp-json\/wp\/v2\/media\/79266"}],"wp:attachment":[{"href":"https:\/\/www.3p-gmbh.de\/pt-br\/wp-json\/wp\/v2\/media?parent=90227"}],"wp:term":[{"taxonomy":"product_brand","embeddable":true,"href":"https:\/\/www.3p-gmbh.de\/pt-br\/wp-json\/wp\/v2\/product_brand?post=90227"},{"taxonomy":"product_cat","embeddable":true,"href":"https:\/\/www.3p-gmbh.de\/pt-br\/wp-json\/wp\/v2\/product_cat?post=90227"},{"taxonomy":"product_tag","embeddable":true,"href":"https:\/\/www.3p-gmbh.de\/pt-br\/wp-json\/wp\/v2\/product_tag?post=90227"}],"curies":[{"name":"wp","href":"https:\/\/api.w.org\/{rel}","templated":true}]}}