{"id":90218,"date":"2021-02-15T09:44:55","date_gmt":"2021-02-15T09:44:55","guid":{"rendered":"https:\/\/www.3p-gmbh.de\/produkt\/linotype-hell-scanner-plano-heidelberg-topaz-robot-ii\/"},"modified":"2021-02-15T09:44:55","modified_gmt":"2021-02-15T09:44:55","slug":"linotype-hell-heidelberg-topaz-robot-ii-flatbed-scanner","status":"publish","type":"product","link":"https:\/\/www.3p-gmbh.de\/pt-br\/produkt\/linotype-hell-heidelberg-topaz-robot-ii-flatbed-scanner\/","title":{"rendered":"Linotype-Hell \/ Scanner plano Heidelberg Topaz Robot II"},"content":{"rendered":"<p style=\"font-weight: 400;\"><strong>Scanner plano Heidelberg Topaz Robot II<\/strong><\/p>\n<p style=\"font-weight: 400;\">\n<p style=\"font-weight: 400;\">O Topaz digitaliza todos os tipos de originais: cor, preto e branco, linha, positivo e negativo. Os originais de controlo podem ser maiores do que DIN A 3 e os diapositivos maiores do que DIN A 3.<br \/>\n20 x 25 cm. Os modelos podem mesmo ter uma espessura de at\u00e9 20 mm. Os diapositivos emoldurados tamb\u00e9m podem ser digitalizados.<\/p>\n<p style=\"font-weight: 400;\">O PowerMac \u00e9 controlado pelo software intuitivo de digitaliza\u00e7\u00e3o e reprodu\u00e7\u00e3o LinoColor. Os assistentes de software inteligentes do software garantem digitaliza\u00e7\u00f5es de primeira classe de forma consistente.<\/p>\n<p style=\"font-weight: 400;\">Para aumentar a produtividade, o Topaz Robot possui um robot de cassetes com uma capacidade m\u00e1xima de carregamento de 225 diapositivos de 35 mm. O Topaz Robot \u00e9 ideal para grandes volumes de digitaliza\u00e7\u00e3o que precisam ser conclu\u00eddos num curto espa\u00e7o de tempo ou para a cria\u00e7\u00e3o de arquivos de imagens digitais. O sistema rob\u00f3tico tem uma capacidade de cinco contentores de cinco cassetes cada, que s\u00e3o automaticamente alimentados no scanner. Os passe-partouts codificados permitem que os originais sejam digitalizados de forma totalmente autom\u00e1tica. O funcionamento autom\u00e1tico pode ser interrompido em qualquer altura para processar outro trabalho separado.<\/p>\n<p style=\"font-weight: 400;\">\n<p style=\"font-weight: 400;\"> Dados t\u00e9cnicos:<br \/>\n&#8211; Scanner plano, linha CCD a cores trilinear com 3 x 8000 p\u00edxeis<br \/>\n&#8211; Com o software Linocolor<br \/>\n&#8211; Tabuleiro universal para supervis\u00e3o\/visualiza\u00e7\u00e3o de originais<br \/>\n&#8211; Tamanho original 305 x 457 mm vista de cima, 250 x 457 mm transparente<br \/>\n&#8211; Transpar\u00eancia, vista superior, cor, preto e branco, positivo, negativo<br \/>\n&#8211; Escalonamento 20 2500 %<br \/>\n&#8211; Gama de densidades diferenci\u00e1veis 3,7 D<br \/>\n&#8211; M\u00e1ximo. densidade resol\u00favel 4.0 D<br \/>\n&#8211; Liga\u00e7\u00e3o SCSI<\/p>\n<p style=\"font-weight: 400;\">\n<p style=\"font-weight: 400;\">Sistema robotizado<br \/>\n&#8211; Contentor com cinco cassetes, alimenta\u00e7\u00e3o autom\u00e1tica de cassetes<br \/>\n&#8211; Formato de digitaliza\u00e7\u00e3o m\u00e1x. 130 x 130 mm, pain\u00e9is de vidro amov\u00edveis<br \/>\n&#8211; Passepartout preparado para o Robot<br \/>\n&#8211; Dimens\u00f5es aprox. 700 x 1100 x 1300 mm<\/p>\n<p style=\"font-weight: 400;\">O \u00e2mbito da entrega inclui: Scanner com sistema rob\u00f3tico conforme descrito,<\/p>\n<p style=\"font-weight: 400;\">PowerMac G4 com software pr\u00e9-instalado, bem como todo o pacote de software e v\u00e1rios acess\u00f3rios. Acess\u00f3rios (m\u00e1scaras, etc.).<\/p>\n","protected":false},"excerpt":{"rendered":"<p>Scanner plano Heidelberg Topaz Robot II O Topaz digitaliza todos os tipos de originais: cor, preto e branco, linha, positivo e negativo. Os originais de controlo podem ser maiores do que DIN A 3 e os diapositivos maiores do que DIN A 3. 20 x 25 cm. Os modelos podem mesmo ter uma espessura de [&hellip;]<\/p>\n","protected":false},"featured_media":79503,"template":"","meta":[],"product_brand":[],"product_cat":[3098],"product_tag":[],"class_list":{"0":"post-90218","1":"product","2":"type-product","3":"status-publish","4":"has-post-thumbnail","6":"product_cat-scanner-de-mesa","7":"pa_hersteller-heidelberg","8":"pa_hersteller-linotype-hell","9":"pa_typ-topaz-ii","11":"first","12":"instock","13":"taxable","14":"shipping-taxable","15":"product-type-simple"},"jetpack_sharing_enabled":true,"_links":{"self":[{"href":"https:\/\/www.3p-gmbh.de\/pt-br\/wp-json\/wp\/v2\/product\/90218","targetHints":{"allow":["GET"]}}],"collection":[{"href":"https:\/\/www.3p-gmbh.de\/pt-br\/wp-json\/wp\/v2\/product"}],"about":[{"href":"https:\/\/www.3p-gmbh.de\/pt-br\/wp-json\/wp\/v2\/types\/product"}],"wp:featuredmedia":[{"embeddable":true,"href":"https:\/\/www.3p-gmbh.de\/pt-br\/wp-json\/wp\/v2\/media\/79503"}],"wp:attachment":[{"href":"https:\/\/www.3p-gmbh.de\/pt-br\/wp-json\/wp\/v2\/media?parent=90218"}],"wp:term":[{"taxonomy":"product_brand","embeddable":true,"href":"https:\/\/www.3p-gmbh.de\/pt-br\/wp-json\/wp\/v2\/product_brand?post=90218"},{"taxonomy":"product_cat","embeddable":true,"href":"https:\/\/www.3p-gmbh.de\/pt-br\/wp-json\/wp\/v2\/product_cat?post=90218"},{"taxonomy":"product_tag","embeddable":true,"href":"https:\/\/www.3p-gmbh.de\/pt-br\/wp-json\/wp\/v2\/product_tag?post=90218"}],"curies":[{"name":"wp","href":"https:\/\/api.w.org\/{rel}","templated":true}]}}