{"id":90210,"date":"2021-02-07T13:57:10","date_gmt":"2021-02-07T13:57:10","guid":{"rendered":"https:\/\/www.3p-gmbh.de\/produkt\/graphic-whizard-creasemaster-plus-maquina-automatica-para-fazer-ranhuras-fendas-vincos-e-perfuracoes\/"},"modified":"2021-02-07T13:57:10","modified_gmt":"2021-02-07T13:57:10","slug":"graphic-whizard-creasemaster-plus-maquina-automatica-de-corte-e-perfuracao-de-ranhuras","status":"publish","type":"product","link":"https:\/\/www.3p-gmbh.de\/pt-br\/produkt\/graphic-whizard-creasemaster-plus-maquina-automatica-de-corte-e-perfuracao-de-ranhuras\/","title":{"rendered":"Graphic Whizard CreaseMaster Plus &#8211; m\u00e1quina autom\u00e1tica para fazer ranhuras, fendas, vincos e perfura\u00e7\u00f5es"},"content":{"rendered":"<p><span style=\"color: #0000ff;\"><strong>Graphic Whizard CreaseMaster Plus<br \/>\ndo ano. 2014<\/strong><\/span><\/p>\n<p><strong>m\u00e1quina autom\u00e1tica para fazer ranhuras, fendas, vincos e perfura\u00e7\u00f5es<\/strong><\/p>\n<p>Gramagem 45-385 gramas<br \/>\nTamanhos de papel m\u00e1x. 45,7 x65cm e min. 7,6 x12,7cm<br \/>\n\u00faltimo sulco at\u00e9 70 cm poss\u00edvel<\/p>\n<p>&#8211; Ecr\u00e3 t\u00e1til com 20 programas com at\u00e9 10 ranhuras armazen\u00e1veis<\/p>\n<p>&#8211; com alimentador de ar de aspira\u00e7\u00e3o por baixo do pavimento<\/p>\n<p>&#8211; com uma cabe\u00e7a de perfura\u00e7\u00e3o pneum\u00e1tica para perfura\u00e7\u00f5es sincronizadas no sentido do percurso da folha<br \/>\nideal para fazer cart\u00f5es de resposta para rasgar<\/p>\n<p>&#8211; Dois feixes paralelos pneum\u00e1ticos (barras transversais) para ranhurar, marcar, perfurar ou microperfurar<br \/>\ne 4 porta-ferramentas<\/p>\n<p>Aten\u00e7\u00e3o \u00c9 necess\u00e1ria uma liga\u00e7\u00e3o de ar comprimido no local<\/p>\n","protected":false},"excerpt":{"rendered":"<p>Graphic Whizard CreaseMaster Plus do ano. 2014 m\u00e1quina autom\u00e1tica para fazer ranhuras, fendas, vincos e perfura\u00e7\u00f5es Gramagem 45-385 gramas Tamanhos de papel m\u00e1x. 45,7 x65cm e min. 7,6 x12,7cm \u00faltimo sulco at\u00e9 70 cm poss\u00edvel &#8211; Ecr\u00e3 t\u00e1til com 20 programas com at\u00e9 10 ranhuras armazen\u00e1veis &#8211; com alimentador de ar de aspira\u00e7\u00e3o por baixo [&hellip;]<\/p>\n","protected":false},"featured_media":79455,"template":"","meta":[],"product_brand":[],"product_cat":[2962],"product_tag":[],"class_list":{"0":"post-90210","1":"product","2":"type-product","3":"status-publish","4":"has-post-thumbnail","6":"product_cat-maquinas-de-ranhurar-e-de-perfurar","7":"pa_hersteller-graphic-whizard","8":"pa_typ-creasemaster-plus","10":"first","11":"instock","12":"taxable","13":"shipping-taxable","14":"product-type-simple"},"jetpack_sharing_enabled":true,"_links":{"self":[{"href":"https:\/\/www.3p-gmbh.de\/pt-br\/wp-json\/wp\/v2\/product\/90210","targetHints":{"allow":["GET"]}}],"collection":[{"href":"https:\/\/www.3p-gmbh.de\/pt-br\/wp-json\/wp\/v2\/product"}],"about":[{"href":"https:\/\/www.3p-gmbh.de\/pt-br\/wp-json\/wp\/v2\/types\/product"}],"wp:featuredmedia":[{"embeddable":true,"href":"https:\/\/www.3p-gmbh.de\/pt-br\/wp-json\/wp\/v2\/media\/79455"}],"wp:attachment":[{"href":"https:\/\/www.3p-gmbh.de\/pt-br\/wp-json\/wp\/v2\/media?parent=90210"}],"wp:term":[{"taxonomy":"product_brand","embeddable":true,"href":"https:\/\/www.3p-gmbh.de\/pt-br\/wp-json\/wp\/v2\/product_brand?post=90210"},{"taxonomy":"product_cat","embeddable":true,"href":"https:\/\/www.3p-gmbh.de\/pt-br\/wp-json\/wp\/v2\/product_cat?post=90210"},{"taxonomy":"product_tag","embeddable":true,"href":"https:\/\/www.3p-gmbh.de\/pt-br\/wp-json\/wp\/v2\/product_tag?post=90210"}],"curies":[{"name":"wp","href":"https:\/\/api.w.org\/{rel}","templated":true}]}}