{"id":90200,"date":"2021-02-15T10:03:14","date_gmt":"2021-02-15T10:03:14","guid":{"rendered":"https:\/\/www.3p-gmbh.de\/produkt\/technografica-linha-de-gravacao-de-chapas-de-impressao-de-alta-velocidade-diamond-1550\/"},"modified":"2021-02-15T10:03:14","modified_gmt":"2021-02-15T10:03:14","slug":"technografica-placa-de-pressao-de-alta-velocidade-queimada-em-linha-diamante-1550","status":"publish","type":"product","link":"https:\/\/www.3p-gmbh.de\/pt-br\/produkt\/technografica-placa-de-pressao-de-alta-velocidade-queimada-em-linha-diamante-1550\/","title":{"rendered":"Technografica Linha de grava\u00e7\u00e3o de chapas de impress\u00e3o de alta velocidade Diamond 1550"},"content":{"rendered":"<p><strong>Technografica Linha de grava\u00e7\u00e3o de chapas de impress\u00e3o de alta velocidade Diamond 1550<\/strong><br \/>\n<strong>a partir de 2007<\/strong><\/p>\n<div>\n<p>m\u00e1ximo. Largura de entrada 1550 mm<\/p>\n<p><em>constitu\u00eddo por:<\/em><\/p>\n<ul>\n<li>Mesa de alimenta\u00e7\u00e3o com deflex\u00e3o de 90\u00b0 nos cantos<\/li>\n<li>M\u00e1quina de revela\u00e7\u00e3o de alta velocidade TPP 1550<\/li>\n<li>Mesa de transporte interm\u00e9dia<\/li>\n<li>Forno de estufagem de alta velocidade EBO Diamant 1550<\/li>\n<li>Mesa de transporte interm\u00e9dia<\/li>\n<li>SBG Diamond 1550 de alta velocidade<\/li>\n<li>Empilhador de triagem<\/li>\n<\/ul>\n<\/div>\n","protected":false},"excerpt":{"rendered":"<p>Technografica Linha de grava\u00e7\u00e3o de chapas de impress\u00e3o de alta velocidade Diamond 1550 a partir de 2007 m\u00e1ximo. Largura de entrada 1550 mm constitu\u00eddo por: Mesa de alimenta\u00e7\u00e3o com deflex\u00e3o de 90\u00b0 nos cantos M\u00e1quina de revela\u00e7\u00e3o de alta velocidade TPP 1550 Mesa de transporte interm\u00e9dia Forno de estufagem de alta velocidade EBO Diamant 1550 [&hellip;]<\/p>\n","protected":false},"featured_media":79599,"template":"","meta":[],"product_brand":[],"product_cat":[2997],"product_tag":[],"class_list":{"0":"post-90200","1":"product","2":"type-product","3":"status-publish","4":"has-post-thumbnail","6":"product_cat-processamento-de-chapas-de-impressao-pt-br","7":"pa_hersteller-technografica","8":"pa_typ-diamant-1550","10":"first","11":"instock","12":"taxable","13":"shipping-taxable","14":"product-type-simple"},"jetpack_sharing_enabled":true,"_links":{"self":[{"href":"https:\/\/www.3p-gmbh.de\/pt-br\/wp-json\/wp\/v2\/product\/90200","targetHints":{"allow":["GET"]}}],"collection":[{"href":"https:\/\/www.3p-gmbh.de\/pt-br\/wp-json\/wp\/v2\/product"}],"about":[{"href":"https:\/\/www.3p-gmbh.de\/pt-br\/wp-json\/wp\/v2\/types\/product"}],"wp:featuredmedia":[{"embeddable":true,"href":"https:\/\/www.3p-gmbh.de\/pt-br\/wp-json\/wp\/v2\/media\/79599"}],"wp:attachment":[{"href":"https:\/\/www.3p-gmbh.de\/pt-br\/wp-json\/wp\/v2\/media?parent=90200"}],"wp:term":[{"taxonomy":"product_brand","embeddable":true,"href":"https:\/\/www.3p-gmbh.de\/pt-br\/wp-json\/wp\/v2\/product_brand?post=90200"},{"taxonomy":"product_cat","embeddable":true,"href":"https:\/\/www.3p-gmbh.de\/pt-br\/wp-json\/wp\/v2\/product_cat?post=90200"},{"taxonomy":"product_tag","embeddable":true,"href":"https:\/\/www.3p-gmbh.de\/pt-br\/wp-json\/wp\/v2\/product_tag?post=90200"}],"curies":[{"name":"wp","href":"https:\/\/api.w.org\/{rel}","templated":true}]}}