{"id":90190,"date":"2021-02-15T09:55:55","date_gmt":"2021-02-15T09:55:55","guid":{"rendered":"https:\/\/www.3p-gmbh.de\/produkt\/bacciotini-pit-stop-af-maquina-de-vincar-binderhaus-r-50-com-controlo-tatil\/"},"modified":"2021-02-15T09:55:55","modified_gmt":"2021-02-15T09:55:55","slug":"bacciotini-pit-stop-af-truss-house-r-50-groove-grill-machine-with-touch-control","status":"publish","type":"product","link":"https:\/\/www.3p-gmbh.de\/pt-br\/produkt\/bacciotini-pit-stop-af-truss-house-r-50-groove-grill-machine-with-touch-control\/","title":{"rendered":"Bacciotini Pit Stop AF \/ M\u00e1quina de vincar Binderhaus R 50 com controlo t\u00e1til"},"content":{"rendered":"<div><span style=\"font-family: Arial;\"><span style=\"font-size: large;\"><span style=\"color: #0000ff;\">Bacciotini Pit Stop AF Speed com controlo t\u00e1til<br \/>\nM\u00e1quina de vincar e perfurar OEM Binderhaus R 50<br \/>\ndo ano. 2010<\/span><\/span><\/span><\/div>\n<div><span style=\"font-size: large;\"><br \/>\n<\/span><span style=\"font-family: Arial; font-size: large;\">Modelo de n\u00edvel b\u00e1sico para ranhurar, marcar, perfurar e microperfurar at\u00e9 50 cm de largura.<br \/>\nO alimentador por suc\u00e7\u00e3o oferece uma capacidade at\u00e9 50 mm e separa com seguran\u00e7a e suavidade a impress\u00e3o digital sens\u00edvel e a impress\u00e3o offset.<br \/>\nA m\u00e1quina de ranhurar processa folhas at\u00e9 50 cm de largura com um comprimento m\u00e1ximo de folha de 200 cm.<br \/>\nS\u00e3o poss\u00edveis at\u00e9 20 ranhuras por folha.<br \/>\nA precis\u00e3o de posicionamento \u00e9 de 0,1 mm.<\/span><\/div>\n<div><\/div>\n<div><span style=\"font-family: Arial; font-size: large;\">Ranhurar e marcar com 6.500 horas<\/p>\n<p>Para a impress\u00e3o digital, impress\u00e3o offset e encaderna\u00e7\u00e3o de livros com tiragens mais pequenas ou que mudam frequentemente, a m\u00e1quina de vincar R50 \u00e9 ideal devido ao seu curto tempo de configura\u00e7\u00e3o de apenas cerca de 1 minuto.<br \/>\nUma mudan\u00e7a de ferramenta demora cerca de 15 segundos. <\/span><\/div>\n","protected":false},"excerpt":{"rendered":"<p>Bacciotini Pit Stop AF Speed com controlo t\u00e1til M\u00e1quina de vincar e perfurar OEM Binderhaus R 50 do ano. 2010 Modelo de n\u00edvel b\u00e1sico para ranhurar, marcar, perfurar e microperfurar at\u00e9 50 cm de largura. O alimentador por suc\u00e7\u00e3o oferece uma capacidade at\u00e9 50 mm e separa com seguran\u00e7a e suavidade a impress\u00e3o digital sens\u00edvel [&hellip;]<\/p>\n","protected":false},"featured_media":79596,"template":"","meta":[],"product_brand":[],"product_cat":[2962],"product_tag":[],"class_list":{"0":"post-90190","1":"product","2":"type-product","3":"status-publish","4":"has-post-thumbnail","6":"product_cat-maquinas-de-ranhurar-e-de-perfurar","7":"pa_hersteller-bacciotini","8":"pa_hersteller-binderhaus","9":"pa_typ-pit-stop-af","10":"pa_typ-r-50","12":"first","13":"instock","14":"taxable","15":"shipping-taxable","16":"product-type-simple"},"jetpack_sharing_enabled":true,"_links":{"self":[{"href":"https:\/\/www.3p-gmbh.de\/pt-br\/wp-json\/wp\/v2\/product\/90190","targetHints":{"allow":["GET"]}}],"collection":[{"href":"https:\/\/www.3p-gmbh.de\/pt-br\/wp-json\/wp\/v2\/product"}],"about":[{"href":"https:\/\/www.3p-gmbh.de\/pt-br\/wp-json\/wp\/v2\/types\/product"}],"wp:featuredmedia":[{"embeddable":true,"href":"https:\/\/www.3p-gmbh.de\/pt-br\/wp-json\/wp\/v2\/media\/79596"}],"wp:attachment":[{"href":"https:\/\/www.3p-gmbh.de\/pt-br\/wp-json\/wp\/v2\/media?parent=90190"}],"wp:term":[{"taxonomy":"product_brand","embeddable":true,"href":"https:\/\/www.3p-gmbh.de\/pt-br\/wp-json\/wp\/v2\/product_brand?post=90190"},{"taxonomy":"product_cat","embeddable":true,"href":"https:\/\/www.3p-gmbh.de\/pt-br\/wp-json\/wp\/v2\/product_cat?post=90190"},{"taxonomy":"product_tag","embeddable":true,"href":"https:\/\/www.3p-gmbh.de\/pt-br\/wp-json\/wp\/v2\/product_tag?post=90190"}],"curies":[{"name":"wp","href":"https:\/\/api.w.org\/{rel}","templated":true}]}}