{"id":90189,"date":"2021-02-15T10:07:51","date_gmt":"2021-02-15T10:07:51","guid":{"rendered":"https:\/\/www.3p-gmbh.de\/produkt\/puncao-para-a-maquina-de-coser-a-arame-heidelberg-stitchmaster-st-350\/"},"modified":"2021-02-15T10:07:51","modified_gmt":"2021-02-15T10:07:51","slug":"furador-para-costureiras-heidelberg-stitchmaster-st-350","status":"publish","type":"product","link":"https:\/\/www.3p-gmbh.de\/pt-br\/produkt\/furador-para-costureiras-heidelberg-stitchmaster-st-350\/","title":{"rendered":"Pun\u00e7\u00e3o para a m\u00e1quina de coser a arame Heidelberg Stitchmaster ST 350"},"content":{"rendered":"<div><strong>Pun\u00e7\u00e3o para a m\u00e1quina de coser a arame Heidelberg Stitchmaster ST 350<\/strong><\/div>\n<div><\/div>\n<div>com ferramenta de perfura\u00e7\u00e3o com raio de 5 mm <em>(outros a pedido)<\/em><\/div>\n","protected":false},"excerpt":{"rendered":"<p>Pun\u00e7\u00e3o para a m\u00e1quina de coser a arame Heidelberg Stitchmaster ST 350 com ferramenta de perfura\u00e7\u00e3o com raio de 5 mm (outros a pedido)<\/p>\n","protected":false},"featured_media":79617,"template":"","meta":[],"product_brand":[],"product_cat":[2851],"product_tag":[],"class_list":{"0":"post-90189","1":"product","2":"type-product","3":"status-publish","4":"has-post-thumbnail","6":"product_cat-acessorios","7":"pa_hersteller-heidelberg","8":"pa_typ-stitchmaster-st-350","10":"first","11":"instock","12":"taxable","13":"shipping-taxable","14":"product-type-simple"},"jetpack_sharing_enabled":true,"_links":{"self":[{"href":"https:\/\/www.3p-gmbh.de\/pt-br\/wp-json\/wp\/v2\/product\/90189","targetHints":{"allow":["GET"]}}],"collection":[{"href":"https:\/\/www.3p-gmbh.de\/pt-br\/wp-json\/wp\/v2\/product"}],"about":[{"href":"https:\/\/www.3p-gmbh.de\/pt-br\/wp-json\/wp\/v2\/types\/product"}],"wp:featuredmedia":[{"embeddable":true,"href":"https:\/\/www.3p-gmbh.de\/pt-br\/wp-json\/wp\/v2\/media\/79617"}],"wp:attachment":[{"href":"https:\/\/www.3p-gmbh.de\/pt-br\/wp-json\/wp\/v2\/media?parent=90189"}],"wp:term":[{"taxonomy":"product_brand","embeddable":true,"href":"https:\/\/www.3p-gmbh.de\/pt-br\/wp-json\/wp\/v2\/product_brand?post=90189"},{"taxonomy":"product_cat","embeddable":true,"href":"https:\/\/www.3p-gmbh.de\/pt-br\/wp-json\/wp\/v2\/product_cat?post=90189"},{"taxonomy":"product_tag","embeddable":true,"href":"https:\/\/www.3p-gmbh.de\/pt-br\/wp-json\/wp\/v2\/product_tag?post=90189"}],"curies":[{"name":"wp","href":"https:\/\/api.w.org\/{rel}","templated":true}]}}