{"id":90167,"date":"2021-03-04T00:30:28","date_gmt":"2021-03-04T00:30:28","guid":{"rendered":"https:\/\/www.3p-gmbh.de\/produkt\/mesa-com-rodizios-inclinados-herzog-heymann-76-cm-407\/"},"modified":"2021-03-04T00:30:28","modified_gmt":"2021-03-04T00:30:28","slug":"herzog-heymann-76-cm-mesa-de-rolos-roscados-407","status":"publish","type":"product","link":"https:\/\/www.3p-gmbh.de\/pt-br\/produkt\/herzog-heymann-76-cm-mesa-de-rolos-roscados-407\/","title":{"rendered":"Mesa com rod\u00edzios inclinados Herzog &amp; Heymann 76 cm 407"},"content":{"rendered":"<p><strong>Mesa de rolos inclinados Herzog &amp; Heymann 407<\/strong><br \/>\n<strong>do ano. 11-2010<\/strong><br \/>\nLargura da entrada 76cm<br \/>\nR\u00e9gua de alimenta\u00e7\u00e3o com guias HighSpeed 90\u00b0 no sentido de marcha<br \/>\nbase m\u00f3vel<br \/>\ncom motor pr\u00f3prio e controlo infinitamente vari\u00e1vel<br \/>\n<strong> <\/strong><br \/>\n<strong>Totalmente revisto por n\u00f3s para entrega na oficina<\/strong><\/p>\n","protected":false},"excerpt":{"rendered":"<p>Mesa de rolos inclinados Herzog &amp; Heymann 407 do ano. 11-2010 Largura da entrada 76cm R\u00e9gua de alimenta\u00e7\u00e3o com guias HighSpeed 90\u00b0 no sentido de marcha base m\u00f3vel com motor pr\u00f3prio e controlo infinitamente vari\u00e1vel Totalmente revisto por n\u00f3s para entrega na oficina<\/p>\n","protected":false},"featured_media":79734,"template":"","meta":[],"product_brand":[],"product_cat":[2882],"product_tag":[],"class_list":{"0":"post-90167","1":"product","2":"type-product","3":"status-publish","4":"has-post-thumbnail","6":"product_cat-acessorios-para-maquinas-de-dobrar","7":"pa_hersteller-herzog-heymann","8":"pa_typ-2139","10":"first","11":"instock","12":"taxable","13":"shipping-taxable","14":"product-type-simple"},"jetpack_sharing_enabled":true,"_links":{"self":[{"href":"https:\/\/www.3p-gmbh.de\/pt-br\/wp-json\/wp\/v2\/product\/90167","targetHints":{"allow":["GET"]}}],"collection":[{"href":"https:\/\/www.3p-gmbh.de\/pt-br\/wp-json\/wp\/v2\/product"}],"about":[{"href":"https:\/\/www.3p-gmbh.de\/pt-br\/wp-json\/wp\/v2\/types\/product"}],"wp:featuredmedia":[{"embeddable":true,"href":"https:\/\/www.3p-gmbh.de\/pt-br\/wp-json\/wp\/v2\/media\/79734"}],"wp:attachment":[{"href":"https:\/\/www.3p-gmbh.de\/pt-br\/wp-json\/wp\/v2\/media?parent=90167"}],"wp:term":[{"taxonomy":"product_brand","embeddable":true,"href":"https:\/\/www.3p-gmbh.de\/pt-br\/wp-json\/wp\/v2\/product_brand?post=90167"},{"taxonomy":"product_cat","embeddable":true,"href":"https:\/\/www.3p-gmbh.de\/pt-br\/wp-json\/wp\/v2\/product_cat?post=90167"},{"taxonomy":"product_tag","embeddable":true,"href":"https:\/\/www.3p-gmbh.de\/pt-br\/wp-json\/wp\/v2\/product_tag?post=90167"}],"curies":[{"name":"wp","href":"https:\/\/api.w.org\/{rel}","templated":true}]}}