{"id":90160,"date":"2021-03-04T00:51:49","date_gmt":"2021-03-04T00:51:49","guid":{"rendered":"https:\/\/www.3p-gmbh.de\/produkt\/contemp-druckereitechnik-prs-24-estacao-de-bombagem-e-controlo-armario-de-bomba-de-circulacao\/"},"modified":"2021-03-04T00:51:49","modified_gmt":"2021-03-04T00:51:49","slug":"contemp-pressure-technology-prs-24-bomba-estacao-de-controlo-bomba-circulante-gabinete","status":"publish","type":"product","link":"https:\/\/www.3p-gmbh.de\/pt-br\/produkt\/contemp-pressure-technology-prs-24-bomba-estacao-de-controlo-bomba-circulante-gabinete\/","title":{"rendered":"ConTemp Druckereitechnik PRS 24 Esta\u00e7\u00e3o de bombagem e controlo Arm\u00e1rio de bomba de circula\u00e7\u00e3o"},"content":{"rendered":"<div><span style=\"font-family: Arial;\"><span style=\"color: #0000ff;\"><br \/>\n  <strong>Tecnologia de press\u00e3o ConTemp Arm\u00e1rio de bomba de circula\u00e7\u00e3o<\/strong><br \/>\n<\/span> <span style=\"color: #ff0000;\"><br \/>\n  <strong> PRS 24 Esta\u00e7\u00e3o de bombagem e controlo<\/strong><br \/>\n<\/span><\/span><\/div>\n<div><span style=\"font-family: Arial;\">Para o circuito de arrefecimento de prensas de impress\u00e3o com uma capacidade de 18.000 litros por hora Circula\u00e7\u00e3o para arrefecedores externos<\/span><\/div>\n<div><\/div>\n<div><span style=\"font-family: Arial;\">com bomba de circula\u00e7\u00e3o incorporada WILO-HELIXm VE1603-4.0- 1\/16\/E\/KS<\/span><\/div>\n<div><span style=\"font-family: Arial;\">(bomba de alta press\u00e3o multicelular com aspira\u00e7\u00e3o normal, de conce\u00e7\u00e3o vertical com liga\u00e7\u00f5es em linha)<\/span><\/div>\n","protected":false},"excerpt":{"rendered":"<p>Tecnologia de press\u00e3o ConTemp Arm\u00e1rio de bomba de circula\u00e7\u00e3o PRS 24 Esta\u00e7\u00e3o de bombagem e controlo Para o circuito de arrefecimento de prensas de impress\u00e3o com uma capacidade de 18.000 litros por hora Circula\u00e7\u00e3o para arrefecedores externos com bomba de circula\u00e7\u00e3o incorporada WILO-HELIXm VE1603-4.0- 1\/16\/E\/KS (bomba de alta press\u00e3o multicelular com aspira\u00e7\u00e3o normal, de conce\u00e7\u00e3o [&hellip;]<\/p>\n","protected":false},"featured_media":79779,"template":"","meta":[],"product_brand":[],"product_cat":[2898],"product_tag":[],"class_list":{"0":"post-90160","1":"product","2":"type-product","3":"status-publish","4":"has-post-thumbnail","6":"product_cat-acessorios-e-pecas-sobressalentes-para-prensas","7":"pa_hersteller-contemp-druckereitechnik","8":"pa_typ-prs-24","10":"first","11":"instock","12":"taxable","13":"shipping-taxable","14":"product-type-simple"},"jetpack_sharing_enabled":true,"_links":{"self":[{"href":"https:\/\/www.3p-gmbh.de\/pt-br\/wp-json\/wp\/v2\/product\/90160","targetHints":{"allow":["GET"]}}],"collection":[{"href":"https:\/\/www.3p-gmbh.de\/pt-br\/wp-json\/wp\/v2\/product"}],"about":[{"href":"https:\/\/www.3p-gmbh.de\/pt-br\/wp-json\/wp\/v2\/types\/product"}],"wp:featuredmedia":[{"embeddable":true,"href":"https:\/\/www.3p-gmbh.de\/pt-br\/wp-json\/wp\/v2\/media\/79779"}],"wp:attachment":[{"href":"https:\/\/www.3p-gmbh.de\/pt-br\/wp-json\/wp\/v2\/media?parent=90160"}],"wp:term":[{"taxonomy":"product_brand","embeddable":true,"href":"https:\/\/www.3p-gmbh.de\/pt-br\/wp-json\/wp\/v2\/product_brand?post=90160"},{"taxonomy":"product_cat","embeddable":true,"href":"https:\/\/www.3p-gmbh.de\/pt-br\/wp-json\/wp\/v2\/product_cat?post=90160"},{"taxonomy":"product_tag","embeddable":true,"href":"https:\/\/www.3p-gmbh.de\/pt-br\/wp-json\/wp\/v2\/product_tag?post=90160"}],"curies":[{"name":"wp","href":"https:\/\/api.w.org\/{rel}","templated":true}]}}