{"id":90150,"date":"2021-03-04T00:46:15","date_gmt":"2021-03-04T00:46:15","guid":{"rendered":"https:\/\/www.3p-gmbh.de\/produkt\/seladora-de-pelicula-hpl-450-as\/"},"modified":"2021-03-04T00:46:15","modified_gmt":"2021-03-04T00:46:15","slug":"soldador-de-folha-de-aluminio-hpl-450-as","status":"publish","type":"product","link":"https:\/\/www.3p-gmbh.de\/pt-br\/produkt\/soldador-de-folha-de-aluminio-hpl-450-as\/","title":{"rendered":"Seladora de pel\u00edcula HPL 450 AS"},"content":{"rendered":"<p><strong>Seladora de pel\u00edcula HPL 450 AS<\/strong><\/p>\n<p><em>Soldadura orientada r\u00e1pida, simples e eficaz de pel\u00edculas termopl\u00e1sticas<\/em><\/p>\n<ul>\n<li>Soldador de vigas<\/li>\n<li>M\u00e1quina de soldar por impulso semi-autom\u00e1tica<\/li>\n<li>Soldadura e tratamento de qualquer tipo de pel\u00edcula termopl\u00e1stica<\/li>\n<li>Tempo de soldadura autom\u00e1tica continuamente ajust\u00e1vel<\/li>\n<li>Press\u00e3o de contacto consistente em todo o processo<\/li>\n<li>N\u00e3o \u00e9 necess\u00e1rio tempo de aquecimento<\/li>\n<li>dispositivo de corte integrado<\/li>\n<li>Interruptor de p\u00e9<\/li>\n<\/ul>\n<p>Comprimento do cord\u00e3o de soldadura: 450 mm<br \/>\nComprimento de corte 360: mm<br \/>\nM\u00e1ximo. Espessura da pel\u00edcula com PE: 2 x 200 my<br \/>\nLargura do cord\u00e3o de soldadura: 3 mm<br \/>\nLiga\u00e7\u00e3o el\u00e9ctrica: 230 V, 50\/60 Hz<\/p>\n","protected":false},"excerpt":{"rendered":"<p>Seladora de pel\u00edcula HPL 450 AS Soldadura orientada r\u00e1pida, simples e eficaz de pel\u00edculas termopl\u00e1sticas Soldador de vigas M\u00e1quina de soldar por impulso semi-autom\u00e1tica Soldadura e tratamento de qualquer tipo de pel\u00edcula termopl\u00e1stica Tempo de soldadura autom\u00e1tica continuamente ajust\u00e1vel Press\u00e3o de contacto consistente em todo o processo N\u00e3o \u00e9 necess\u00e1rio tempo de aquecimento dispositivo de [&hellip;]<\/p>\n","protected":false},"featured_media":79776,"template":"","meta":[],"product_brand":[],"product_cat":[3026],"product_tag":[],"class_list":{"0":"post-90150","1":"product","2":"type-product","3":"status-publish","4":"has-post-thumbnail","6":"product_cat-embalagem-de-pelicula-e-embaladora-extensivel","7":"pa_hersteller-ht-verpackungen","8":"pa_typ-hpl-450-as","10":"first","11":"instock","12":"taxable","13":"shipping-taxable","14":"product-type-simple"},"jetpack_sharing_enabled":true,"_links":{"self":[{"href":"https:\/\/www.3p-gmbh.de\/pt-br\/wp-json\/wp\/v2\/product\/90150","targetHints":{"allow":["GET"]}}],"collection":[{"href":"https:\/\/www.3p-gmbh.de\/pt-br\/wp-json\/wp\/v2\/product"}],"about":[{"href":"https:\/\/www.3p-gmbh.de\/pt-br\/wp-json\/wp\/v2\/types\/product"}],"wp:featuredmedia":[{"embeddable":true,"href":"https:\/\/www.3p-gmbh.de\/pt-br\/wp-json\/wp\/v2\/media\/79776"}],"wp:attachment":[{"href":"https:\/\/www.3p-gmbh.de\/pt-br\/wp-json\/wp\/v2\/media?parent=90150"}],"wp:term":[{"taxonomy":"product_brand","embeddable":true,"href":"https:\/\/www.3p-gmbh.de\/pt-br\/wp-json\/wp\/v2\/product_brand?post=90150"},{"taxonomy":"product_cat","embeddable":true,"href":"https:\/\/www.3p-gmbh.de\/pt-br\/wp-json\/wp\/v2\/product_cat?post=90150"},{"taxonomy":"product_tag","embeddable":true,"href":"https:\/\/www.3p-gmbh.de\/pt-br\/wp-json\/wp\/v2\/product_tag?post=90150"}],"curies":[{"name":"wp","href":"https:\/\/api.w.org\/{rel}","templated":true}]}}