{"id":90143,"date":"2021-03-08T11:03:42","date_gmt":"2021-03-08T11:03:42","guid":{"rendered":"https:\/\/www.3p-gmbh.de\/produkt\/maquina-de-colagem-de-dois-rolos-sumbel-roland-400\/"},"modified":"2021-03-08T11:03:42","modified_gmt":"2021-03-08T11:03:42","slug":"maquina-de-recolha-de-dois-rolos-sumbel-roland-400","status":"publish","type":"product","link":"https:\/\/www.3p-gmbh.de\/pt-br\/produkt\/maquina-de-recolha-de-dois-rolos-sumbel-roland-400\/","title":{"rendered":"M\u00e1quina de colagem de dois rolos Sumbel Roland 400"},"content":{"rendered":"<p><strong>M\u00e1quina de colagem de dois rolos Sumbel Roland 400<\/strong><br \/>\npara papel, cart\u00e3o, cart\u00e3o, couro, etc.<br \/>\n&#8211; Acionamento do motor 230 volts 1 fase, com comuta\u00e7\u00e3o por passos<br \/>\n&#8211; Rolos de lat\u00e3o inoxid\u00e1vel<br \/>\n&#8211; Bacia de chumbo frio em lat\u00e3o, ajust\u00e1vel em altura<br \/>\n&#8211; Largura do rolo: 400 mm<br \/>\n&#8211; Raspador<\/p>\n","protected":false},"excerpt":{"rendered":"<p>M\u00e1quina de colagem de dois rolos Sumbel Roland 400 para papel, cart\u00e3o, cart\u00e3o, couro, etc. &#8211; Acionamento do motor 230 volts 1 fase, com comuta\u00e7\u00e3o por passos &#8211; Rolos de lat\u00e3o inoxid\u00e1vel &#8211; Bacia de chumbo frio em lat\u00e3o, ajust\u00e1vel em altura &#8211; Largura do rolo: 400 mm &#8211; Raspador<\/p>\n","protected":false},"featured_media":79863,"template":"","meta":[],"product_brand":[],"product_cat":[2892],"product_tag":[],"class_list":{"0":"post-90143","1":"product","2":"type-product","3":"status-publish","4":"has-post-thumbnail","6":"product_cat-encadernacao-de-sortido","7":"pa_hersteller-sumbel","8":"pa_typ-roland-400","10":"first","11":"instock","12":"taxable","13":"shipping-taxable","14":"product-type-simple"},"jetpack_sharing_enabled":true,"_links":{"self":[{"href":"https:\/\/www.3p-gmbh.de\/pt-br\/wp-json\/wp\/v2\/product\/90143","targetHints":{"allow":["GET"]}}],"collection":[{"href":"https:\/\/www.3p-gmbh.de\/pt-br\/wp-json\/wp\/v2\/product"}],"about":[{"href":"https:\/\/www.3p-gmbh.de\/pt-br\/wp-json\/wp\/v2\/types\/product"}],"wp:featuredmedia":[{"embeddable":true,"href":"https:\/\/www.3p-gmbh.de\/pt-br\/wp-json\/wp\/v2\/media\/79863"}],"wp:attachment":[{"href":"https:\/\/www.3p-gmbh.de\/pt-br\/wp-json\/wp\/v2\/media?parent=90143"}],"wp:term":[{"taxonomy":"product_brand","embeddable":true,"href":"https:\/\/www.3p-gmbh.de\/pt-br\/wp-json\/wp\/v2\/product_brand?post=90143"},{"taxonomy":"product_cat","embeddable":true,"href":"https:\/\/www.3p-gmbh.de\/pt-br\/wp-json\/wp\/v2\/product_cat?post=90143"},{"taxonomy":"product_tag","embeddable":true,"href":"https:\/\/www.3p-gmbh.de\/pt-br\/wp-json\/wp\/v2\/product_tag?post=90143"}],"curies":[{"name":"wp","href":"https:\/\/api.w.org\/{rel}","templated":true}]}}