{"id":90139,"date":"2021-03-08T11:33:01","date_gmt":"2021-03-08T11:33:01","guid":{"rendered":"https:\/\/www.3p-gmbh.de\/produkt\/cortador-de-pilha-profissional-eba-551-06-com-2-facas\/"},"modified":"2021-03-08T11:33:01","modified_gmt":"2021-03-08T11:33:01","slug":"cortador-de-pilha-profissional-eba-551-06-com-2-laminas","status":"publish","type":"product","link":"https:\/\/www.3p-gmbh.de\/pt-br\/produkt\/cortador-de-pilha-profissional-eba-551-06-com-2-laminas\/","title":{"rendered":"Cortador de pilha profissional EBA 551-06 com 2 facas"},"content":{"rendered":"<p><strong>Cortador de pilha profissional EBA 551-06 com 2 facas<\/strong><br \/>\nAno de fabrico 2008<\/p>\n<p><em>Equipamento de m\u00e1quinas:<\/em><br \/>\nAcionamento eletromec\u00e2nico para facas;<br \/>\nAcionamento hidr\u00e1ulico da viga de prensagem;<br \/>\nPress\u00e3o de prensagem infinitamente vari\u00e1vel (250-2000 kg) com ecr\u00e3 visual;<br \/>\ntampa da barra de prensagem encaix\u00e1vel com fecho de press\u00e3o e indicador visual; acionamento eletromec\u00e2nico do calibre traseiro atrav\u00e9s de um fuso de precis\u00e3o (velocidade 53 mm\/seg.);<br \/>\nPedal para pr\u00e9-prensagem ou como cortador;<br \/>\nVisor \u00f3tico seccional com d\u00edodos emissores de luz (LEDs);<br \/>\nTampos de mesa em a\u00e7o inoxid\u00e1vel nas mesas frontais e laterais;<br \/>\nL\u00e2mina de corte HSS de alta qualidade;<br \/>\ncorte em baloi\u00e7o, amigo dos materiais;<br \/>\nPorta-l\u00e2minas totalmente em a\u00e7o, guiado e regul\u00e1vel em ambos os lados; regula\u00e7\u00e3o do calado da l\u00e2mina;<br \/>\nMesas de apoio \u00e0 direita e \u00e0 esquerda<\/p>\n<p><em>Equipamento de seguran\u00e7a &#8220;SCS&#8221; (SAFETY CUTTING SYSTEM):<\/em><br \/>\n\u00c1rea frontal da mesa protegida eletronicamente atrav\u00e9s de uma barreira luminosa de seguran\u00e7a e de uma cobertura traseira transparente da mesa; desbloqueio seguro do corte com duas m\u00e3os, com controlo de simultaneidade e bloqueio de repeti\u00e7\u00e3o; retorno autom\u00e1tico da faca e da barra de prensagem a partir de qualquer posi\u00e7\u00e3o; bloqueio do interrutor e interrutor principal bloque\u00e1vel; dispositivo de mudan\u00e7a da faca com o gume da faca coberto; controlo de 24 volts; \u00e2ngulo de impacto do papel.<\/p>\n<p><em>Controlo da bitola traseira:<\/em><br \/>\n99 programas de mem\u00f3ria com um m\u00e1ximo de 99 passos cada;<br \/>\nPrograma\u00e7\u00e3o da dimens\u00e3o da cadeia com at\u00e9 9 passos poss\u00edveis no programa; sequ\u00eancia autom\u00e1tica do programa com monitoriza\u00e7\u00e3o do corte no programa e no modo de mem\u00f3ria;<br \/>\nEntrada direta de medidas atrav\u00e9s do teclado num\u00e9rico;<br \/>\n3 teclas de mem\u00f3ria para medi\u00e7\u00f5es fixas (livremente program\u00e1veis);<br \/>\nEcr\u00e3 de medi\u00e7\u00e3o digital eletr\u00f3nico com precis\u00e3o de 1\/10 mm;<br \/>\nBot\u00e3o de ajuste para medi\u00e7\u00e3o de refer\u00eancia;<br \/>\nVolante eletr\u00f3nico com regula\u00e7\u00e3o de velocidade infinitamente vari\u00e1vel da r\u00e9gua de medi\u00e7\u00e3o;<br \/>\nBot\u00e3o de pesquisa r\u00e1pida para avan\u00e7ar e retroceder rapidamente a bitola; corre\u00e7\u00e3o dimensional autom\u00e1tica em caso de desloca\u00e7\u00e3o da bitola;<br \/>\nModo de mem\u00f3ria para cortes repetidos (com o toque de um bot\u00e3o),<br \/>\nmem\u00f3ria autom\u00e1tica adicional; fun\u00e7\u00e3o de eje\u00e7\u00e3o de papel (EJECT) com e sem opera\u00e7\u00e3o do programa (trajet\u00f3ria de alimenta\u00e7\u00e3o program\u00e1vel); possibilidade de apagar (DELETE), inserir (INSERT) e substituir passos do programa; calculadora integrada (4 opera\u00e7\u00f5es aritm\u00e9ticas b\u00e1sicas);<br \/>\nSistema de auto-diagn\u00f3stico com indica\u00e7\u00e3o de erro no ecr\u00e3;<br \/>\nComuta\u00e7\u00e3o m\u00e9trica\/polegada.<\/p>\n<p>Comprimento de corte (mm) 550<br \/>\nAltura do encaixe (mm) 80<br \/>\nProfundidade de inser\u00e7\u00e3o (mm) 550<br \/>\nCorte residual sem cobertura da barra de prensagem 20 mm, com cobertura da barra de prensagem 90mm<\/p>\n","protected":false},"excerpt":{"rendered":"<p>Cortador de pilha profissional EBA 551-06 com 2 facas Ano de fabrico 2008 Equipamento de m\u00e1quinas: Acionamento eletromec\u00e2nico para facas; Acionamento hidr\u00e1ulico da viga de prensagem; Press\u00e3o de prensagem infinitamente vari\u00e1vel (250-2000 kg) com ecr\u00e3 visual; tampa da barra de prensagem encaix\u00e1vel com fecho de press\u00e3o e indicador visual; acionamento eletromec\u00e2nico do calibre traseiro atrav\u00e9s [&hellip;]<\/p>\n","protected":false},"featured_media":79884,"template":"","meta":[],"product_brand":[],"product_cat":[3017],"product_tag":[],"class_list":{"0":"post-90139","1":"product","2":"type-product","3":"status-publish","4":"has-post-thumbnail","6":"product_cat-maquinas-de-corte","7":"pa_hersteller-eba","8":"pa_typ-551-06","10":"first","11":"instock","12":"taxable","13":"shipping-taxable","14":"product-type-simple"},"jetpack_sharing_enabled":true,"_links":{"self":[{"href":"https:\/\/www.3p-gmbh.de\/pt-br\/wp-json\/wp\/v2\/product\/90139","targetHints":{"allow":["GET"]}}],"collection":[{"href":"https:\/\/www.3p-gmbh.de\/pt-br\/wp-json\/wp\/v2\/product"}],"about":[{"href":"https:\/\/www.3p-gmbh.de\/pt-br\/wp-json\/wp\/v2\/types\/product"}],"wp:featuredmedia":[{"embeddable":true,"href":"https:\/\/www.3p-gmbh.de\/pt-br\/wp-json\/wp\/v2\/media\/79884"}],"wp:attachment":[{"href":"https:\/\/www.3p-gmbh.de\/pt-br\/wp-json\/wp\/v2\/media?parent=90139"}],"wp:term":[{"taxonomy":"product_brand","embeddable":true,"href":"https:\/\/www.3p-gmbh.de\/pt-br\/wp-json\/wp\/v2\/product_brand?post=90139"},{"taxonomy":"product_cat","embeddable":true,"href":"https:\/\/www.3p-gmbh.de\/pt-br\/wp-json\/wp\/v2\/product_cat?post=90139"},{"taxonomy":"product_tag","embeddable":true,"href":"https:\/\/www.3p-gmbh.de\/pt-br\/wp-json\/wp\/v2\/product_tag?post=90139"}],"curies":[{"name":"wp","href":"https:\/\/api.w.org\/{rel}","templated":true}]}}