{"id":90134,"date":"2021-03-08T13:16:02","date_gmt":"2021-03-08T13:16:02","guid":{"rendered":"https:\/\/www.3p-gmbh.de\/produkt\/virador-de-estacas-com-jogging-e-ventilacao-rachner-pt-1000-pars\/"},"modified":"2021-03-08T13:16:02","modified_gmt":"2021-03-08T13:16:02","slug":"torniquete-de-pilha-com-descanso-e-ventilacao-rachner-pt-1000-pars","status":"publish","type":"product","link":"https:\/\/www.3p-gmbh.de\/pt-br\/produkt\/torniquete-de-pilha-com-descanso-e-ventilacao-rachner-pt-1000-pars\/","title":{"rendered":"Virador de estacas com jogging e ventila\u00e7\u00e3o Rachner PT 1000 PA+RS"},"content":{"rendered":"<div><span style=\"font-family: Arial;\"><strong>Virador de estacas modelo Rachner PT 1000 PA+RS<br \/>\nBj. 2007 com a atual UVV<\/strong><\/span><\/div>\n<div><\/div>\n<ul>\n<li><span style=\"font-family: Arial;\">Plataforma 900x1300mm<\/span><\/li>\n<li><span style=\"font-family: Arial;\">m\u00e1ximo. Abertura 1340mm<\/span><\/li>\n<li><span style=\"font-family: Arial;\">com ventila\u00e7\u00e3o com ventilador de frequ\u00eancia controlada<\/span><\/li>\n<li><span style=\"font-family: Arial;\">com dispositivo vibrat\u00f3rio com r\u00e9gua de alinhamento<\/span><\/li>\n<\/ul>\n<p><a href=\"https:\/\/www.3p-gmbh.de\/wp-content\/uploads\/2021\/03\/Bedienungshandbuch-Rachner-Stapelwender-R-1000-PA.pdf\">Manual de instru\u00e7\u00f5es Rachner Pile Turner R 1000 PA<\/a><\/p>\n","protected":false},"excerpt":{"rendered":"<p>Virador de estacas modelo Rachner PT 1000 PA+RS Bj. 2007 com a atual UVV Plataforma 900x1300mm m\u00e1ximo. Abertura 1340mm com ventila\u00e7\u00e3o com ventilador de frequ\u00eancia controlada com dispositivo vibrat\u00f3rio com r\u00e9gua de alinhamento Manual de instru\u00e7\u00f5es Rachner Pile Turner R 1000 PA<\/p>\n","protected":false},"featured_media":79929,"template":"","meta":[],"product_brand":[],"product_cat":[2897],"product_tag":[],"class_list":{"0":"post-90134","1":"product","2":"type-product","3":"status-publish","4":"has-post-thumbnail","6":"product_cat-virador-de-estacas","7":"pa_hersteller-manfred-rachner","8":"pa_typ-pt-1000-pars","10":"first","11":"instock","12":"taxable","13":"shipping-taxable","14":"product-type-simple"},"jetpack_sharing_enabled":true,"_links":{"self":[{"href":"https:\/\/www.3p-gmbh.de\/pt-br\/wp-json\/wp\/v2\/product\/90134","targetHints":{"allow":["GET"]}}],"collection":[{"href":"https:\/\/www.3p-gmbh.de\/pt-br\/wp-json\/wp\/v2\/product"}],"about":[{"href":"https:\/\/www.3p-gmbh.de\/pt-br\/wp-json\/wp\/v2\/types\/product"}],"wp:featuredmedia":[{"embeddable":true,"href":"https:\/\/www.3p-gmbh.de\/pt-br\/wp-json\/wp\/v2\/media\/79929"}],"wp:attachment":[{"href":"https:\/\/www.3p-gmbh.de\/pt-br\/wp-json\/wp\/v2\/media?parent=90134"}],"wp:term":[{"taxonomy":"product_brand","embeddable":true,"href":"https:\/\/www.3p-gmbh.de\/pt-br\/wp-json\/wp\/v2\/product_brand?post=90134"},{"taxonomy":"product_cat","embeddable":true,"href":"https:\/\/www.3p-gmbh.de\/pt-br\/wp-json\/wp\/v2\/product_cat?post=90134"},{"taxonomy":"product_tag","embeddable":true,"href":"https:\/\/www.3p-gmbh.de\/pt-br\/wp-json\/wp\/v2\/product_tag?post=90134"}],"curies":[{"name":"wp","href":"https:\/\/api.w.org\/{rel}","templated":true}]}}