{"id":90120,"date":"2021-03-24T09:26:30","date_gmt":"2021-03-24T09:26:30","guid":{"rendered":"https:\/\/www.3p-gmbh.de\/produkt\/transportador-de-rolos-de-tesoura-gura-1200-425-2kux\/"},"modified":"2021-03-24T09:26:30","modified_gmt":"2021-03-24T09:26:30","slug":"gura-scheren-rollenbahn-1200-425-2kux_2","status":"publish","type":"product","link":"https:\/\/www.3p-gmbh.de\/pt-br\/produkt\/gura-scheren-rollenbahn-1200-425-2kux_2\/","title":{"rendered":"Transportador de rolos de tesoura Gura 1200-425 2KUX"},"content":{"rendered":"<div><span style=\"color: #0000ff; font-family: Arial;\"><strong>Transportador de rolos de tesoura Gura 1200-425 2KUX com altura m\u00f3vel ajust\u00e1vel<\/strong><\/span><\/div>\n<div><span style=\"color: #0000ff; font-family: Arial;\"><strong>do ano. 2009<\/strong><\/span><\/div>\n<div><\/div>\n<div><span style=\"font-family: Arial;\">Os transportadores de rolos de tesoura s\u00e3o utilizados em todas as \u00e1reas de transporte de carga geral na empresa.<\/span><\/div>\n<div><span style=\"font-family: Arial;\">Esta variante m\u00f3vel \u00e9 utilizada sobretudo quando n\u00e3o se pretende um sistema montado de forma permanente.<br \/>\nAs estruturas log\u00edsticas pr\u00f3prias podem, assim, ser adaptadas e ampliadas de forma \u00f3ptima, conforme desejado.<\/span><\/div>\n<div>\n<p><span style=\"font-family: Arial;\">As calhas podem ser ajustadas individualmente em comprimento e altura, e podem ser formadas curvas at\u00e9 180\u00b0 ao mesmo tempo.<\/span><\/p>\n<p>&#8211; acabamento galvanizado brilhante<br \/>\n&#8211; Altura do bordo superior da via regul\u00e1vel de 720 a 1150 mm.<br \/>\n&#8211; Para mercadorias transportadas at\u00e9 400 mm<br \/>\n&#8211; Dist\u00e2ncia entre centros com calha alargada 150 mm.<br \/>\n&#8211; Rodas (\u00d8 50 mm) com rolamentos de esferas sobre eixos de 8 mm<br \/>\n&#8211; Batente final na extremidade do rod\u00edzio<\/p>\n<\/div>\n<div>\n<p>N\u00famero de p\u00e9s de apoio 4 pe\u00e7as <span style=\"color: #ff0000;\"><br \/>\n  <strong>(+uma extens\u00e3o)<\/strong><br \/>\n<\/span><br \/>\nComprimento da banda <span style=\"color: #ff0000;\"><br \/>\n  <strong>2100 &#8211; 6500 mm<\/strong><br \/>\n<\/span><br \/>\nCapacidade de carga\/dist\u00e2ncia da perna de apoio 100 kg<br \/>\nMaterial do rolo: pl\u00e1stico<br \/>\nRolos por eixo 2 pe\u00e7as<br \/>\nPl\u00e1stico com design de rod\u00edzio<\/p>\n<\/div>\n","protected":false},"excerpt":{"rendered":"<p>Transportador de rolos de tesoura Gura 1200-425 2KUX com altura m\u00f3vel ajust\u00e1vel do ano. 2009 Os transportadores de rolos de tesoura s\u00e3o utilizados em todas as \u00e1reas de transporte de carga geral na empresa. Esta variante m\u00f3vel \u00e9 utilizada sobretudo quando n\u00e3o se pretende um sistema montado de forma permanente. As estruturas log\u00edsticas pr\u00f3prias podem, [&hellip;]<\/p>\n","protected":false},"featured_media":80019,"template":"","meta":[],"product_brand":[],"product_cat":[3041],"product_tag":[],"class_list":{"0":"post-90120","1":"product","2":"type-product","3":"status-publish","4":"has-post-thumbnail","6":"product_cat-tecnologia-de-transporte","7":"pa_hersteller-gura","8":"pa_typ-1200-425-2kux","10":"first","11":"instock","12":"taxable","13":"shipping-taxable","14":"product-type-simple"},"jetpack_sharing_enabled":true,"_links":{"self":[{"href":"https:\/\/www.3p-gmbh.de\/pt-br\/wp-json\/wp\/v2\/product\/90120","targetHints":{"allow":["GET"]}}],"collection":[{"href":"https:\/\/www.3p-gmbh.de\/pt-br\/wp-json\/wp\/v2\/product"}],"about":[{"href":"https:\/\/www.3p-gmbh.de\/pt-br\/wp-json\/wp\/v2\/types\/product"}],"wp:featuredmedia":[{"embeddable":true,"href":"https:\/\/www.3p-gmbh.de\/pt-br\/wp-json\/wp\/v2\/media\/80019"}],"wp:attachment":[{"href":"https:\/\/www.3p-gmbh.de\/pt-br\/wp-json\/wp\/v2\/media?parent=90120"}],"wp:term":[{"taxonomy":"product_brand","embeddable":true,"href":"https:\/\/www.3p-gmbh.de\/pt-br\/wp-json\/wp\/v2\/product_brand?post=90120"},{"taxonomy":"product_cat","embeddable":true,"href":"https:\/\/www.3p-gmbh.de\/pt-br\/wp-json\/wp\/v2\/product_cat?post=90120"},{"taxonomy":"product_tag","embeddable":true,"href":"https:\/\/www.3p-gmbh.de\/pt-br\/wp-json\/wp\/v2\/product_tag?post=90120"}],"curies":[{"name":"wp","href":"https:\/\/api.w.org\/{rel}","templated":true}]}}