{"id":90107,"date":"2021-03-24T09:32:57","date_gmt":"2021-03-24T09:32:57","guid":{"rendered":"https:\/\/www.3p-gmbh.de\/produkt\/band-all-bandall-trl-24-30\/"},"modified":"2021-03-24T09:32:57","modified_gmt":"2021-03-24T09:32:57","slug":"banda-tudo-trl","status":"publish","type":"product","link":"https:\/\/www.3p-gmbh.de\/pt-br\/produkt\/banda-tudo-trl\/","title":{"rendered":"Band All \/ Bandall TRL 24-30"},"content":{"rendered":"<p><strong>Band All \/ Bandall TRL 24-30<\/strong><\/p>\n<ul>\n<li>Bandagem e agrupamento em configura\u00e7\u00e3o linear<\/li>\n<li>os produtos s\u00e3o transportados atrav\u00e9s da folha de cintagem por meio de uma linha reta de alimenta\u00e7\u00e3o e descarga<\/li>\n<li>O empurrador e o batente garantem que os produtos que pretende cintar s\u00e3o colocados corretamente na folha de cintagem<\/li>\n<\/ul>\n","protected":false},"excerpt":{"rendered":"<p>Band All \/ Bandall TRL 24-30 Bandagem e agrupamento em configura\u00e7\u00e3o linear os produtos s\u00e3o transportados atrav\u00e9s da folha de cintagem por meio de uma linha reta de alimenta\u00e7\u00e3o e descarga O empurrador e o batente garantem que os produtos que pretende cintar s\u00e3o colocados corretamente na folha de cintagem<\/p>\n","protected":false},"featured_media":80085,"template":"","meta":[],"product_brand":[],"product_cat":[2859],"product_tag":[],"class_list":{"0":"post-90107","1":"product","2":"type-product","3":"status-publish","4":"has-post-thumbnail","6":"product_cat-maquinas-de-banderoling","7":"pa_hersteller-band-all","8":"pa_typ-trl-24-30","10":"first","11":"instock","12":"taxable","13":"shipping-taxable","14":"product-type-simple"},"jetpack_sharing_enabled":true,"_links":{"self":[{"href":"https:\/\/www.3p-gmbh.de\/pt-br\/wp-json\/wp\/v2\/product\/90107","targetHints":{"allow":["GET"]}}],"collection":[{"href":"https:\/\/www.3p-gmbh.de\/pt-br\/wp-json\/wp\/v2\/product"}],"about":[{"href":"https:\/\/www.3p-gmbh.de\/pt-br\/wp-json\/wp\/v2\/types\/product"}],"wp:featuredmedia":[{"embeddable":true,"href":"https:\/\/www.3p-gmbh.de\/pt-br\/wp-json\/wp\/v2\/media\/80085"}],"wp:attachment":[{"href":"https:\/\/www.3p-gmbh.de\/pt-br\/wp-json\/wp\/v2\/media?parent=90107"}],"wp:term":[{"taxonomy":"product_brand","embeddable":true,"href":"https:\/\/www.3p-gmbh.de\/pt-br\/wp-json\/wp\/v2\/product_brand?post=90107"},{"taxonomy":"product_cat","embeddable":true,"href":"https:\/\/www.3p-gmbh.de\/pt-br\/wp-json\/wp\/v2\/product_cat?post=90107"},{"taxonomy":"product_tag","embeddable":true,"href":"https:\/\/www.3p-gmbh.de\/pt-br\/wp-json\/wp\/v2\/product_tag?post=90107"}],"curies":[{"name":"wp","href":"https:\/\/api.w.org\/{rel}","templated":true}]}}