{"id":90100,"date":"2021-04-06T10:16:50","date_gmt":"2021-04-06T10:16:50","guid":{"rendered":"https:\/\/www.3p-gmbh.de\/produkt\/cmc-maquina-de-moldar-tectos-q-cover-start-50-70\/"},"modified":"2021-04-06T10:16:50","modified_gmt":"2021-04-06T10:16:50","slug":"cmc-q-cover-start-50-70-ceiling-maker","status":"publish","type":"product","link":"https:\/\/www.3p-gmbh.de\/pt-br\/produkt\/cmc-q-cover-start-50-70-ceiling-maker\/","title":{"rendered":"CMC &#8211; M\u00e1quina de moldar tectos Q-Cover START 50-70"},"content":{"rendered":"<p><strong>CMC &#8211; M\u00e1quina de moldar tectos Q-Cover START 50-70<\/strong><\/p>\n<p>Unidade de envolvimento com mesa de ar de suc\u00e7\u00e3o e guia para posicionamento das placas de teto.<\/p>\n<p>Adequado para clientes que j\u00e1 possuem uma m\u00e1quina de colagem e uma m\u00e1quina de limpeza.<br \/>\nPara produtos de alta qualidade com um baixo investimento.<\/p>\n<p>Formato min. 12 x 15 cm<br \/>\nFormato m\u00e1ximo. 50 x 70 cm<br \/>\nEspessura do papel de capa 100 &#8211; 170 gramas\/m2<br \/>\nEspessura do cart\u00e3o 1,5 &#8211; 3,0 mm<\/p>\n<p><a href=\"http:\/\/www.cmc-italia.com\/pdf\/Q-Cover_CMC_Italia.pdf\">http:\/\/www.cmc-italia.com\/pdf\/Q-Cover_CMC_Italia.pdf<\/a><\/p>\n","protected":false},"excerpt":{"rendered":"<p>CMC &#8211; M\u00e1quina de moldar tectos Q-Cover START 50-70 Unidade de envolvimento com mesa de ar de suc\u00e7\u00e3o e guia para posicionamento das placas de teto. Adequado para clientes que j\u00e1 possuem uma m\u00e1quina de colagem e uma m\u00e1quina de limpeza. Para produtos de alta qualidade com um baixo investimento. Formato min. 12 x 15 [&hellip;]<\/p>\n","protected":false},"featured_media":80152,"template":"","meta":[],"product_brand":[],"product_cat":[2892],"product_tag":[],"class_list":{"0":"post-90100","1":"product","2":"type-product","3":"status-publish","4":"has-post-thumbnail","6":"product_cat-encadernacao-de-sortido","7":"pa_hersteller-cmc","8":"pa_typ-q-cover-start","10":"first","11":"instock","12":"taxable","13":"shipping-taxable","14":"product-type-simple"},"jetpack_sharing_enabled":true,"_links":{"self":[{"href":"https:\/\/www.3p-gmbh.de\/pt-br\/wp-json\/wp\/v2\/product\/90100","targetHints":{"allow":["GET"]}}],"collection":[{"href":"https:\/\/www.3p-gmbh.de\/pt-br\/wp-json\/wp\/v2\/product"}],"about":[{"href":"https:\/\/www.3p-gmbh.de\/pt-br\/wp-json\/wp\/v2\/types\/product"}],"wp:featuredmedia":[{"embeddable":true,"href":"https:\/\/www.3p-gmbh.de\/pt-br\/wp-json\/wp\/v2\/media\/80152"}],"wp:attachment":[{"href":"https:\/\/www.3p-gmbh.de\/pt-br\/wp-json\/wp\/v2\/media?parent=90100"}],"wp:term":[{"taxonomy":"product_brand","embeddable":true,"href":"https:\/\/www.3p-gmbh.de\/pt-br\/wp-json\/wp\/v2\/product_brand?post=90100"},{"taxonomy":"product_cat","embeddable":true,"href":"https:\/\/www.3p-gmbh.de\/pt-br\/wp-json\/wp\/v2\/product_cat?post=90100"},{"taxonomy":"product_tag","embeddable":true,"href":"https:\/\/www.3p-gmbh.de\/pt-br\/wp-json\/wp\/v2\/product_tag?post=90100"}],"curies":[{"name":"wp","href":"https:\/\/api.w.org\/{rel}","templated":true}]}}