{"id":90082,"date":"2021-04-06T10:40:41","date_gmt":"2021-04-06T10:40:41","guid":{"rendered":"https:\/\/www.3p-gmbh.de\/produkt\/puncao-para-furos\/"},"modified":"2021-04-06T10:40:41","modified_gmt":"2021-04-06T10:40:41","slug":"furador-de-polegar","status":"publish","type":"product","link":"https:\/\/www.3p-gmbh.de\/pt-br\/produkt\/furador-de-polegar\/","title":{"rendered":"Pun\u00e7\u00e3o para furos"},"content":{"rendered":"<p><strong>Pun\u00e7\u00e3o para furos<\/strong><\/p>\n","protected":false},"excerpt":{"rendered":"<p>Pun\u00e7\u00e3o para furos<\/p>\n","protected":false},"featured_media":80170,"template":"","meta":[],"product_brand":[],"product_cat":[2892,2868],"product_tag":[],"class_list":{"0":"post-90082","1":"product","2":"type-product","3":"status-publish","4":"has-post-thumbnail","6":"product_cat-encadernacao-de-sortido","7":"product_cat-outras-transformacoes-posteriores","9":"first","10":"instock","11":"taxable","12":"shipping-taxable","13":"product-type-simple"},"jetpack_sharing_enabled":true,"_links":{"self":[{"href":"https:\/\/www.3p-gmbh.de\/pt-br\/wp-json\/wp\/v2\/product\/90082","targetHints":{"allow":["GET"]}}],"collection":[{"href":"https:\/\/www.3p-gmbh.de\/pt-br\/wp-json\/wp\/v2\/product"}],"about":[{"href":"https:\/\/www.3p-gmbh.de\/pt-br\/wp-json\/wp\/v2\/types\/product"}],"wp:featuredmedia":[{"embeddable":true,"href":"https:\/\/www.3p-gmbh.de\/pt-br\/wp-json\/wp\/v2\/media\/80170"}],"wp:attachment":[{"href":"https:\/\/www.3p-gmbh.de\/pt-br\/wp-json\/wp\/v2\/media?parent=90082"}],"wp:term":[{"taxonomy":"product_brand","embeddable":true,"href":"https:\/\/www.3p-gmbh.de\/pt-br\/wp-json\/wp\/v2\/product_brand?post=90082"},{"taxonomy":"product_cat","embeddable":true,"href":"https:\/\/www.3p-gmbh.de\/pt-br\/wp-json\/wp\/v2\/product_cat?post=90082"},{"taxonomy":"product_tag","embeddable":true,"href":"https:\/\/www.3p-gmbh.de\/pt-br\/wp-json\/wp\/v2\/product_tag?post=90082"}],"curies":[{"name":"wp","href":"https:\/\/api.w.org\/{rel}","templated":true}]}}