{"id":90057,"date":"2021-04-06T20:09:13","date_gmt":"2021-04-06T20:09:13","guid":{"rendered":"https:\/\/www.3p-gmbh.de\/produkt\/compressor-worthington-rollair-rlr-750-bm-6-500-t-com-secador-de-ar-por-refrigeracao-hankison\/"},"modified":"2021-04-06T20:09:13","modified_gmt":"2021-04-06T20:09:13","slug":"compressor-worthington-rollair-rlr-750-bm-6-500-t-com-secador-de-ar-hankison-kaelte","status":"publish","type":"product","link":"https:\/\/www.3p-gmbh.de\/pt-br\/produkt\/compressor-worthington-rollair-rlr-750-bm-6-500-t-com-secador-de-ar-hankison-kaelte\/","title":{"rendered":"Compressor Worthington Rollair RLR 750 BM 6 500 T com secador de ar por refrigera\u00e7\u00e3o Hankison"},"content":{"rendered":"<p><strong>Compressor Worthington Rollair RLR 750 BM 6 500 T com secador de ar por refrigera\u00e7\u00e3o Hankison<\/strong><br \/>\ncom cerca de 28.000 horas de funcionamento<\/p>\n<p>Unidade compacta, totalmente autom\u00e1tica, com tubagem interna e cablagem,<br \/>\ncompress\u00e3o de fase \u00fanica com inje\u00e7\u00e3o de \u00f3leo, arrefecida a ar, silenciosa<\/p>\n<p>Press\u00e3o de funcionamento 10 bar<br \/>\nCaudal vol\u00famico 40 m3\/hora<br \/>\nPot\u00eancia 5,5 KW<br \/>\nCaldeira 500 litros<\/p>\n<p><a href=\"https:\/\/www.3p-gmbh.de\/wp-content\/uploads\/2021\/04\/ROLLAIR_550_2000_EN.pdf\">ROLLAIR_550_2000_PT<\/a><\/p>\n","protected":false},"excerpt":{"rendered":"<p>Compressor Worthington Rollair RLR 750 BM 6 500 T com secador de ar por refrigera\u00e7\u00e3o Hankison com cerca de 28.000 horas de funcionamento Unidade compacta, totalmente autom\u00e1tica, com tubagem interna e cablagem, compress\u00e3o de fase \u00fanica com inje\u00e7\u00e3o de \u00f3leo, arrefecida a ar, silenciosa Press\u00e3o de funcionamento 10 bar Caudal vol\u00famico 40 m3\/hora Pot\u00eancia 5,5 [&hellip;]<\/p>\n","protected":false},"featured_media":80317,"template":"","meta":[],"product_brand":[],"product_cat":[2927],"product_tag":[],"class_list":{"0":"post-90057","1":"product","2":"type-product","3":"status-publish","4":"has-post-thumbnail","6":"product_cat-compressores-e-bombas-de-vacuo","7":"pa_hersteller-worthington-creyssensac","8":"pa_typ-rollair-rlr-750-bm-6-500-t","10":"first","11":"instock","12":"taxable","13":"shipping-taxable","14":"product-type-simple"},"jetpack_sharing_enabled":true,"_links":{"self":[{"href":"https:\/\/www.3p-gmbh.de\/pt-br\/wp-json\/wp\/v2\/product\/90057","targetHints":{"allow":["GET"]}}],"collection":[{"href":"https:\/\/www.3p-gmbh.de\/pt-br\/wp-json\/wp\/v2\/product"}],"about":[{"href":"https:\/\/www.3p-gmbh.de\/pt-br\/wp-json\/wp\/v2\/types\/product"}],"wp:featuredmedia":[{"embeddable":true,"href":"https:\/\/www.3p-gmbh.de\/pt-br\/wp-json\/wp\/v2\/media\/80317"}],"wp:attachment":[{"href":"https:\/\/www.3p-gmbh.de\/pt-br\/wp-json\/wp\/v2\/media?parent=90057"}],"wp:term":[{"taxonomy":"product_brand","embeddable":true,"href":"https:\/\/www.3p-gmbh.de\/pt-br\/wp-json\/wp\/v2\/product_brand?post=90057"},{"taxonomy":"product_cat","embeddable":true,"href":"https:\/\/www.3p-gmbh.de\/pt-br\/wp-json\/wp\/v2\/product_cat?post=90057"},{"taxonomy":"product_tag","embeddable":true,"href":"https:\/\/www.3p-gmbh.de\/pt-br\/wp-json\/wp\/v2\/product_tag?post=90057"}],"curies":[{"name":"wp","href":"https:\/\/api.w.org\/{rel}","templated":true}]}}