{"id":90055,"date":"2021-04-06T20:01:18","date_gmt":"2021-04-06T20:01:18","guid":{"rendered":"https:\/\/www.3p-gmbh.de\/produkt\/empilhador-duplo-de-aco-heidelberg-tsh-100-para-entrega-de-pacotes-de-alta-capacidade\/"},"modified":"2021-04-06T20:01:18","modified_gmt":"2021-04-06T20:01:18","slug":"entrega-de-pacotes-de-elevado-desempenho-heidelberg-steel-twinstacker-tsh-100","status":"publish","type":"product","link":"https:\/\/www.3p-gmbh.de\/pt-br\/produkt\/entrega-de-pacotes-de-elevado-desempenho-heidelberg-steel-twinstacker-tsh-100\/","title":{"rendered":"Empilhador duplo de a\u00e7o Heidelberg TSH-100 para entrega de pacotes de alta capacidade"},"content":{"rendered":"<p><strong>Empilhador duplo de a\u00e7o Heidelberg TSH-100 para entrega de pacotes de alta capacidade<\/strong><br \/>\na partir de 2011<\/p>\n<p>-Ideal para a opera\u00e7\u00e3o por uma s\u00f3 pessoa em m\u00e1quinas de dobragem com velocidades de m\u00e1quina elevadas at\u00e9 18.000 ciclos<br \/>\n-Controlo MCT<br \/>\n-Disposi\u00e7\u00e3o sem marcas de at\u00e9 tr\u00eas pain\u00e9is, com remo\u00e7\u00e3o ergon\u00f3mica f\u00e1cil de utilizar<br \/>\n-max. Formato 1000x340mm<br \/>\n-min. Formato 100x100mm<br \/>\n-Espessura m\u00e1xima do produto. 6mm<br \/>\n-Altura de empilhamento por n\u00edvel m\u00e1x. 10 cm<\/p>\n","protected":false},"excerpt":{"rendered":"<p>Empilhador duplo de a\u00e7o Heidelberg TSH-100 para entrega de pacotes de alta capacidade a partir de 2011 -Ideal para a opera\u00e7\u00e3o por uma s\u00f3 pessoa em m\u00e1quinas de dobragem com velocidades de m\u00e1quina elevadas at\u00e9 18.000 ciclos -Controlo MCT -Disposi\u00e7\u00e3o sem marcas de at\u00e9 tr\u00eas pain\u00e9is, com remo\u00e7\u00e3o ergon\u00f3mica f\u00e1cil de utilizar -max. Formato 1000x340mm [&hellip;]<\/p>\n","protected":false},"featured_media":80287,"template":"","meta":[],"product_brand":[],"product_cat":[2919],"product_tag":[],"class_list":{"0":"post-90055","1":"product","2":"type-product","3":"status-publish","4":"has-post-thumbnail","6":"product_cat-despesas","7":"pa_hersteller-heidelberg-stahl","8":"pa_typ-tsh-100","10":"first","11":"instock","12":"taxable","13":"shipping-taxable","14":"product-type-simple"},"jetpack_sharing_enabled":true,"_links":{"self":[{"href":"https:\/\/www.3p-gmbh.de\/pt-br\/wp-json\/wp\/v2\/product\/90055","targetHints":{"allow":["GET"]}}],"collection":[{"href":"https:\/\/www.3p-gmbh.de\/pt-br\/wp-json\/wp\/v2\/product"}],"about":[{"href":"https:\/\/www.3p-gmbh.de\/pt-br\/wp-json\/wp\/v2\/types\/product"}],"wp:featuredmedia":[{"embeddable":true,"href":"https:\/\/www.3p-gmbh.de\/pt-br\/wp-json\/wp\/v2\/media\/80287"}],"wp:attachment":[{"href":"https:\/\/www.3p-gmbh.de\/pt-br\/wp-json\/wp\/v2\/media?parent=90055"}],"wp:term":[{"taxonomy":"product_brand","embeddable":true,"href":"https:\/\/www.3p-gmbh.de\/pt-br\/wp-json\/wp\/v2\/product_brand?post=90055"},{"taxonomy":"product_cat","embeddable":true,"href":"https:\/\/www.3p-gmbh.de\/pt-br\/wp-json\/wp\/v2\/product_cat?post=90055"},{"taxonomy":"product_tag","embeddable":true,"href":"https:\/\/www.3p-gmbh.de\/pt-br\/wp-json\/wp\/v2\/product_tag?post=90055"}],"curies":[{"name":"wp","href":"https:\/\/api.w.org\/{rel}","templated":true}]}}