{"id":90028,"date":"2021-04-30T10:20:21","date_gmt":"2021-04-30T10:20:21","guid":{"rendered":"https:\/\/www.3p-gmbh.de\/produkt\/dispositivo-de-protecao-polar-mohr-para-linhas-de-corte-especialmente-atras-de-transomats\/"},"modified":"2021-04-30T10:20:21","modified_gmt":"2021-04-30T10:20:21","slug":"dispositivo-de-protecao-polar-para-linhas-de-corte-especialmente-para-transomatas-de-testa","status":"publish","type":"product","link":"https:\/\/www.3p-gmbh.de\/pt-br\/produkt\/dispositivo-de-protecao-polar-para-linhas-de-corte-especialmente-para-transomatas-de-testa\/","title":{"rendered":"Dispositivo de prote\u00e7\u00e3o Polar Mohr para linhas de corte, especialmente atr\u00e1s de Transomats"},"content":{"rendered":"<p><strong>Dispositivo de prote\u00e7\u00e3o Polar Mohr para linhas de corte, especialmente atr\u00e1s de Transomats  <\/strong><\/p>\n<p>elementos de parede dispon\u00edveis:<\/p>\n<p>1 elemento: altura 170 cm , largura 100 cm<br \/>\n2 elementos: Altura 170 cm , largura 120 cm<br \/>\n2 elementos: altura 170 cm , largura 150 cm<\/p>\n<p>5 elementos: Altura 180 cm , largura 150 cm<br \/>\n4 elementos: Altura 180 cm , largura 60 cm<\/p>\n","protected":false},"excerpt":{"rendered":"<p>Dispositivo de prote\u00e7\u00e3o Polar Mohr para linhas de corte, especialmente atr\u00e1s de Transomats elementos de parede dispon\u00edveis: 1 elemento: altura 170 cm , largura 100 cm 2 elementos: Altura 170 cm , largura 120 cm 2 elementos: altura 170 cm , largura 150 cm 5 elementos: Altura 180 cm , largura 150 cm 4 elementos: [&hellip;]<\/p>\n","protected":false},"featured_media":80396,"template":"","meta":[],"product_brand":[],"product_cat":[3017],"product_tag":[],"class_list":{"0":"post-90028","1":"product","2":"type-product","3":"status-publish","4":"has-post-thumbnail","6":"product_cat-maquinas-de-corte","7":"pa_hersteller-polar-mohr","9":"first","10":"instock","11":"taxable","12":"shipping-taxable","13":"product-type-simple"},"jetpack_sharing_enabled":true,"_links":{"self":[{"href":"https:\/\/www.3p-gmbh.de\/pt-br\/wp-json\/wp\/v2\/product\/90028","targetHints":{"allow":["GET"]}}],"collection":[{"href":"https:\/\/www.3p-gmbh.de\/pt-br\/wp-json\/wp\/v2\/product"}],"about":[{"href":"https:\/\/www.3p-gmbh.de\/pt-br\/wp-json\/wp\/v2\/types\/product"}],"wp:featuredmedia":[{"embeddable":true,"href":"https:\/\/www.3p-gmbh.de\/pt-br\/wp-json\/wp\/v2\/media\/80396"}],"wp:attachment":[{"href":"https:\/\/www.3p-gmbh.de\/pt-br\/wp-json\/wp\/v2\/media?parent=90028"}],"wp:term":[{"taxonomy":"product_brand","embeddable":true,"href":"https:\/\/www.3p-gmbh.de\/pt-br\/wp-json\/wp\/v2\/product_brand?post=90028"},{"taxonomy":"product_cat","embeddable":true,"href":"https:\/\/www.3p-gmbh.de\/pt-br\/wp-json\/wp\/v2\/product_cat?post=90028"},{"taxonomy":"product_tag","embeddable":true,"href":"https:\/\/www.3p-gmbh.de\/pt-br\/wp-json\/wp\/v2\/product_tag?post=90028"}],"curies":[{"name":"wp","href":"https:\/\/api.w.org\/{rel}","templated":true}]}}