{"id":90022,"date":"2021-05-09T13:41:53","date_gmt":"2021-05-09T13:41:53","guid":{"rendered":"https:\/\/www.3p-gmbh.de\/produkt\/linha-de-corte-de-alto-desempenho-baumann-wohlenberg-perfecta-132-ts-ase-lm\/"},"modified":"2021-05-09T13:41:53","modified_gmt":"2021-05-09T13:41:53","slug":"linha-para-neve-de-elevado-desempenho-baumann-wohlenberg-perfecta-132-ts-ase-lm","status":"publish","type":"product","link":"https:\/\/www.3p-gmbh.de\/pt-br\/produkt\/linha-para-neve-de-elevado-desempenho-baumann-wohlenberg-perfecta-132-ts-ase-lm\/","title":{"rendered":"Linha de corte de alto desempenho Baumann Wohlenberg Perfecta 132 TS ASE LM"},"content":{"rendered":"<p><strong>Linha de corte de alto desempenho Baumann Wohlenberg P 132 TS ASE LM<\/strong><br \/>\n<strong>a partir de 2009<\/strong><\/p>\n<p><em><strong>com<\/strong><\/em><\/p>\n<p><strong>Vibrador Baumann BSB 5-L<\/strong><br \/>\ncom duas abas de acionamento pneum\u00e1tico, aba esquerda com abertura para pin\u00e7a de pin\u00e7a<br \/>\nTamanho da folha 900 x 1300mm<br \/>\nAltura da camada 160mm<\/p>\n<p><strong>com transporte da pin\u00e7a para a mesa traseira &#8211; Sistema de transporte Baumann BSF -R 5<\/strong><\/p>\n<p><strong>Fresa de alta velocidade Wohlenberg Perfecta 132 TS ASE<\/strong> (elimina\u00e7\u00e3o de aparas atrav\u00e9s da abertura da mesa em frente da faca)<br \/>\n<strong>Transportador de aparas<\/strong> que sai pela direita para o bocal de extra\u00e7\u00e3o<\/p>\n<p><strong>Empilhador esquerdo com dois compartimentos de inser\u00e7\u00e3o autom\u00e1tica de paletes Baumann BA-3 F<\/strong><\/p>\n<p><em><strong>Demonstra\u00e7\u00e3o em<\/strong><\/em><br \/>\n<a href=\"https:\/\/youtu.be\/9hpPMEKaF3s\">https:\/\/youtu.be\/9hpPMEKaF3s<\/a><\/p>\n<p><a href=\"https:\/\/www.3p-gmbh.de\/wp-content\/uploads\/2021\/05\/Aufstellplan-Wohlenberg-132-TS-ASE.pdf\">Plano de instala\u00e7\u00e3o Wohlenberg 132 TS ASE<\/a><\/p>\n","protected":false},"excerpt":{"rendered":"<p>Linha de corte de alto desempenho Baumann Wohlenberg P 132 TS ASE LM a partir de 2009 com Vibrador Baumann BSB 5-L com duas abas de acionamento pneum\u00e1tico, aba esquerda com abertura para pin\u00e7a de pin\u00e7a Tamanho da folha 900 x 1300mm Altura da camada 160mm com transporte da pin\u00e7a para a mesa traseira &#8211; [&hellip;]<\/p>\n","protected":false},"featured_media":80549,"template":"","meta":[],"product_brand":[],"product_cat":[3017],"product_tag":[],"class_list":{"0":"post-90022","1":"product","2":"type-product","3":"status-publish","4":"has-post-thumbnail","6":"product_cat-maquinas-de-corte","7":"pa_hersteller-baumann-wohlenberg","8":"pa_typ-perfecta-132-ts-ase-lm","10":"first","11":"instock","12":"taxable","13":"shipping-taxable","14":"product-type-simple"},"jetpack_sharing_enabled":true,"_links":{"self":[{"href":"https:\/\/www.3p-gmbh.de\/pt-br\/wp-json\/wp\/v2\/product\/90022","targetHints":{"allow":["GET"]}}],"collection":[{"href":"https:\/\/www.3p-gmbh.de\/pt-br\/wp-json\/wp\/v2\/product"}],"about":[{"href":"https:\/\/www.3p-gmbh.de\/pt-br\/wp-json\/wp\/v2\/types\/product"}],"wp:featuredmedia":[{"embeddable":true,"href":"https:\/\/www.3p-gmbh.de\/pt-br\/wp-json\/wp\/v2\/media\/80549"}],"wp:attachment":[{"href":"https:\/\/www.3p-gmbh.de\/pt-br\/wp-json\/wp\/v2\/media?parent=90022"}],"wp:term":[{"taxonomy":"product_brand","embeddable":true,"href":"https:\/\/www.3p-gmbh.de\/pt-br\/wp-json\/wp\/v2\/product_brand?post=90022"},{"taxonomy":"product_cat","embeddable":true,"href":"https:\/\/www.3p-gmbh.de\/pt-br\/wp-json\/wp\/v2\/product_cat?post=90022"},{"taxonomy":"product_tag","embeddable":true,"href":"https:\/\/www.3p-gmbh.de\/pt-br\/wp-json\/wp\/v2\/product_tag?post=90022"}],"curies":[{"name":"wp","href":"https:\/\/api.w.org\/{rel}","templated":true}]}}