{"id":89996,"date":"2021-06-14T21:44:55","date_gmt":"2021-06-14T21:44:55","guid":{"rendered":"https:\/\/www.3p-gmbh.de\/produkt\/karl-krause-fnp-500-prensa-rotativa-prensa-para-livros-prensa-para-couro-prensa-dobravel-de-baixa-pressao\/"},"modified":"2021-06-14T21:44:55","modified_gmt":"2021-06-14T21:44:55","slug":"karl-krause-fnp-500-toggle-press-book-press-leather-press-folding-low-press","status":"publish","type":"product","link":"https:\/\/www.3p-gmbh.de\/pt-br\/produkt\/karl-krause-fnp-500-toggle-press-book-press-leather-press-folding-low-press\/","title":{"rendered":"Karl Krause FNP 500 &#8211; Prensa rotativa &#8211; Prensa para livros &#8211; Prensa para couro &#8211; Prensa dobr\u00e1vel de baixa press\u00e3o"},"content":{"rendered":"<p><strong>Karl Krause FNP 500 \/ prensa de altern\u00e2ncia \/ prensa de livros \/ prensa de couro \/ prensa dobr\u00e1vel de baixa press\u00e3o<\/strong><\/p>\n<p>Constru\u00e7\u00e3o muito s\u00f3lida!<br \/>\nTotalmente funcional.<br \/>\nPrensagem \/ prensagem de livros r\u00e1pida e econ\u00f3mica<br \/>\nSuper para prensar camadas de couro<br \/>\nIdeal para trajectos curtos.<\/p>\n<p>Superf\u00edcie de prensagem 50 x 25 cm<br \/>\nAltura da prensa fechada aprox. 9,5 cm<\/p>\n","protected":false},"excerpt":{"rendered":"<p>Karl Krause FNP 500 \/ prensa de altern\u00e2ncia \/ prensa de livros \/ prensa de couro \/ prensa dobr\u00e1vel de baixa press\u00e3o Constru\u00e7\u00e3o muito s\u00f3lida! Totalmente funcional. Prensagem \/ prensagem de livros r\u00e1pida e econ\u00f3mica Super para prensar camadas de couro Ideal para trajectos curtos. Superf\u00edcie de prensagem 50 x 25 cm Altura da prensa [&hellip;]<\/p>\n","protected":false},"featured_media":81124,"template":"","meta":[],"product_brand":[],"product_cat":[2892,2922],"product_tag":[],"class_list":{"0":"post-89996","1":"product","2":"type-product","3":"status-publish","4":"has-post-thumbnail","6":"product_cat-encadernacao-de-sortido","7":"product_cat-prensas","8":"pa_hersteller-karl-krause","9":"pa_typ-fnp-500","11":"first","12":"instock","13":"taxable","14":"shipping-taxable","15":"product-type-simple"},"jetpack_sharing_enabled":true,"_links":{"self":[{"href":"https:\/\/www.3p-gmbh.de\/pt-br\/wp-json\/wp\/v2\/product\/89996","targetHints":{"allow":["GET"]}}],"collection":[{"href":"https:\/\/www.3p-gmbh.de\/pt-br\/wp-json\/wp\/v2\/product"}],"about":[{"href":"https:\/\/www.3p-gmbh.de\/pt-br\/wp-json\/wp\/v2\/types\/product"}],"wp:featuredmedia":[{"embeddable":true,"href":"https:\/\/www.3p-gmbh.de\/pt-br\/wp-json\/wp\/v2\/media\/81124"}],"wp:attachment":[{"href":"https:\/\/www.3p-gmbh.de\/pt-br\/wp-json\/wp\/v2\/media?parent=89996"}],"wp:term":[{"taxonomy":"product_brand","embeddable":true,"href":"https:\/\/www.3p-gmbh.de\/pt-br\/wp-json\/wp\/v2\/product_brand?post=89996"},{"taxonomy":"product_cat","embeddable":true,"href":"https:\/\/www.3p-gmbh.de\/pt-br\/wp-json\/wp\/v2\/product_cat?post=89996"},{"taxonomy":"product_tag","embeddable":true,"href":"https:\/\/www.3p-gmbh.de\/pt-br\/wp-json\/wp\/v2\/product_tag?post=89996"}],"curies":[{"name":"wp","href":"https:\/\/api.w.org\/{rel}","templated":true}]}}