{"id":89993,"date":"2021-06-14T21:11:43","date_gmt":"2021-06-14T21:11:43","guid":{"rendered":"https:\/\/www.3p-gmbh.de\/produkt\/tao-boa-como-a-nova-embalagem-de-pelicula-com-maquina-de-ombro-de-formacao-beck-multiplex-pico-mp-com-tunel-de-retracao-hv-601\/"},"modified":"2021-06-14T21:11:43","modified_gmt":"2021-06-14T21:11:43","slug":"as-new-foil-wrapping-with-form-shoulder-machine-beck-multiplex-pico-mp-with-shrink-tunnel-hv-601","status":"publish","type":"product","link":"https:\/\/www.3p-gmbh.de\/pt-br\/produkt\/as-new-foil-wrapping-with-form-shoulder-machine-beck-multiplex-pico-mp-with-shrink-tunnel-hv-601\/","title":{"rendered":"t\u00e3o boa como a nova embalagem de pel\u00edcula com m\u00e1quina de ombro de forma\u00e7\u00e3o Beck Multiplex Pico MP com t\u00fanel de retra\u00e7\u00e3o HV 601"},"content":{"rendered":"<p><strong>t\u00e3o boa como a nova embalagem de pel\u00edcula com m\u00e1quina de ombro de forma\u00e7\u00e3o Beck Multiplex Pico MP com t\u00fanel de retra\u00e7\u00e3o HV 601  <\/strong><br \/>\n<strong>do ano. 2008<\/strong><\/p>\n<div>\n<p><em>1 (uma) correia de alimenta\u00e7\u00e3o com corpo da correia dividido com 40 mm de largura e 340 mm de comprimento<\/em><\/p>\n<p><em>1 (uma) m\u00e1quina de formar ombros beck-Multiplex MP pico<\/em><br \/>\nModelo de entrada de gama para aplica\u00e7\u00f5es standard de utiliza\u00e7\u00e3o flex\u00edvel e f\u00e1cil de utilizar.<br \/>\nSistemas de selagem de baixa manuten\u00e7\u00e3o para todos os tipos de pel\u00edcula, selagem de 3 lados e accionamentos de \u00faltima gera\u00e7\u00e3o que poupam energia.<\/p>\n<p>Com o princ\u00edpio do ombro de forma\u00e7\u00e3o, consegue-se uma flexibilidade exemplar com diferentes formatos e materiais.<br \/>\nUm rolo de pel\u00edcula semi-tubular \u00e9 passado sobre um ombro de forma\u00e7\u00e3o e depois soldado em 3 lados ou sobreposto.<\/p>\n<p>Funcionamento flex\u00edvel e simples<br \/>\nCapota de carenagem de uma s\u00f3 pe\u00e7a para uma acessibilidade \u00f3ptima<br \/>\nPainel de controlo m\u00f3vel com mem\u00f3ria de dados de mercadorias embaladas<br \/>\nSistemas de soldadura permanentemente aquecidos e de baixa manuten\u00e7\u00e3o<\/p>\n<p><em>1 (um) t\u00fanel de retra\u00e7\u00e3o beck HV 601 Standard<br \/>\n<\/em>Alto desempenho, baixo consumo. Um verdadeiro feixe de energia quando se trata de sustentabilidade.<br \/>\nCom o seu balan\u00e7o energ\u00e9tico optimizado, orienta\u00e7\u00e3o do ar e sistema de retra\u00e7\u00e3o, o t\u00fanel de retra\u00e7\u00e3o Beck proporciona retrac\u00e7\u00f5es brilhantes com uma grande variedade de pel\u00edculas<\/p>\n<\/div>\n","protected":false},"excerpt":{"rendered":"<p>t\u00e3o boa como a nova embalagem de pel\u00edcula com m\u00e1quina de ombro de forma\u00e7\u00e3o Beck Multiplex Pico MP com t\u00fanel de retra\u00e7\u00e3o HV 601 do ano. 2008 1 (uma) correia de alimenta\u00e7\u00e3o com corpo da correia dividido com 40 mm de largura e 340 mm de comprimento 1 (uma) m\u00e1quina de formar ombros beck-Multiplex MP [&hellip;]<\/p>\n","protected":false},"featured_media":81088,"template":"","meta":[],"product_brand":[],"product_cat":[3026],"product_tag":[],"class_list":{"0":"post-89993","1":"product","2":"type-product","3":"status-publish","4":"has-post-thumbnail","6":"product_cat-embalagem-de-pelicula-e-embaladora-extensivel","7":"pa_hersteller-beck","8":"pa_typ-multiplex-pico-mp","10":"first","11":"instock","12":"taxable","13":"shipping-taxable","14":"product-type-simple"},"jetpack_sharing_enabled":true,"_links":{"self":[{"href":"https:\/\/www.3p-gmbh.de\/pt-br\/wp-json\/wp\/v2\/product\/89993","targetHints":{"allow":["GET"]}}],"collection":[{"href":"https:\/\/www.3p-gmbh.de\/pt-br\/wp-json\/wp\/v2\/product"}],"about":[{"href":"https:\/\/www.3p-gmbh.de\/pt-br\/wp-json\/wp\/v2\/types\/product"}],"wp:featuredmedia":[{"embeddable":true,"href":"https:\/\/www.3p-gmbh.de\/pt-br\/wp-json\/wp\/v2\/media\/81088"}],"wp:attachment":[{"href":"https:\/\/www.3p-gmbh.de\/pt-br\/wp-json\/wp\/v2\/media?parent=89993"}],"wp:term":[{"taxonomy":"product_brand","embeddable":true,"href":"https:\/\/www.3p-gmbh.de\/pt-br\/wp-json\/wp\/v2\/product_brand?post=89993"},{"taxonomy":"product_cat","embeddable":true,"href":"https:\/\/www.3p-gmbh.de\/pt-br\/wp-json\/wp\/v2\/product_cat?post=89993"},{"taxonomy":"product_tag","embeddable":true,"href":"https:\/\/www.3p-gmbh.de\/pt-br\/wp-json\/wp\/v2\/product_tag?post=89993"}],"curies":[{"name":"wp","href":"https:\/\/api.w.org\/{rel}","templated":true}]}}