{"id":89983,"date":"2021-06-16T09:08:15","date_gmt":"2021-06-16T09:08:15","guid":{"rendered":"https:\/\/www.3p-gmbh.de\/produkt\/maquina-de-cintar-compacta-ats-tanner-transit-ats-us-2000-adu\/"},"modified":"2021-06-16T09:08:15","modified_gmt":"2021-06-16T09:08:15","slug":"maquina-de-amarrar-compacta-ats-tanner-transit-strapping-machine-ats-us-2000-adu","status":"publish","type":"product","link":"https:\/\/www.3p-gmbh.de\/pt-br\/produkt\/maquina-de-amarrar-compacta-ats-tanner-transit-strapping-machine-ats-us-2000-adu\/","title":{"rendered":"M\u00e1quina de cintar compacta ATS Tanner Transit ATS US-2000 ADU"},"content":{"rendered":"<p><strong>M\u00e1quina de cintar compacta ATS Tanner Transit ATS US-2000 ADU<\/strong><br \/>\npara integra\u00e7\u00e3o em linhas de embalagem<\/p>\n<p>do ano. 2015<\/p>\n<p>Tamanho do quadro 260&#215;180<br \/>\nFaixa de 40 mm<\/p>\n","protected":false},"excerpt":{"rendered":"<p>M\u00e1quina de cintar compacta ATS Tanner Transit ATS US-2000 ADU para integra\u00e7\u00e3o em linhas de embalagem do ano. 2015 Tamanho do quadro 260&#215;180 Faixa de 40 mm<\/p>\n","protected":false},"featured_media":81145,"template":"","meta":[],"product_brand":[],"product_cat":[3004],"product_tag":[],"class_list":{"0":"post-89983","1":"product","2":"type-product","3":"status-publish","4":"has-post-thumbnail","6":"product_cat-maquinas-de-cintar","7":"pa_hersteller-ats-tanner","8":"pa_typ-ats-us-2000-adu","10":"first","11":"instock","12":"taxable","13":"shipping-taxable","14":"product-type-simple"},"jetpack_sharing_enabled":true,"_links":{"self":[{"href":"https:\/\/www.3p-gmbh.de\/pt-br\/wp-json\/wp\/v2\/product\/89983","targetHints":{"allow":["GET"]}}],"collection":[{"href":"https:\/\/www.3p-gmbh.de\/pt-br\/wp-json\/wp\/v2\/product"}],"about":[{"href":"https:\/\/www.3p-gmbh.de\/pt-br\/wp-json\/wp\/v2\/types\/product"}],"wp:featuredmedia":[{"embeddable":true,"href":"https:\/\/www.3p-gmbh.de\/pt-br\/wp-json\/wp\/v2\/media\/81145"}],"wp:attachment":[{"href":"https:\/\/www.3p-gmbh.de\/pt-br\/wp-json\/wp\/v2\/media?parent=89983"}],"wp:term":[{"taxonomy":"product_brand","embeddable":true,"href":"https:\/\/www.3p-gmbh.de\/pt-br\/wp-json\/wp\/v2\/product_brand?post=89983"},{"taxonomy":"product_cat","embeddable":true,"href":"https:\/\/www.3p-gmbh.de\/pt-br\/wp-json\/wp\/v2\/product_cat?post=89983"},{"taxonomy":"product_tag","embeddable":true,"href":"https:\/\/www.3p-gmbh.de\/pt-br\/wp-json\/wp\/v2\/product_tag?post=89983"}],"curies":[{"name":"wp","href":"https:\/\/api.w.org\/{rel}","templated":true}]}}