{"id":89975,"date":"2021-06-16T09:11:50","date_gmt":"2021-06-16T09:11:50","guid":{"rendered":"https:\/\/www.3p-gmbh.de\/produkt\/angulo-util-para-papel-cortador-de-alta-velocidade-feito-de-plastico-tecnico-estavel-de-alto-peso-molecular\/"},"modified":"2021-06-16T09:11:50","modified_gmt":"2021-06-16T09:11:50","slug":"use-angle-for-paper-quick-cutters-made-of-stable-high-molecular-technical-plastic","status":"publish","type":"product","link":"https:\/\/www.3p-gmbh.de\/pt-br\/produkt\/use-angle-for-paper-quick-cutters-made-of-stable-high-molecular-technical-plastic\/","title":{"rendered":"\u00c2ngulo \u00fatil para papel &#8211; cortador de alta velocidade feito de pl\u00e1stico t\u00e9cnico est\u00e1vel de alto peso molecular"},"content":{"rendered":"<p><strong>\u00c2ngulo \u00fatil para papel &#8211; cortador de alta velocidade feito de pl\u00e1stico t\u00e9cnico est\u00e1vel de alto peso molecular<\/strong><\/p>\n<p>fabricado em pl\u00e1stico t\u00e9cnico est\u00e1vel de elevado peso molecular<br \/>\npara requisitos de estabilidade e perpendicularidade<br \/>\ncom fita de bordo amov\u00edvel<\/p>\n","protected":false},"excerpt":{"rendered":"<p>\u00c2ngulo \u00fatil para papel &#8211; cortador de alta velocidade feito de pl\u00e1stico t\u00e9cnico est\u00e1vel de alto peso molecular fabricado em pl\u00e1stico t\u00e9cnico est\u00e1vel de elevado peso molecular para requisitos de estabilidade e perpendicularidade com fita de bordo amov\u00edvel<\/p>\n","protected":false},"featured_media":81169,"template":"","meta":[],"product_brand":[],"product_cat":[3017],"product_tag":[],"class_list":{"0":"post-89975","1":"product","2":"type-product","3":"status-publish","4":"has-post-thumbnail","6":"product_cat-maquinas-de-corte","8":"first","9":"instock","10":"taxable","11":"shipping-taxable","12":"product-type-simple"},"jetpack_sharing_enabled":true,"_links":{"self":[{"href":"https:\/\/www.3p-gmbh.de\/pt-br\/wp-json\/wp\/v2\/product\/89975","targetHints":{"allow":["GET"]}}],"collection":[{"href":"https:\/\/www.3p-gmbh.de\/pt-br\/wp-json\/wp\/v2\/product"}],"about":[{"href":"https:\/\/www.3p-gmbh.de\/pt-br\/wp-json\/wp\/v2\/types\/product"}],"wp:featuredmedia":[{"embeddable":true,"href":"https:\/\/www.3p-gmbh.de\/pt-br\/wp-json\/wp\/v2\/media\/81169"}],"wp:attachment":[{"href":"https:\/\/www.3p-gmbh.de\/pt-br\/wp-json\/wp\/v2\/media?parent=89975"}],"wp:term":[{"taxonomy":"product_brand","embeddable":true,"href":"https:\/\/www.3p-gmbh.de\/pt-br\/wp-json\/wp\/v2\/product_brand?post=89975"},{"taxonomy":"product_cat","embeddable":true,"href":"https:\/\/www.3p-gmbh.de\/pt-br\/wp-json\/wp\/v2\/product_cat?post=89975"},{"taxonomy":"product_tag","embeddable":true,"href":"https:\/\/www.3p-gmbh.de\/pt-br\/wp-json\/wp\/v2\/product_tag?post=89975"}],"curies":[{"name":"wp","href":"https:\/\/api.w.org\/{rel}","templated":true}]}}