{"id":89955,"date":"2021-07-09T21:52:35","date_gmt":"2021-07-09T21:52:35","guid":{"rendered":"https:\/\/www.3p-gmbh.de\/produkt\/hang-101-60-picostar-ocular-duplo-eletrico-com-interrutor-de-pe\/"},"modified":"2021-07-09T21:52:35","modified_gmt":"2021-07-09T21:52:35","slug":"hang-101-60-picostar-electric-double-oil-apparatus-with-foot-switch","status":"publish","type":"product","link":"https:\/\/www.3p-gmbh.de\/pt-br\/produkt\/hang-101-60-picostar-electric-double-oil-apparatus-with-foot-switch\/","title":{"rendered":"Hang 101-60 PicoStar, ocular duplo el\u00e9trico com interrutor de p\u00e9"},"content":{"rendered":"<p><strong>  Hang 101-60 PicoStar, ocular duplo el\u00e9trico com interrutor de p\u00e9<\/strong><\/p>\n<p>para inserir 2 ilh\u00f3s a uma dist\u00e2ncia fixa de 28 mm, com desbloqueio por pedal.<br \/>\nPerfura buracos e orif\u00edcios numa s\u00f3 opera\u00e7\u00e3o.<br \/>\nIdeal para o resumo de documentos \u00e0 prova de falsifica\u00e7\u00e3o.<\/p>\n<p>* Tipo de ilh\u00f3s 8E, 8E 4long e 8E 5long<br \/>\n* Di\u00e2metro interior 5,50 mm<br \/>\n* Profundidade de inser\u00e7\u00e3o 60mm<br \/>\n* Espessura do papel 2 a 15 folhas (8E), 2 a 20 folhas (8E 4long), 5 a 25 folhas (8E 5long)<br \/>\n* Alimenta\u00e7\u00e3o autom\u00e1tica de ilh\u00f3s atrav\u00e9s do carregador<br \/>\n* Peso 49kg<\/p>\n<p>muito bom estado<\/p>\n","protected":false},"excerpt":{"rendered":"<p>Hang 101-60 PicoStar, ocular duplo el\u00e9trico com interrutor de p\u00e9 para inserir 2 ilh\u00f3s a uma dist\u00e2ncia fixa de 28 mm, com desbloqueio por pedal. Perfura buracos e orif\u00edcios numa s\u00f3 opera\u00e7\u00e3o. Ideal para o resumo de documentos \u00e0 prova de falsifica\u00e7\u00e3o. * Tipo de ilh\u00f3s 8E, 8E 4long e 8E 5long * Di\u00e2metro interior [&hellip;]<\/p>\n","protected":false},"featured_media":81508,"template":"","meta":[],"product_brand":[],"product_cat":[3055],"product_tag":[],"class_list":{"0":"post-89955","1":"product","2":"type-product","3":"status-publish","4":"has-post-thumbnail","6":"product_cat-maquinas-de-lubrificacao","7":"pa_hersteller-hang","8":"pa_typ-picostar-101-60","10":"first","11":"instock","12":"taxable","13":"shipping-taxable","14":"product-type-simple"},"jetpack_sharing_enabled":true,"_links":{"self":[{"href":"https:\/\/www.3p-gmbh.de\/pt-br\/wp-json\/wp\/v2\/product\/89955","targetHints":{"allow":["GET"]}}],"collection":[{"href":"https:\/\/www.3p-gmbh.de\/pt-br\/wp-json\/wp\/v2\/product"}],"about":[{"href":"https:\/\/www.3p-gmbh.de\/pt-br\/wp-json\/wp\/v2\/types\/product"}],"wp:featuredmedia":[{"embeddable":true,"href":"https:\/\/www.3p-gmbh.de\/pt-br\/wp-json\/wp\/v2\/media\/81508"}],"wp:attachment":[{"href":"https:\/\/www.3p-gmbh.de\/pt-br\/wp-json\/wp\/v2\/media?parent=89955"}],"wp:term":[{"taxonomy":"product_brand","embeddable":true,"href":"https:\/\/www.3p-gmbh.de\/pt-br\/wp-json\/wp\/v2\/product_brand?post=89955"},{"taxonomy":"product_cat","embeddable":true,"href":"https:\/\/www.3p-gmbh.de\/pt-br\/wp-json\/wp\/v2\/product_cat?post=89955"},{"taxonomy":"product_tag","embeddable":true,"href":"https:\/\/www.3p-gmbh.de\/pt-br\/wp-json\/wp\/v2\/product_tag?post=89955"}],"curies":[{"name":"wp","href":"https:\/\/api.w.org\/{rel}","templated":true}]}}