{"id":89954,"date":"2021-07-09T21:21:43","date_gmt":"2021-07-09T21:21:43","guid":{"rendered":"https:\/\/www.3p-gmbh.de\/produkt\/heidelberg-prinect-signastation-106-software-atual-de-montagem-de-chapas-com-contrato-de-manutencao-completo\/"},"modified":"2021-07-09T21:21:43","modified_gmt":"2021-07-09T21:21:43","slug":"heidelberg-prinect-signastation-106-current-sheet-assembly-software-out-of-full-maintenance-contract","status":"publish","type":"product","link":"https:\/\/www.3p-gmbh.de\/pt-br\/produkt\/heidelberg-prinect-signastation-106-current-sheet-assembly-software-out-of-full-maintenance-contract\/","title":{"rendered":"Heidelberg Prinect Signastation 106 software atual de montagem de chapas com contrato de manuten\u00e7\u00e3o completo"},"content":{"rendered":"<div><strong>Heidelberg Prinect Signastation 106<\/strong><\/div>\n<div>Software de montagem de chapas com contrato de manuten\u00e7\u00e3o completo<\/div>\n<div>Vers\u00e3o do programa 21.00<\/div>\n","protected":false},"excerpt":{"rendered":"<p>Heidelberg Prinect Signastation 106 Software de montagem de chapas com contrato de manuten\u00e7\u00e3o completo Vers\u00e3o do programa 21.00<\/p>\n","protected":false},"featured_media":81260,"template":"","meta":[],"product_brand":[],"product_cat":[3037],"product_tag":[],"class_list":{"0":"post-89954","1":"product","2":"type-product","3":"status-publish","4":"has-post-thumbnail","6":"product_cat-software-pt-br","7":"pa_hersteller-heidelberg","8":"pa_typ-prinect-signastation-106","10":"first","11":"instock","12":"taxable","13":"shipping-taxable","14":"product-type-simple"},"jetpack_sharing_enabled":true,"_links":{"self":[{"href":"https:\/\/www.3p-gmbh.de\/pt-br\/wp-json\/wp\/v2\/product\/89954","targetHints":{"allow":["GET"]}}],"collection":[{"href":"https:\/\/www.3p-gmbh.de\/pt-br\/wp-json\/wp\/v2\/product"}],"about":[{"href":"https:\/\/www.3p-gmbh.de\/pt-br\/wp-json\/wp\/v2\/types\/product"}],"wp:featuredmedia":[{"embeddable":true,"href":"https:\/\/www.3p-gmbh.de\/pt-br\/wp-json\/wp\/v2\/media\/81260"}],"wp:attachment":[{"href":"https:\/\/www.3p-gmbh.de\/pt-br\/wp-json\/wp\/v2\/media?parent=89954"}],"wp:term":[{"taxonomy":"product_brand","embeddable":true,"href":"https:\/\/www.3p-gmbh.de\/pt-br\/wp-json\/wp\/v2\/product_brand?post=89954"},{"taxonomy":"product_cat","embeddable":true,"href":"https:\/\/www.3p-gmbh.de\/pt-br\/wp-json\/wp\/v2\/product_cat?post=89954"},{"taxonomy":"product_tag","embeddable":true,"href":"https:\/\/www.3p-gmbh.de\/pt-br\/wp-json\/wp\/v2\/product_tag?post=89954"}],"curies":[{"name":"wp","href":"https:\/\/api.w.org\/{rel}","templated":true}]}}