{"id":89919,"date":"2021-08-14T08:16:08","date_gmt":"2021-08-14T08:16:08","guid":{"rendered":"https:\/\/www.3p-gmbh.de\/produkt\/polar-mohr-jogger-automatico-de-meio-formato-polar-r-2\/"},"modified":"2021-08-14T08:16:08","modified_gmt":"2021-08-14T08:16:08","slug":"polar-mohr-half-format-ruettelautomat-polar-r-2","status":"publish","type":"product","link":"https:\/\/www.3p-gmbh.de\/pt-br\/produkt\/polar-mohr-half-format-ruettelautomat-polar-r-2\/","title":{"rendered":"Polar Mohr jogger autom\u00e1tico de meio formato Polar R-2"},"content":{"rendered":"<p><strong>Jogger semi-formatado Polar R 2<\/strong><br \/>\n<strong>Bj. 2001<\/strong>  &#8211; Na entrega, a oficina verificou a revis\u00e3o e substituiu todas as mangueiras de ar<\/p>\n<p>\u00c1rea de formato (superf\u00edcie utiliz\u00e1vel da mesa) 72 x 87 cm<br \/>\nAltura da mesa (infinitamente ajust\u00e1vel) de&#8230;a 86 a 95 cm<\/p>\n","protected":false},"excerpt":{"rendered":"<p>Jogger semi-formatado Polar R 2 Bj. 2001 &#8211; Na entrega, a oficina verificou a revis\u00e3o e substituiu todas as mangueiras de ar \u00c1rea de formato (superf\u00edcie utiliz\u00e1vel da mesa) 72 x 87 cm Altura da mesa (infinitamente ajust\u00e1vel) de&#8230;a 86 a 95 cm<\/p>\n","protected":false},"featured_media":81400,"template":"","meta":[],"product_brand":[],"product_cat":[3069],"product_tag":[],"class_list":{"0":"post-89919","1":"product","2":"type-product","3":"status-publish","4":"has-post-thumbnail","6":"product_cat-mesas-vibratorias","7":"pa_hersteller-polar-mohr","8":"pa_typ-r-2","10":"first","11":"instock","12":"taxable","13":"shipping-taxable","14":"product-type-simple"},"jetpack_sharing_enabled":true,"_links":{"self":[{"href":"https:\/\/www.3p-gmbh.de\/pt-br\/wp-json\/wp\/v2\/product\/89919","targetHints":{"allow":["GET"]}}],"collection":[{"href":"https:\/\/www.3p-gmbh.de\/pt-br\/wp-json\/wp\/v2\/product"}],"about":[{"href":"https:\/\/www.3p-gmbh.de\/pt-br\/wp-json\/wp\/v2\/types\/product"}],"wp:featuredmedia":[{"embeddable":true,"href":"https:\/\/www.3p-gmbh.de\/pt-br\/wp-json\/wp\/v2\/media\/81400"}],"wp:attachment":[{"href":"https:\/\/www.3p-gmbh.de\/pt-br\/wp-json\/wp\/v2\/media?parent=89919"}],"wp:term":[{"taxonomy":"product_brand","embeddable":true,"href":"https:\/\/www.3p-gmbh.de\/pt-br\/wp-json\/wp\/v2\/product_brand?post=89919"},{"taxonomy":"product_cat","embeddable":true,"href":"https:\/\/www.3p-gmbh.de\/pt-br\/wp-json\/wp\/v2\/product_cat?post=89919"},{"taxonomy":"product_tag","embeddable":true,"href":"https:\/\/www.3p-gmbh.de\/pt-br\/wp-json\/wp\/v2\/product_tag?post=89919"}],"curies":[{"name":"wp","href":"https:\/\/api.w.org\/{rel}","templated":true}]}}