{"id":89898,"date":"2021-09-23T07:46:22","date_gmt":"2021-09-23T07:46:22","guid":{"rendered":"https:\/\/www.3p-gmbh.de\/produkt\/aparelho-de-prensagem-a-quente-habasit-pt-103s\/"},"modified":"2021-09-23T07:46:22","modified_gmt":"2021-09-23T07:46:22","slug":"habasit-hot-press-device-pt-103s","status":"publish","type":"product","link":"https:\/\/www.3p-gmbh.de\/pt-br\/produkt\/habasit-hot-press-device-pt-103s\/","title":{"rendered":"Aparelho de prensagem a quente Habasit PT-103S"},"content":{"rendered":"<p><strong>Aparelho de prensagem a quente Habasit PT-103S<\/strong><\/p>\n<p>M\u00e1quina de soldar para correias transportadoras<\/p>\n<p>para a uni\u00e3o de extremidades Thermofix de correias transportadoras<br \/>\nat\u00e9 100 mm de largura e 2,5 mm de espessura<\/p>\n<p><a href=\"https:\/\/www.3p-gmbh.de\/wp-content\/uploads\/2021\/09\/PT-103S_de.pdf\">PT-103S_pt<\/a><\/p>\n<p><a href=\"https:\/\/www.3p-gmbh.de\/wp-content\/uploads\/2021\/09\/PT-103S-en-us.pdf\">PT-103S-pt-us<\/a><\/p>\n","protected":false},"excerpt":{"rendered":"<p>Aparelho de prensagem a quente Habasit PT-103S M\u00e1quina de soldar para correias transportadoras para a uni\u00e3o de extremidades Thermofix de correias transportadoras at\u00e9 100 mm de largura e 2,5 mm de espessura PT-103S_pt PT-103S-pt-us<\/p>\n","protected":false},"featured_media":81526,"template":"","meta":[],"product_brand":[],"product_cat":[2882],"product_tag":[],"class_list":{"0":"post-89898","1":"product","2":"type-product","3":"status-publish","4":"has-post-thumbnail","6":"product_cat-acessorios-para-maquinas-de-dobrar","7":"pa_hersteller-habasit","8":"pa_typ-pt-103s","10":"first","11":"instock","12":"taxable","13":"shipping-taxable","14":"product-type-simple"},"jetpack_sharing_enabled":true,"_links":{"self":[{"href":"https:\/\/www.3p-gmbh.de\/pt-br\/wp-json\/wp\/v2\/product\/89898","targetHints":{"allow":["GET"]}}],"collection":[{"href":"https:\/\/www.3p-gmbh.de\/pt-br\/wp-json\/wp\/v2\/product"}],"about":[{"href":"https:\/\/www.3p-gmbh.de\/pt-br\/wp-json\/wp\/v2\/types\/product"}],"wp:featuredmedia":[{"embeddable":true,"href":"https:\/\/www.3p-gmbh.de\/pt-br\/wp-json\/wp\/v2\/media\/81526"}],"wp:attachment":[{"href":"https:\/\/www.3p-gmbh.de\/pt-br\/wp-json\/wp\/v2\/media?parent=89898"}],"wp:term":[{"taxonomy":"product_brand","embeddable":true,"href":"https:\/\/www.3p-gmbh.de\/pt-br\/wp-json\/wp\/v2\/product_brand?post=89898"},{"taxonomy":"product_cat","embeddable":true,"href":"https:\/\/www.3p-gmbh.de\/pt-br\/wp-json\/wp\/v2\/product_cat?post=89898"},{"taxonomy":"product_tag","embeddable":true,"href":"https:\/\/www.3p-gmbh.de\/pt-br\/wp-json\/wp\/v2\/product_tag?post=89898"}],"curies":[{"name":"wp","href":"https:\/\/api.w.org\/{rel}","templated":true}]}}