{"id":89894,"date":"2021-09-23T08:45:24","date_gmt":"2021-09-23T08:45:24","guid":{"rendered":"https:\/\/www.3p-gmbh.de\/produkt\/dois-elevadores-de-paletes-electricos-butler-1200\/"},"modified":"2021-09-23T08:45:24","modified_gmt":"2021-09-23T08:45:24","slug":"dois-eletricos-palete-lifter-butler-1200","status":"publish","type":"product","link":"https:\/\/www.3p-gmbh.de\/pt-br\/produkt\/dois-eletricos-palete-lifter-butler-1200\/","title":{"rendered":"dois elevadores de paletes el\u00e9ctricos Butler 1200"},"content":{"rendered":"<p><strong>Porta-paletes Butler 1200<\/strong><\/p>\n<p>2x de Bj. 2000<\/p>\n<p>Mant\u00e9m as paletes a uma altura de trabalho \u00f3ptima, a eleva\u00e7\u00e3o e a descida s\u00e3o feitas atrav\u00e9s de teclas jog,<br \/>\nAs rodas permitem um transporte f\u00e1cil para o local de trabalho<br \/>\nComprimento do garfo 1100mm adequado para paletes Euro standard<br \/>\nPeso pr\u00f3prio: 330 kg<br \/>\nCapacidade de carga: 1200 kg<br \/>\nAltura de eleva\u00e7\u00e3o: 1000 mm<br \/>\nAlimenta\u00e7\u00e3o el\u00e9ctrica: 380 V<br \/>\ndispon\u00edvel 2 pe\u00e7as<\/p>\n","protected":false},"excerpt":{"rendered":"<p>Porta-paletes Butler 1200 2x de Bj. 2000 Mant\u00e9m as paletes a uma altura de trabalho \u00f3ptima, a eleva\u00e7\u00e3o e a descida s\u00e3o feitas atrav\u00e9s de teclas jog, As rodas permitem um transporte f\u00e1cil para o local de trabalho Comprimento do garfo 1100mm adequado para paletes Euro standard Peso pr\u00f3prio: 330 kg Capacidade de carga: 1200 [&hellip;]<\/p>\n","protected":false},"featured_media":81592,"template":"","meta":[],"product_brand":[],"product_cat":[2978],"product_tag":[],"class_list":{"0":"post-89894","1":"product","2":"type-product","3":"status-publish","4":"has-post-thumbnail","6":"product_cat-elevadores-de-pilha-e-elevadores-de-pilha","7":"pa_hersteller-butler","8":"pa_typ-1898","10":"first","11":"instock","12":"taxable","13":"shipping-taxable","14":"product-type-simple"},"jetpack_sharing_enabled":true,"_links":{"self":[{"href":"https:\/\/www.3p-gmbh.de\/pt-br\/wp-json\/wp\/v2\/product\/89894","targetHints":{"allow":["GET"]}}],"collection":[{"href":"https:\/\/www.3p-gmbh.de\/pt-br\/wp-json\/wp\/v2\/product"}],"about":[{"href":"https:\/\/www.3p-gmbh.de\/pt-br\/wp-json\/wp\/v2\/types\/product"}],"wp:featuredmedia":[{"embeddable":true,"href":"https:\/\/www.3p-gmbh.de\/pt-br\/wp-json\/wp\/v2\/media\/81592"}],"wp:attachment":[{"href":"https:\/\/www.3p-gmbh.de\/pt-br\/wp-json\/wp\/v2\/media?parent=89894"}],"wp:term":[{"taxonomy":"product_brand","embeddable":true,"href":"https:\/\/www.3p-gmbh.de\/pt-br\/wp-json\/wp\/v2\/product_brand?post=89894"},{"taxonomy":"product_cat","embeddable":true,"href":"https:\/\/www.3p-gmbh.de\/pt-br\/wp-json\/wp\/v2\/product_cat?post=89894"},{"taxonomy":"product_tag","embeddable":true,"href":"https:\/\/www.3p-gmbh.de\/pt-br\/wp-json\/wp\/v2\/product_tag?post=89894"}],"curies":[{"name":"wp","href":"https:\/\/api.w.org\/{rel}","templated":true}]}}