{"id":89892,"date":"2021-09-23T08:01:49","date_gmt":"2021-09-23T08:01:49","guid":{"rendered":"https:\/\/www.3p-gmbh.de\/produkt\/entrega-automatica-de-feixes-de-5-dobras-palamides-delta-705-com-interface-mbo\/"},"modified":"2021-09-23T08:01:49","modified_gmt":"2021-09-23T08:01:49","slug":"automatic-5-fold-buendel-delivery-palamides-delta-705-with-mbo-interface","status":"publish","type":"product","link":"https:\/\/www.3p-gmbh.de\/pt-br\/produkt\/automatic-5-fold-buendel-delivery-palamides-delta-705-with-mbo-interface\/","title":{"rendered":"entrega autom\u00e1tica de feixes de 5 dobras Palamides delta 705 com interface MBO"},"content":{"rendered":"<p><strong>entrega autom\u00e1tica de feixes de 5 dobras Palamides delta 705 com interface MBO<\/strong><br \/>\n<strong>Ano de fabrico 2015<\/strong><\/p>\n<p>Hor\u00e1rio de funcionamento 5599<br \/>\nContador de ciclos 231,636<\/p>\n<p>Gama de formatos m\u00e1x. 760x305mm, min. 110x95mm<br \/>\nLargura de trabalho 760 mm<\/p>\n<p>Cintagem com cintagem de 5 dobras de 30 mm<\/p>\n<p>De acordo com a fatura, a m\u00e1quina possui os seguintes equipamentos:<\/p>\n<p>01 M1151-04 Entrega autom\u00e1tica delta 705<br \/>\n02 01.00145 Pacote elevador 700<br \/>\n03 01.00263 Dispositivo de sopro de ar 705<br \/>\n04 01.00080 Dispositivo de pequeno formato 705<br \/>\n05 01.00059 N\u00edvel de empilhamento 70 mm \/ 38 mm<br \/>\n06 15.10000 PT Pacote lingu\u00edstico alem\u00e3o<\/p>\n<p><a href=\"https:\/\/www.3p-gmbh.de\/wp-content\/uploads\/2021\/09\/20210916081818151.pdf\">20210916081818151<\/a><\/p>\n","protected":false},"excerpt":{"rendered":"<p>entrega autom\u00e1tica de feixes de 5 dobras Palamides delta 705 com interface MBO Ano de fabrico 2015 Hor\u00e1rio de funcionamento 5599 Contador de ciclos 231,636 Gama de formatos m\u00e1x. 760x305mm, min. 110x95mm Largura de trabalho 760 mm Cintagem com cintagem de 5 dobras de 30 mm De acordo com a fatura, a m\u00e1quina possui os [&hellip;]<\/p>\n","protected":false},"featured_media":81547,"template":"","meta":[],"product_brand":[],"product_cat":[2919],"product_tag":[],"class_list":{"0":"post-89892","1":"product","2":"type-product","3":"status-publish","4":"has-post-thumbnail","6":"product_cat-despesas","7":"pa_hersteller-palamides","8":"pa_typ-delta-705","10":"first","11":"instock","12":"taxable","13":"shipping-taxable","14":"product-type-simple"},"jetpack_sharing_enabled":true,"_links":{"self":[{"href":"https:\/\/www.3p-gmbh.de\/pt-br\/wp-json\/wp\/v2\/product\/89892","targetHints":{"allow":["GET"]}}],"collection":[{"href":"https:\/\/www.3p-gmbh.de\/pt-br\/wp-json\/wp\/v2\/product"}],"about":[{"href":"https:\/\/www.3p-gmbh.de\/pt-br\/wp-json\/wp\/v2\/types\/product"}],"wp:featuredmedia":[{"embeddable":true,"href":"https:\/\/www.3p-gmbh.de\/pt-br\/wp-json\/wp\/v2\/media\/81547"}],"wp:attachment":[{"href":"https:\/\/www.3p-gmbh.de\/pt-br\/wp-json\/wp\/v2\/media?parent=89892"}],"wp:term":[{"taxonomy":"product_brand","embeddable":true,"href":"https:\/\/www.3p-gmbh.de\/pt-br\/wp-json\/wp\/v2\/product_brand?post=89892"},{"taxonomy":"product_cat","embeddable":true,"href":"https:\/\/www.3p-gmbh.de\/pt-br\/wp-json\/wp\/v2\/product_cat?post=89892"},{"taxonomy":"product_tag","embeddable":true,"href":"https:\/\/www.3p-gmbh.de\/pt-br\/wp-json\/wp\/v2\/product_tag?post=89892"}],"curies":[{"name":"wp","href":"https:\/\/api.w.org\/{rel}","templated":true}]}}