{"id":89883,"date":"2021-10-06T08:39:58","date_gmt":"2021-10-06T08:39:58","guid":{"rendered":"https:\/\/www.3p-gmbh.de\/produkt\/heidelberg-zd-212-349-01-00-ventosa-de-elevacao-rilsan\/"},"modified":"2021-10-06T08:39:58","modified_gmt":"2021-10-06T08:39:58","slug":"heidelberg-zd-212-349-01-00-hubsauger-rilsan","status":"publish","type":"product","link":"https:\/\/www.3p-gmbh.de\/pt-br\/produkt\/heidelberg-zd-212-349-01-00-hubsauger-rilsan\/","title":{"rendered":"Heidelberg ZD.212-349-01-00 Ventosa de eleva\u00e7\u00e3o Rilsan"},"content":{"rendered":"<p><strong>Heidelberg ZD.212-349-01-00 Ventosa de eleva\u00e7\u00e3o Rilsan<\/strong><\/p>\n","protected":false},"excerpt":{"rendered":"<p>Heidelberg ZD.212-349-01-00 Ventosa de eleva\u00e7\u00e3o Rilsan<\/p>\n","protected":false},"featured_media":81667,"template":"","meta":[],"product_brand":[],"product_cat":[2898],"product_tag":[],"class_list":{"0":"post-89883","1":"product","2":"type-product","3":"status-publish","4":"has-post-thumbnail","6":"product_cat-acessorios-e-pecas-sobressalentes-para-prensas","8":"first","9":"instock","10":"taxable","11":"shipping-taxable","12":"product-type-simple"},"jetpack_sharing_enabled":true,"_links":{"self":[{"href":"https:\/\/www.3p-gmbh.de\/pt-br\/wp-json\/wp\/v2\/product\/89883","targetHints":{"allow":["GET"]}}],"collection":[{"href":"https:\/\/www.3p-gmbh.de\/pt-br\/wp-json\/wp\/v2\/product"}],"about":[{"href":"https:\/\/www.3p-gmbh.de\/pt-br\/wp-json\/wp\/v2\/types\/product"}],"wp:featuredmedia":[{"embeddable":true,"href":"https:\/\/www.3p-gmbh.de\/pt-br\/wp-json\/wp\/v2\/media\/81667"}],"wp:attachment":[{"href":"https:\/\/www.3p-gmbh.de\/pt-br\/wp-json\/wp\/v2\/media?parent=89883"}],"wp:term":[{"taxonomy":"product_brand","embeddable":true,"href":"https:\/\/www.3p-gmbh.de\/pt-br\/wp-json\/wp\/v2\/product_brand?post=89883"},{"taxonomy":"product_cat","embeddable":true,"href":"https:\/\/www.3p-gmbh.de\/pt-br\/wp-json\/wp\/v2\/product_cat?post=89883"},{"taxonomy":"product_tag","embeddable":true,"href":"https:\/\/www.3p-gmbh.de\/pt-br\/wp-json\/wp\/v2\/product_tag?post=89883"}],"curies":[{"name":"wp","href":"https:\/\/api.w.org\/{rel}","templated":true}]}}