{"id":89859,"date":"2021-10-06T09:05:05","date_gmt":"2021-10-06T09:05:05","guid":{"rendered":"https:\/\/www.3p-gmbh.de\/produkt\/raridade-prensa-litografica-motorizada-peter-van-ginkel-modelo-l-90-motor\/"},"modified":"2021-10-06T09:05:05","modified_gmt":"2021-10-06T09:05:05","slug":"rarity-motor-driven-lithographic-press-peter-van-ginkel-model-l-90-motor","status":"publish","type":"product","link":"https:\/\/www.3p-gmbh.de\/pt-br\/produkt\/rarity-motor-driven-lithographic-press-peter-van-ginkel-model-l-90-motor\/","title":{"rendered":"Raridade Prensa Litogr\u00e1fica Motorizada Peter van Ginkel Modelo L-90 Motor"},"content":{"rendered":"<p><strong>Prensa litogr\u00e1fica motorizada Peter van Ginkel L-90 Motor<\/strong><br \/>\n<strong>Ano de fabrico 1991<\/strong><\/p>\n<p>O propriet\u00e1rio anterior foi a Academia de Artes Visuais de Leipzig<br \/>\nTamanho do papel 900 x 1.500 mm,<br \/>\nDimens\u00e3o da m\u00e1quina L 2670 x L 1.400 mm de largura,<br \/>\nAltura de trabalho 830 mm,<br \/>\n900 mm<br \/>\nTapete\/cobertor de borracha a precisar de ser renovado<\/p>\n<p>A unidade est\u00e1 atualmente armazenada desmontada para transporte<\/p>\n<p>&nbsp;<\/p>\n","protected":false},"excerpt":{"rendered":"<p>Prensa litogr\u00e1fica motorizada Peter van Ginkel L-90 Motor Ano de fabrico 1991 O propriet\u00e1rio anterior foi a Academia de Artes Visuais de Leipzig Tamanho do papel 900 x 1.500 mm, Dimens\u00e3o da m\u00e1quina L 2670 x L 1.400 mm de largura, Altura de trabalho 830 mm, 900 mm Tapete\/cobertor de borracha a precisar de ser [&hellip;]<\/p>\n","protected":false},"featured_media":81733,"template":"","meta":[],"product_brand":[],"product_cat":[2922],"product_tag":[],"class_list":{"0":"post-89859","1":"product","2":"type-product","3":"status-publish","4":"has-post-thumbnail","6":"product_cat-prensas","7":"pa_hersteller-peter-van-ginkel","8":"pa_typ-l-90-motor","10":"first","11":"instock","12":"taxable","13":"shipping-taxable","14":"product-type-simple"},"jetpack_sharing_enabled":true,"_links":{"self":[{"href":"https:\/\/www.3p-gmbh.de\/pt-br\/wp-json\/wp\/v2\/product\/89859","targetHints":{"allow":["GET"]}}],"collection":[{"href":"https:\/\/www.3p-gmbh.de\/pt-br\/wp-json\/wp\/v2\/product"}],"about":[{"href":"https:\/\/www.3p-gmbh.de\/pt-br\/wp-json\/wp\/v2\/types\/product"}],"wp:featuredmedia":[{"embeddable":true,"href":"https:\/\/www.3p-gmbh.de\/pt-br\/wp-json\/wp\/v2\/media\/81733"}],"wp:attachment":[{"href":"https:\/\/www.3p-gmbh.de\/pt-br\/wp-json\/wp\/v2\/media?parent=89859"}],"wp:term":[{"taxonomy":"product_brand","embeddable":true,"href":"https:\/\/www.3p-gmbh.de\/pt-br\/wp-json\/wp\/v2\/product_brand?post=89859"},{"taxonomy":"product_cat","embeddable":true,"href":"https:\/\/www.3p-gmbh.de\/pt-br\/wp-json\/wp\/v2\/product_cat?post=89859"},{"taxonomy":"product_tag","embeddable":true,"href":"https:\/\/www.3p-gmbh.de\/pt-br\/wp-json\/wp\/v2\/product_tag?post=89859"}],"curies":[{"name":"wp","href":"https:\/\/api.w.org\/{rel}","templated":true}]}}