{"id":89857,"date":"2021-10-06T08:59:55","date_gmt":"2021-10-06T08:59:55","guid":{"rendered":"https:\/\/www.3p-gmbh.de\/produkt\/fornecimento-de-prensa-vertical-de-folhas-mbo-sbap-46-me\/"},"modified":"2021-10-06T08:59:55","modified_gmt":"2021-10-06T08:59:55","slug":"arco-de-pe-imprensa-de-entrega-mbo-sbap-46-me","status":"publish","type":"product","link":"https:\/\/www.3p-gmbh.de\/pt-br\/produkt\/arco-de-pe-imprensa-de-entrega-mbo-sbap-46-me\/","title":{"rendered":"Fornecimento de prensa vertical de folhas MBO SBAP 46 ME"},"content":{"rendered":"<p><strong>Entrega vertical de folhas MBO SBAP 46 ME<br \/>\n<\/strong>com dispositivo de marca\u00e7\u00e3o<br \/>\ndo ano. 2003<br \/>\nFicha de liga\u00e7\u00e3o de 28 p\u00f3los<\/p>\n","protected":false},"excerpt":{"rendered":"<p>Entrega vertical de folhas MBO SBAP 46 ME com dispositivo de marca\u00e7\u00e3o do ano. 2003 Ficha de liga\u00e7\u00e3o de 28 p\u00f3los<\/p>\n","protected":false},"featured_media":81697,"template":"","meta":[],"product_brand":[],"product_cat":[2919],"product_tag":[],"class_list":{"0":"post-89857","1":"product","2":"type-product","3":"status-publish","4":"has-post-thumbnail","6":"product_cat-despesas","7":"pa_hersteller-mbo","8":"pa_typ-sbap-46-me","10":"first","11":"instock","12":"taxable","13":"shipping-taxable","14":"product-type-simple"},"jetpack_sharing_enabled":true,"_links":{"self":[{"href":"https:\/\/www.3p-gmbh.de\/pt-br\/wp-json\/wp\/v2\/product\/89857","targetHints":{"allow":["GET"]}}],"collection":[{"href":"https:\/\/www.3p-gmbh.de\/pt-br\/wp-json\/wp\/v2\/product"}],"about":[{"href":"https:\/\/www.3p-gmbh.de\/pt-br\/wp-json\/wp\/v2\/types\/product"}],"wp:featuredmedia":[{"embeddable":true,"href":"https:\/\/www.3p-gmbh.de\/pt-br\/wp-json\/wp\/v2\/media\/81697"}],"wp:attachment":[{"href":"https:\/\/www.3p-gmbh.de\/pt-br\/wp-json\/wp\/v2\/media?parent=89857"}],"wp:term":[{"taxonomy":"product_brand","embeddable":true,"href":"https:\/\/www.3p-gmbh.de\/pt-br\/wp-json\/wp\/v2\/product_brand?post=89857"},{"taxonomy":"product_cat","embeddable":true,"href":"https:\/\/www.3p-gmbh.de\/pt-br\/wp-json\/wp\/v2\/product_cat?post=89857"},{"taxonomy":"product_tag","embeddable":true,"href":"https:\/\/www.3p-gmbh.de\/pt-br\/wp-json\/wp\/v2\/product_tag?post=89857"}],"curies":[{"name":"wp","href":"https:\/\/api.w.org\/{rel}","templated":true}]}}