{"id":89856,"date":"2021-10-06T08:56:12","date_gmt":"2021-10-06T08:56:12","guid":{"rendered":"https:\/\/www.3p-gmbh.de\/produkt\/peca-sobressalente-heidelberg-fj-0730045-00-sensor-de-reflexao-difusa-pepperlfuchs\/"},"modified":"2021-10-06T08:56:12","modified_gmt":"2021-10-06T08:56:12","slug":"heidelberg-spare-part-fj-0730045-00-reflex-light-button-pepperlfuchs","status":"publish","type":"product","link":"https:\/\/www.3p-gmbh.de\/pt-br\/produkt\/heidelberg-spare-part-fj-0730045-00-reflex-light-button-pepperlfuchs\/","title":{"rendered":"Pe\u00e7a sobressalente Heidelberg FJ.0730045 00 Sensor de reflex\u00e3o difusa Pepperl+Fuchs"},"content":{"rendered":"<p><strong>Pe\u00e7a sobressalente Heidelberg FJ.0730045 00 Sensor de reflex\u00e3o difusa Pepperl+Fuchs  <\/strong><\/p>\n","protected":false},"excerpt":{"rendered":"<p>Pe\u00e7a sobressalente Heidelberg FJ.0730045 00 Sensor de reflex\u00e3o difusa Pepperl+Fuchs<\/p>\n","protected":false},"featured_media":81694,"template":"","meta":[],"product_brand":[],"product_cat":[2882,2877],"product_tag":[],"class_list":{"0":"post-89856","1":"product","2":"type-product","3":"status-publish","4":"has-post-thumbnail","6":"product_cat-acessorios-para-maquinas-de-dobrar","7":"product_cat-equipamento-de-oficina","8":"pa_hersteller-heidelberg","10":"first","11":"instock","12":"taxable","13":"shipping-taxable","14":"product-type-simple"},"jetpack_sharing_enabled":true,"_links":{"self":[{"href":"https:\/\/www.3p-gmbh.de\/pt-br\/wp-json\/wp\/v2\/product\/89856","targetHints":{"allow":["GET"]}}],"collection":[{"href":"https:\/\/www.3p-gmbh.de\/pt-br\/wp-json\/wp\/v2\/product"}],"about":[{"href":"https:\/\/www.3p-gmbh.de\/pt-br\/wp-json\/wp\/v2\/types\/product"}],"wp:featuredmedia":[{"embeddable":true,"href":"https:\/\/www.3p-gmbh.de\/pt-br\/wp-json\/wp\/v2\/media\/81694"}],"wp:attachment":[{"href":"https:\/\/www.3p-gmbh.de\/pt-br\/wp-json\/wp\/v2\/media?parent=89856"}],"wp:term":[{"taxonomy":"product_brand","embeddable":true,"href":"https:\/\/www.3p-gmbh.de\/pt-br\/wp-json\/wp\/v2\/product_brand?post=89856"},{"taxonomy":"product_cat","embeddable":true,"href":"https:\/\/www.3p-gmbh.de\/pt-br\/wp-json\/wp\/v2\/product_cat?post=89856"},{"taxonomy":"product_tag","embeddable":true,"href":"https:\/\/www.3p-gmbh.de\/pt-br\/wp-json\/wp\/v2\/product_tag?post=89856"}],"curies":[{"name":"wp","href":"https:\/\/api.w.org\/{rel}","templated":true}]}}