{"id":89849,"date":"2023-01-04T22:42:25","date_gmt":"2023-01-04T22:42:25","guid":{"rendered":"https:\/\/www.3p-gmbh.de\/produkt\/puncao-duplo-bograma-bs-eco-350-160-15\/"},"modified":"2023-08-24T17:42:35","modified_gmt":"2023-08-24T17:42:35","slug":"doppelstanze-bograma-bs-eco-350-160-15","status":"publish","type":"product","link":"https:\/\/www.3p-gmbh.de\/pt-br\/produkt\/doppelstanze-bograma-bs-eco-350-160-15\/","title":{"rendered":"Pun\u00e7\u00e3o duplo Bograma BS Eco 350-160-15"},"content":{"rendered":"<p><strong>Pun\u00e7\u00e3o de ponte dupla BS Eco 350-160-15<\/strong><br \/>\n<strong>a partir de 2007<\/strong><\/p>\n<p><em>Constitu\u00eddo por<\/em><\/p>\n<p>1 mesa de alimenta\u00e7\u00e3o com corte em linha da cabe\u00e7a ou do p\u00e9<br \/>\ne depois<br \/>\n2 Corte de separa\u00e7\u00e3o para utiliza\u00e7\u00e3o m\u00faltipla<\/p>\n<p>uma entrega longa de um barrac\u00e3o SAB 550 para utiliza\u00e7\u00e3o m\u00faltipla<\/p>\n","protected":false},"excerpt":{"rendered":"<p>Pun\u00e7\u00e3o de ponte dupla BS Eco 350-160-15 a partir de 2007 Constitu\u00eddo por 1 mesa de alimenta\u00e7\u00e3o com corte em linha da cabe\u00e7a ou do p\u00e9 e depois 2 Corte de separa\u00e7\u00e3o para utiliza\u00e7\u00e3o m\u00faltipla uma entrega longa de um barrac\u00e3o SAB 550 para utiliza\u00e7\u00e3o m\u00faltipla<\/p>\n","protected":false},"featured_media":84997,"template":"","meta":[],"product_brand":[],"product_cat":[2906],"product_tag":[],"class_list":{"0":"post-89849","1":"product","2":"type-product","3":"status-publish","4":"has-post-thumbnail","6":"product_cat-perfuracao","7":"pa_hersteller-bograma","8":"pa_typ-bs-eco-350-160-15","10":"first","11":"instock","12":"taxable","13":"shipping-taxable","14":"product-type-simple"},"jetpack_sharing_enabled":true,"_links":{"self":[{"href":"https:\/\/www.3p-gmbh.de\/pt-br\/wp-json\/wp\/v2\/product\/89849","targetHints":{"allow":["GET"]}}],"collection":[{"href":"https:\/\/www.3p-gmbh.de\/pt-br\/wp-json\/wp\/v2\/product"}],"about":[{"href":"https:\/\/www.3p-gmbh.de\/pt-br\/wp-json\/wp\/v2\/types\/product"}],"wp:featuredmedia":[{"embeddable":true,"href":"https:\/\/www.3p-gmbh.de\/pt-br\/wp-json\/wp\/v2\/media\/84997"}],"wp:attachment":[{"href":"https:\/\/www.3p-gmbh.de\/pt-br\/wp-json\/wp\/v2\/media?parent=89849"}],"wp:term":[{"taxonomy":"product_brand","embeddable":true,"href":"https:\/\/www.3p-gmbh.de\/pt-br\/wp-json\/wp\/v2\/product_brand?post=89849"},{"taxonomy":"product_cat","embeddable":true,"href":"https:\/\/www.3p-gmbh.de\/pt-br\/wp-json\/wp\/v2\/product_cat?post=89849"},{"taxonomy":"product_tag","embeddable":true,"href":"https:\/\/www.3p-gmbh.de\/pt-br\/wp-json\/wp\/v2\/product_tag?post=89849"}],"curies":[{"name":"wp","href":"https:\/\/api.w.org\/{rel}","templated":true}]}}