{"id":89837,"date":"2021-10-15T20:53:44","date_gmt":"2021-10-15T20:53:44","guid":{"rendered":"https:\/\/www.3p-gmbh.de\/produkt\/correia-mbo-numero-de-peca-17-2202-00\/"},"modified":"2021-10-15T20:53:44","modified_gmt":"2021-10-15T20:53:44","slug":"riemen-mbo-teilenummer-17-2202-00","status":"publish","type":"product","link":"https:\/\/www.3p-gmbh.de\/pt-br\/produkt\/riemen-mbo-teilenummer-17-2202-00\/","title":{"rendered":"Correia MBO n\u00famero de pe\u00e7a 17.2202.00"},"content":{"rendered":"<div><strong>Correia MBO n\u00famero de pe\u00e7a 17.2202.00<\/strong><\/div>\n<div><\/div>\n<div>para m\u00e1quinas de dobrar MBO Correias de alimenta\u00e7\u00e3o por aspira\u00e7\u00e3o Vacubelt<\/div>\n","protected":false},"excerpt":{"rendered":"<p>Correia MBO n\u00famero de pe\u00e7a 17.2202.00 para m\u00e1quinas de dobrar MBO Correias de alimenta\u00e7\u00e3o por aspira\u00e7\u00e3o Vacubelt<\/p>\n","protected":false},"featured_media":81877,"template":"","meta":[],"product_brand":[],"product_cat":[2882],"product_tag":[],"class_list":{"0":"post-89837","1":"product","2":"type-product","3":"status-publish","4":"has-post-thumbnail","6":"product_cat-acessorios-para-maquinas-de-dobrar","7":"pa_hersteller-mbo","9":"first","10":"instock","11":"taxable","12":"shipping-taxable","13":"product-type-simple"},"jetpack_sharing_enabled":true,"_links":{"self":[{"href":"https:\/\/www.3p-gmbh.de\/pt-br\/wp-json\/wp\/v2\/product\/89837","targetHints":{"allow":["GET"]}}],"collection":[{"href":"https:\/\/www.3p-gmbh.de\/pt-br\/wp-json\/wp\/v2\/product"}],"about":[{"href":"https:\/\/www.3p-gmbh.de\/pt-br\/wp-json\/wp\/v2\/types\/product"}],"wp:featuredmedia":[{"embeddable":true,"href":"https:\/\/www.3p-gmbh.de\/pt-br\/wp-json\/wp\/v2\/media\/81877"}],"wp:attachment":[{"href":"https:\/\/www.3p-gmbh.de\/pt-br\/wp-json\/wp\/v2\/media?parent=89837"}],"wp:term":[{"taxonomy":"product_brand","embeddable":true,"href":"https:\/\/www.3p-gmbh.de\/pt-br\/wp-json\/wp\/v2\/product_brand?post=89837"},{"taxonomy":"product_cat","embeddable":true,"href":"https:\/\/www.3p-gmbh.de\/pt-br\/wp-json\/wp\/v2\/product_cat?post=89837"},{"taxonomy":"product_tag","embeddable":true,"href":"https:\/\/www.3p-gmbh.de\/pt-br\/wp-json\/wp\/v2\/product_tag?post=89837"}],"curies":[{"name":"wp","href":"https:\/\/api.w.org\/{rel}","templated":true}]}}