{"id":89818,"date":"2021-10-15T21:17:02","date_gmt":"2021-10-15T21:17:02","guid":{"rendered":"https:\/\/www.3p-gmbh.de\/produkt\/anel-de-assento-leibinger-para-unidades-de-numeracao-heidelberg-speedmaster-sm-52-ou-gto\/"},"modified":"2021-10-15T21:17:02","modified_gmt":"2021-10-15T21:17:02","slug":"anel-de-assento-leibinger-para-maquinas-de-numeracao-heidelberg-speedmaster-sm-52-ou-gto","status":"publish","type":"product","link":"https:\/\/www.3p-gmbh.de\/pt-br\/produkt\/anel-de-assento-leibinger-para-maquinas-de-numeracao-heidelberg-speedmaster-sm-52-ou-gto\/","title":{"rendered":"Anel de assento Leibinger para unidades de numera\u00e7\u00e3o Heidelberg Speedmaster SM 52 ou GTO"},"content":{"rendered":"<p><strong>Anel de assento Leibinger para unidades de numera\u00e7\u00e3o Heidelberg Speedmaster SM 52 ou GTO<\/strong><\/p>\n<p>novo, original<br \/>\nEmbalado contra a corros\u00e3o<\/p>\n","protected":false},"excerpt":{"rendered":"<p>Anel de assento Leibinger para unidades de numera\u00e7\u00e3o Heidelberg Speedmaster SM 52 ou GTO novo, original Embalado contra a corros\u00e3o<\/p>\n","protected":false},"featured_media":81991,"template":"","meta":[],"product_brand":[],"product_cat":[2898],"product_tag":[],"class_list":{"0":"post-89818","1":"product","2":"type-product","3":"status-publish","4":"has-post-thumbnail","6":"product_cat-acessorios-e-pecas-sobressalentes-para-prensas","7":"pa_hersteller-leibinger","9":"first","10":"instock","11":"taxable","12":"shipping-taxable","13":"product-type-simple"},"jetpack_sharing_enabled":true,"_links":{"self":[{"href":"https:\/\/www.3p-gmbh.de\/pt-br\/wp-json\/wp\/v2\/product\/89818","targetHints":{"allow":["GET"]}}],"collection":[{"href":"https:\/\/www.3p-gmbh.de\/pt-br\/wp-json\/wp\/v2\/product"}],"about":[{"href":"https:\/\/www.3p-gmbh.de\/pt-br\/wp-json\/wp\/v2\/types\/product"}],"wp:featuredmedia":[{"embeddable":true,"href":"https:\/\/www.3p-gmbh.de\/pt-br\/wp-json\/wp\/v2\/media\/81991"}],"wp:attachment":[{"href":"https:\/\/www.3p-gmbh.de\/pt-br\/wp-json\/wp\/v2\/media?parent=89818"}],"wp:term":[{"taxonomy":"product_brand","embeddable":true,"href":"https:\/\/www.3p-gmbh.de\/pt-br\/wp-json\/wp\/v2\/product_brand?post=89818"},{"taxonomy":"product_cat","embeddable":true,"href":"https:\/\/www.3p-gmbh.de\/pt-br\/wp-json\/wp\/v2\/product_cat?post=89818"},{"taxonomy":"product_tag","embeddable":true,"href":"https:\/\/www.3p-gmbh.de\/pt-br\/wp-json\/wp\/v2\/product_tag?post=89818"}],"curies":[{"name":"wp","href":"https:\/\/api.w.org\/{rel}","templated":true}]}}