{"id":89817,"date":"2021-10-15T21:25:06","date_gmt":"2021-10-15T21:25:06","guid":{"rendered":"https:\/\/www.3p-gmbh.de\/produkt\/tiras-de-insercao-para-maquina-de-contagem-josef-foellmer-ou-vacuumatic-vicount\/"},"modified":"2021-10-15T21:25:06","modified_gmt":"2021-10-15T21:25:06","slug":"fitas-de-insercao-para-maquinas-de-contar-josef-foellmer-ou-vacuumatic-vicount-counting-machine","status":"publish","type":"product","link":"https:\/\/www.3p-gmbh.de\/pt-br\/produkt\/fitas-de-insercao-para-maquinas-de-contar-josef-foellmer-ou-vacuumatic-vicount-counting-machine\/","title":{"rendered":"Tiras de inser\u00e7\u00e3o para m\u00e1quina de contagem Josef Foellmer ou Vacuumatic Vicount"},"content":{"rendered":"<p><strong>Tiras de inser\u00e7\u00e3o para m\u00e1quina de contagem Josef Foellmer ou Vacuumatic Vicount<\/strong><\/p>\n<p>Papel ZM GREEN 230g\/m\u00b2<br \/>\nB: 6,3mm L: 65m Di\u00e2metro exterior: 150mm<br \/>\nManga: \u00d8 aprox. 25 mm<\/p>\n","protected":false},"excerpt":{"rendered":"<p>Tiras de inser\u00e7\u00e3o para m\u00e1quina de contagem Josef Foellmer ou Vacuumatic Vicount Papel ZM GREEN 230g\/m\u00b2 B: 6,3mm L: 65m Di\u00e2metro exterior: 150mm Manga: \u00d8 aprox. 25 mm<\/p>\n","protected":false},"featured_media":82006,"template":"","meta":[],"product_brand":[],"product_cat":[3001],"product_tag":[],"class_list":{"0":"post-89817","1":"product","2":"type-product","3":"status-publish","4":"has-post-thumbnail","6":"product_cat-maquinas-de-contagem-de-papel","8":"first","9":"instock","10":"taxable","11":"shipping-taxable","12":"product-type-simple"},"jetpack_sharing_enabled":true,"_links":{"self":[{"href":"https:\/\/www.3p-gmbh.de\/pt-br\/wp-json\/wp\/v2\/product\/89817","targetHints":{"allow":["GET"]}}],"collection":[{"href":"https:\/\/www.3p-gmbh.de\/pt-br\/wp-json\/wp\/v2\/product"}],"about":[{"href":"https:\/\/www.3p-gmbh.de\/pt-br\/wp-json\/wp\/v2\/types\/product"}],"wp:featuredmedia":[{"embeddable":true,"href":"https:\/\/www.3p-gmbh.de\/pt-br\/wp-json\/wp\/v2\/media\/82006"}],"wp:attachment":[{"href":"https:\/\/www.3p-gmbh.de\/pt-br\/wp-json\/wp\/v2\/media?parent=89817"}],"wp:term":[{"taxonomy":"product_brand","embeddable":true,"href":"https:\/\/www.3p-gmbh.de\/pt-br\/wp-json\/wp\/v2\/product_brand?post=89817"},{"taxonomy":"product_cat","embeddable":true,"href":"https:\/\/www.3p-gmbh.de\/pt-br\/wp-json\/wp\/v2\/product_cat?post=89817"},{"taxonomy":"product_tag","embeddable":true,"href":"https:\/\/www.3p-gmbh.de\/pt-br\/wp-json\/wp\/v2\/product_tag?post=89817"}],"curies":[{"name":"wp","href":"https:\/\/api.w.org\/{rel}","templated":true}]}}