{"id":89816,"date":"2021-10-15T21:24:09","date_gmt":"2021-10-15T21:24:09","guid":{"rendered":"https:\/\/www.3p-gmbh.de\/produkt\/tiras-de-insercao-para-maquinas-de-insercao-de-tiras-vacuumatic-modelo-cuti-e-cuti-2-tiras-de-insercao-castanhas\/"},"modified":"2021-10-15T21:24:09","modified_gmt":"2021-10-15T21:24:09","slug":"tiras-de-disparo-para-tiras-vacuaticas-modelo-de-disparo-cuti-e-cuti-2-tiras-de-disparo-castanho","status":"publish","type":"product","link":"https:\/\/www.3p-gmbh.de\/pt-br\/produkt\/tiras-de-disparo-para-tiras-vacuaticas-modelo-de-disparo-cuti-e-cuti-2-tiras-de-disparo-castanho\/","title":{"rendered":"Tiras de inser\u00e7\u00e3o para m\u00e1quinas de inser\u00e7\u00e3o de tiras Vacuumatic modelo CUTI e Cuti 2 Tiras de inser\u00e7\u00e3o (castanhas)"},"content":{"rendered":"<p><strong>Tiras de inser\u00e7\u00e3o para m\u00e1quinas de inser\u00e7\u00e3o de tiras Vacuumatic modelo CUTI e Cuti 2 <\/strong><strong>Tiras de inser\u00e7\u00e3o (castanhas)<\/strong><\/p>\n<p>Papel 185g\/m\u00b2<br \/>\nB: 13mm L: 110-115m de comprimento Di\u00e2metro exterior, m\u00e1x. 215 mm<br \/>\nManga \u00d8 76mm<\/p>\n","protected":false},"excerpt":{"rendered":"<p>Tiras de inser\u00e7\u00e3o para m\u00e1quinas de inser\u00e7\u00e3o de tiras Vacuumatic modelo CUTI e Cuti 2 Tiras de inser\u00e7\u00e3o (castanhas) Papel 185g\/m\u00b2 B: 13mm L: 110-115m de comprimento Di\u00e2metro exterior, m\u00e1x. 215 mm Manga \u00d8 76mm<\/p>\n","protected":false},"featured_media":82003,"template":"","meta":[],"product_brand":[],"product_cat":[3001],"product_tag":[],"class_list":{"0":"post-89816","1":"product","2":"type-product","3":"status-publish","4":"has-post-thumbnail","6":"product_cat-maquinas-de-contagem-de-papel","8":"first","9":"instock","10":"taxable","11":"shipping-taxable","12":"product-type-simple"},"jetpack_sharing_enabled":true,"_links":{"self":[{"href":"https:\/\/www.3p-gmbh.de\/pt-br\/wp-json\/wp\/v2\/product\/89816","targetHints":{"allow":["GET"]}}],"collection":[{"href":"https:\/\/www.3p-gmbh.de\/pt-br\/wp-json\/wp\/v2\/product"}],"about":[{"href":"https:\/\/www.3p-gmbh.de\/pt-br\/wp-json\/wp\/v2\/types\/product"}],"wp:featuredmedia":[{"embeddable":true,"href":"https:\/\/www.3p-gmbh.de\/pt-br\/wp-json\/wp\/v2\/media\/82003"}],"wp:attachment":[{"href":"https:\/\/www.3p-gmbh.de\/pt-br\/wp-json\/wp\/v2\/media?parent=89816"}],"wp:term":[{"taxonomy":"product_brand","embeddable":true,"href":"https:\/\/www.3p-gmbh.de\/pt-br\/wp-json\/wp\/v2\/product_brand?post=89816"},{"taxonomy":"product_cat","embeddable":true,"href":"https:\/\/www.3p-gmbh.de\/pt-br\/wp-json\/wp\/v2\/product_cat?post=89816"},{"taxonomy":"product_tag","embeddable":true,"href":"https:\/\/www.3p-gmbh.de\/pt-br\/wp-json\/wp\/v2\/product_tag?post=89816"}],"curies":[{"name":"wp","href":"https:\/\/api.w.org\/{rel}","templated":true}]}}