{"id":89782,"date":"2021-10-15T21:53:16","date_gmt":"2021-10-15T21:53:16","guid":{"rendered":"https:\/\/www.3p-gmbh.de\/produkt\/cintas-para-encomendas-em-transito-de-grandes-dimensoes-modelo-8601\/"},"modified":"2021-10-15T21:53:16","modified_gmt":"2021-10-15T21:53:16","slug":"grande-grande-transit-package-strapping-model-8601","status":"publish","type":"product","link":"https:\/\/www.3p-gmbh.de\/pt-br\/produkt\/grande-grande-transit-package-strapping-model-8601\/","title":{"rendered":"Cintas para encomendas em tr\u00e2nsito de grandes dimens\u00f5es Modelo 8601"},"content":{"rendered":"<p><strong>Cintas para encomendas em tr\u00e2nsito de grandes dimens\u00f5es Modelo 8601<\/strong><br \/>\nem 2007 Azul<\/p>\n","protected":false},"excerpt":{"rendered":"<p>Cintas para encomendas em tr\u00e2nsito de grandes dimens\u00f5es Modelo 8601 em 2007 Azul<\/p>\n","protected":false},"featured_media":89784,"template":"","meta":[],"product_brand":[],"product_cat":[3004],"product_tag":[],"class_list":{"0":"post-89782","1":"product","2":"type-product","3":"status-publish","4":"has-post-thumbnail","6":"product_cat-maquinas-de-cintar","7":"pa_baujahr-2303","8":"pa_typ-2302","10":"first","11":"instock","12":"taxable","13":"shipping-taxable","14":"product-type-simple"},"jetpack_sharing_enabled":true,"_links":{"self":[{"href":"https:\/\/www.3p-gmbh.de\/pt-br\/wp-json\/wp\/v2\/product\/89782","targetHints":{"allow":["GET"]}}],"collection":[{"href":"https:\/\/www.3p-gmbh.de\/pt-br\/wp-json\/wp\/v2\/product"}],"about":[{"href":"https:\/\/www.3p-gmbh.de\/pt-br\/wp-json\/wp\/v2\/types\/product"}],"wp:featuredmedia":[{"embeddable":true,"href":"https:\/\/www.3p-gmbh.de\/pt-br\/wp-json\/wp\/v2\/media\/89784"}],"wp:attachment":[{"href":"https:\/\/www.3p-gmbh.de\/pt-br\/wp-json\/wp\/v2\/media?parent=89782"}],"wp:term":[{"taxonomy":"product_brand","embeddable":true,"href":"https:\/\/www.3p-gmbh.de\/pt-br\/wp-json\/wp\/v2\/product_brand?post=89782"},{"taxonomy":"product_cat","embeddable":true,"href":"https:\/\/www.3p-gmbh.de\/pt-br\/wp-json\/wp\/v2\/product_cat?post=89782"},{"taxonomy":"product_tag","embeddable":true,"href":"https:\/\/www.3p-gmbh.de\/pt-br\/wp-json\/wp\/v2\/product_tag?post=89782"}],"curies":[{"name":"wp","href":"https:\/\/api.w.org\/{rel}","templated":true}]}}