{"id":89771,"date":"2021-10-26T12:56:56","date_gmt":"2021-10-26T12:56:56","guid":{"rendered":"https:\/\/www.3p-gmbh.de\/produkt\/almofada-de-pelucia-cw-22x30-para-lavagem-de-maquinas-de-impressao-adt-nyloprinting-basf-flint-group\/"},"modified":"2021-10-26T12:56:56","modified_gmt":"2021-10-26T12:56:56","slug":"almofada-de-pelucia-cw-22x30-para-sistema-de-impressao-nyloprinting-system-washer-basf-flint-group","status":"publish","type":"product","link":"https:\/\/www.3p-gmbh.de\/pt-br\/produkt\/almofada-de-pelucia-cw-22x30-para-sistema-de-impressao-nyloprinting-system-washer-basf-flint-group\/","title":{"rendered":"Almofada de pel\u00facia CW 22&#215;30 para lavagem de m\u00e1quinas de impress\u00e3o ADT nyloprinting BASF Flint Group"},"content":{"rendered":"<p><strong>Almofada de pel\u00facia CW 22&#215;30 para lavagem de m\u00e1quinas de impress\u00e3o ADT nyloprinting BASF Flint Group<\/strong><\/p>\n","protected":false},"excerpt":{"rendered":"<p>Almofada de pel\u00facia CW 22&#215;30 para lavagem de m\u00e1quinas de impress\u00e3o ADT nyloprinting BASF Flint Group<\/p>\n","protected":false},"featured_media":89770,"template":"","meta":[],"product_brand":[],"product_cat":[3085],"product_tag":[],"class_list":{"0":"post-89771","1":"product","2":"type-product","3":"status-publish","4":"has-post-thumbnail","6":"product_cat-serigrafia-flexografia-e-rotogravura","8":"first","9":"instock","10":"taxable","11":"shipping-taxable","12":"product-type-simple"},"jetpack_sharing_enabled":true,"_links":{"self":[{"href":"https:\/\/www.3p-gmbh.de\/pt-br\/wp-json\/wp\/v2\/product\/89771","targetHints":{"allow":["GET"]}}],"collection":[{"href":"https:\/\/www.3p-gmbh.de\/pt-br\/wp-json\/wp\/v2\/product"}],"about":[{"href":"https:\/\/www.3p-gmbh.de\/pt-br\/wp-json\/wp\/v2\/types\/product"}],"wp:featuredmedia":[{"embeddable":true,"href":"https:\/\/www.3p-gmbh.de\/pt-br\/wp-json\/wp\/v2\/media\/89770"}],"wp:attachment":[{"href":"https:\/\/www.3p-gmbh.de\/pt-br\/wp-json\/wp\/v2\/media?parent=89771"}],"wp:term":[{"taxonomy":"product_brand","embeddable":true,"href":"https:\/\/www.3p-gmbh.de\/pt-br\/wp-json\/wp\/v2\/product_brand?post=89771"},{"taxonomy":"product_cat","embeddable":true,"href":"https:\/\/www.3p-gmbh.de\/pt-br\/wp-json\/wp\/v2\/product_cat?post=89771"},{"taxonomy":"product_tag","embeddable":true,"href":"https:\/\/www.3p-gmbh.de\/pt-br\/wp-json\/wp\/v2\/product_tag?post=89771"}],"curies":[{"name":"wp","href":"https:\/\/api.w.org\/{rel}","templated":true}]}}